{"id":2205,"date":"2018-04-24T15:43:34","date_gmt":"2018-04-24T15:43:34","guid":{"rendered":"https:\/\/bilbaohostel.net\/condiciones-de-la-reserva\/"},"modified":"2018-06-29T13:06:49","modified_gmt":"2018-06-29T13:06:49","slug":"erreserben-baldintzak","status":"publish","type":"page","link":"https:\/\/bilbaohostel.net\/eu\/erreserben-baldintzak\/","title":{"rendered":"Erreserben baldintzak"},"content":{"rendered":"<p>[et_pb_section bb_built=&#8221;1&#8243;][et_pb_row][et_pb_column type=&#8221;4_4&#8243;][et_pb_text _builder_version=&#8221;3.9&#8243;]<\/p>\n<h1>Condiciones de las Reservas en Bilbao Hostel<\/h1>\n<p>[\/et_pb_text][et_pb_text admin_label=&#8221;reserva online&#8221; _builder_version=&#8221;3.0.106&#8243; background_layout=&#8221;light&#8221;]<\/p>\n<h3>Para realizar la reserva online se solicitara el n\u00famero de tarjeta.<\/h3>\n<ul>\n<li><strong>Tarifa general:<\/strong> Esta petici\u00f3n es solo de garant\u00eda y no se cargara ning\u00fan dep\u00f3sito.<\/li>\n<li><strong>Tarifa no reembolsable:<\/strong> Se cargar\u00e1 la totalidad de la reserva.<\/li>\n<\/ul>\n<p>[\/et_pb_text][et_pb_text admin_label=&#8221;Ni\u00f1os y camas supletoria&#8221; _builder_version=&#8221;3.2&#8243;]<\/p>\n<h3 class=\"p1\">Ni\u00f1os y camas supletorias<\/h3>\n<ul>\n<li>1 menor de 2 a\u00f1o(s) se puede alojar en una cuna (previa petici\u00f3n al Hostel).<\/li>\n<li>1 ni\u00f1o de hasta 2 a\u00f1os puede compartir cama con un adulto sin coste extra.<\/li>\n<li>1 ni\u00f1o mayor de esa edad o adulto se puede alojar por el importe de una cama en el mismo tipo de habitaci\u00f3n por persona y noche en una cama supletoria (previa petici\u00f3n al Hostel).<\/li>\n<li>N\u00famero m\u00e1ximo de camas supletorias \/ cunas en la habitaci\u00f3n: 1.<\/li>\n<\/ul>\n<p>[\/et_pb_text][et_pb_text admin_label=&#8221;Cancelaciones&#8221; _builder_version=&#8221;3.0.106&#8243; background_layout=&#8221;light&#8221;]<\/p>\n<h2><b>Cancelaciones<\/b><\/h2>\n<p><strong>\u00a0Tarifa general:<\/strong><\/p>\n<ul>\n<li>Cancelaci\u00f3n GRATUITA antes de 24 horas de la hora de llegada, en este caso el establecimiento no efectuar\u00e1 cargos. Si cancelas o modificas la reserva fuera de plazo o no te presentas, el establecimiento cargar\u00e1 el 100% de la primera noche.<\/li>\n<li>Pago por adelantado: No se cargar\u00e1 ning\u00fan dep\u00f3sito (El n\u00famero de tarjeta es s\u00f3lo de garant\u00eda).<\/li>\n<\/ul>\n<p><strong>Tarifa no reembolsable<\/strong><\/p>\n<ul>\n<li>Si se cancela, modifica o no se presenta se cobrar\u00e1 el precio total de la reserva.<\/li>\n<li>Pago por adelantado: Se cargar\u00e1 por adelantado el importe total en cualquier momento.<\/li>\n<\/ul>\n<p>&nbsp;<\/p>\n<blockquote><p><strong>Impuestos y cargos por servicio: 10% IVA incluido.<\/strong><\/p><\/blockquote>\n<p>[\/et_pb_text][\/et_pb_column][\/et_pb_row][\/et_pb_section]<\/p>\n","protected":false},"excerpt":{"rendered":"<p><div class=\"et_pb_row et_pb_row_0 et_pb_row_empty\">\n\t\t\t\t\n\t\t\t\t\n\t\t\t\t\n\t\t\t\t\n\t\t\t\t\n\t\t\t<\/div> Condiciones de las Reservas en Bilbao Hostel Para realizar la reserva online se solicitara el n\u00famero de tarjeta. Tarifa general: Esta petici\u00f3n es solo de garant\u00eda y no se cargara ning\u00fan dep\u00f3sito. Tarifa no reembolsable: Se cargar\u00e1 la totalidad de la reserva. Ni\u00f1os y camas supletorias 1 menor de 2 a\u00f1o(s) se puede alojar [&hellip;]<\/p>\n","protected":false},"author":3,"featured_media":0,"parent":0,"menu_order":0,"comment_status":"closed","ping_status":"closed","template":"","meta":{"_et_pb_use_builder":"on","_et_pb_old_content":"","_et_gb_content_width":"","_exactmetrics_skip_tracking":false,"_exactmetrics_sitenote_active":false,"_exactmetrics_sitenote_note":"","_exactmetrics_sitenote_category":0,"footnotes":""},"class_list":["post-2205","page","type-page","status-publish","hentry"],"yoast_head":"<!-- This site is optimized with the Yoast SEO plugin v23.2 - https:\/\/yoast.com\/wordpress\/plugins\/seo\/ -->\n<title>Erreserben baldintzak | Bilbao Hostel<\/title>\n<meta name=\"robots\" content=\"noindex, nofollow\" \/>\n<meta property=\"og:locale\" content=\"eu_ES\" \/>\n<meta property=\"og:type\" content=\"article\" \/>\n<meta property=\"og:title\" content=\"Erreserben baldintzak | Bilbao Hostel\" \/>\n<meta property=\"og:description\" content=\"Condiciones de las Reservas en Bilbao Hostel Para realizar la reserva online se solicitara el n\u00famero de tarjeta. Tarifa general: Esta petici\u00f3n es solo de garant\u00eda y no se cargara ning\u00fan dep\u00f3sito. Tarifa no reembolsable: Se cargar\u00e1 la totalidad de la reserva. Ni\u00f1os y camas supletorias 1 menor de 2 a\u00f1o(s) se puede alojar [&hellip;]\" \/>\n<meta property=\"og:url\" content=\"https:\/\/bilbaohostel.net\/eu\/erreserben-baldintzak\/\" \/>\n<meta property=\"og:site_name\" content=\"Bilbao Hostel\" \/>\n<meta property=\"article:publisher\" content=\"https:\/\/www.facebook.com\/BilbaoHostel\" \/>\n<meta property=\"article:modified_time\" content=\"2018-06-29T13:06:49+00:00\" \/>\n<meta property=\"og:image\" content=\"https:\/\/bilbaohostel.net\/wp-content\/uploads\/bilbao-hostel-general.jpg\" \/>\n\t<meta property=\"og:image:width\" content=\"600\" \/>\n\t<meta property=\"og:image:height\" content=\"338\" \/>\n\t<meta property=\"og:image:type\" content=\"image\/jpeg\" \/>\n<meta name=\"twitter:card\" content=\"summary_large_image\" \/>\n<meta name=\"twitter:site\" content=\"@BILBAOHOSTEL\" \/>\n<meta name=\"twitter:label1\" content=\"Est. reading time\" \/>\n\t<meta name=\"twitter:data1\" content=\"2 minutes\" \/>\n<script type=\"application\/ld+json\" class=\"yoast-schema-graph\">{\"@context\":\"https:\/\/schema.org\",\"@graph\":[{\"@type\":\"WebPage\",\"@id\":\"https:\/\/bilbaohostel.net\/eu\/erreserben-baldintzak\/\",\"url\":\"https:\/\/bilbaohostel.net\/eu\/erreserben-baldintzak\/\",\"name\":\"Erreserben baldintzak | Bilbao Hostel\",\"isPartOf\":{\"@id\":\"https:\/\/bilbaohostel.net\/#website\"},\"datePublished\":\"2018-04-24T15:43:34+00:00\",\"dateModified\":\"2018-06-29T13:06:49+00:00\",\"breadcrumb\":{\"@id\":\"https:\/\/bilbaohostel.net\/eu\/erreserben-baldintzak\/#breadcrumb\"},\"inLanguage\":\"eu-ES\",\"potentialAction\":[{\"@type\":\"ReadAction\",\"target\":[\"https:\/\/bilbaohostel.net\/eu\/erreserben-baldintzak\/\"]}]},{\"@type\":\"BreadcrumbList\",\"@id\":\"https:\/\/bilbaohostel.net\/eu\/erreserben-baldintzak\/#breadcrumb\",\"itemListElement\":[{\"@type\":\"ListItem\",\"position\":1,\"name\":\"Portada\",\"item\":\"https:\/\/bilbaohostel.net\/\"},{\"@type\":\"ListItem\",\"position\":2,\"name\":\"Erreserben baldintzak\"}]},{\"@type\":\"WebSite\",\"@id\":\"https:\/\/bilbaohostel.net\/#website\",\"url\":\"https:\/\/bilbaohostel.net\/\",\"name\":\"Bilbao Hostel\",\"description\":\"Bilbon ostatua\",\"publisher\":{\"@id\":\"https:\/\/bilbaohostel.net\/#organization\"},\"potentialAction\":[{\"@type\":\"SearchAction\",\"target\":{\"@type\":\"EntryPoint\",\"urlTemplate\":\"https:\/\/bilbaohostel.net\/?s={search_term_string}\"},\"query-input\":\"required name=search_term_string\"}],\"inLanguage\":\"eu-ES\"},{\"@type\":\"Organization\",\"@id\":\"https:\/\/bilbaohostel.net\/#organization\",\"name\":\"Bilbao Hostel\",\"url\":\"https:\/\/bilbaohostel.net\/\",\"logo\":{\"@type\":\"ImageObject\",\"inLanguage\":\"eu-ES\",\"@id\":\"https:\/\/bilbaohostel.net\/#\/schema\/logo\/image\/\",\"url\":\"https:\/\/bilbaohostel.net\/wp-content\/uploads\/Bilbao-Hostel-icon.png\",\"contentUrl\":\"https:\/\/bilbaohostel.net\/wp-content\/uploads\/Bilbao-Hostel-icon.png\",\"width\":512,\"height\":512,\"caption\":\"Bilbao Hostel\"},\"image\":{\"@id\":\"https:\/\/bilbaohostel.net\/#\/schema\/logo\/image\/\"},\"sameAs\":[\"https:\/\/www.facebook.com\/BilbaoHostel\",\"https:\/\/x.com\/BILBAOHOSTEL\",\"https:\/\/www.instagram.com\/bilbaohostel\/\",\"https:\/\/www.youtube.com\/channel\/UCK1NrHb2a_ktm6cBDwcANaA\"]}]}<\/script>\n<!-- \/ Yoast SEO plugin. -->","yoast_head_json":{"title":"Erreserben baldintzak | Bilbao Hostel","robots":{"index":"noindex","follow":"nofollow"},"og_locale":"eu_ES","og_type":"article","og_title":"Erreserben baldintzak | Bilbao Hostel","og_description":"Condiciones de las Reservas en Bilbao Hostel Para realizar la reserva online se solicitara el n\u00famero de tarjeta. Tarifa general: Esta petici\u00f3n es solo de garant\u00eda y no se cargara ning\u00fan dep\u00f3sito. Tarifa no reembolsable: Se cargar\u00e1 la totalidad de la reserva. Ni\u00f1os y camas supletorias 1 menor de 2 a\u00f1o(s) se puede alojar [&hellip;]","og_url":"https:\/\/bilbaohostel.net\/eu\/erreserben-baldintzak\/","og_site_name":"Bilbao Hostel","article_publisher":"https:\/\/www.facebook.com\/BilbaoHostel","article_modified_time":"2018-06-29T13:06:49+00:00","og_image":[{"width":600,"height":338,"url":"https:\/\/bilbaohostel.net\/wp-content\/uploads\/bilbao-hostel-general.jpg","type":"image\/jpeg"}],"twitter_card":"summary_large_image","twitter_site":"@BILBAOHOSTEL","twitter_misc":{"Est. reading time":"2 minutes"},"schema":{"@context":"https:\/\/schema.org","@graph":[{"@type":"WebPage","@id":"https:\/\/bilbaohostel.net\/eu\/erreserben-baldintzak\/","url":"https:\/\/bilbaohostel.net\/eu\/erreserben-baldintzak\/","name":"Erreserben baldintzak | Bilbao Hostel","isPartOf":{"@id":"https:\/\/bilbaohostel.net\/#website"},"datePublished":"2018-04-24T15:43:34+00:00","dateModified":"2018-06-29T13:06:49+00:00","breadcrumb":{"@id":"https:\/\/bilbaohostel.net\/eu\/erreserben-baldintzak\/#breadcrumb"},"inLanguage":"eu-ES","potentialAction":[{"@type":"ReadAction","target":["https:\/\/bilbaohostel.net\/eu\/erreserben-baldintzak\/"]}]},{"@type":"BreadcrumbList","@id":"https:\/\/bilbaohostel.net\/eu\/erreserben-baldintzak\/#breadcrumb","itemListElement":[{"@type":"ListItem","position":1,"name":"Portada","item":"https:\/\/bilbaohostel.net\/"},{"@type":"ListItem","position":2,"name":"Erreserben baldintzak"}]},{"@type":"WebSite","@id":"https:\/\/bilbaohostel.net\/#website","url":"https:\/\/bilbaohostel.net\/","name":"Bilbao Hostel","description":"Bilbon ostatua","publisher":{"@id":"https:\/\/bilbaohostel.net\/#organization"},"potentialAction":[{"@type":"SearchAction","target":{"@type":"EntryPoint","urlTemplate":"https:\/\/bilbaohostel.net\/?s={search_term_string}"},"query-input":"required name=search_term_string"}],"inLanguage":"eu-ES"},{"@type":"Organization","@id":"https:\/\/bilbaohostel.net\/#organization","name":"Bilbao Hostel","url":"https:\/\/bilbaohostel.net\/","logo":{"@type":"ImageObject","inLanguage":"eu-ES","@id":"https:\/\/bilbaohostel.net\/#\/schema\/logo\/image\/","url":"https:\/\/bilbaohostel.net\/wp-content\/uploads\/Bilbao-Hostel-icon.png","contentUrl":"https:\/\/bilbaohostel.net\/wp-content\/uploads\/Bilbao-Hostel-icon.png","width":512,"height":512,"caption":"Bilbao Hostel"},"image":{"@id":"https:\/\/bilbaohostel.net\/#\/schema\/logo\/image\/"},"sameAs":["https:\/\/www.facebook.com\/BilbaoHostel","https:\/\/x.com\/BILBAOHOSTEL","https:\/\/www.instagram.com\/bilbaohostel\/","https:\/\/www.youtube.com\/channel\/UCK1NrHb2a_ktm6cBDwcANaA"]}]}},"_links":{"self":[{"href":"https:\/\/bilbaohostel.net\/eu\/wp-json\/wp\/v2\/pages\/2205"}],"collection":[{"href":"https:\/\/bilbaohostel.net\/eu\/wp-json\/wp\/v2\/pages"}],"about":[{"href":"https:\/\/bilbaohostel.net\/eu\/wp-json\/wp\/v2\/types\/page"}],"author":[{"embeddable":true,"href":"https:\/\/bilbaohostel.net\/eu\/wp-json\/wp\/v2\/users\/3"}],"replies":[{"embeddable":true,"href":"https:\/\/bilbaohostel.net\/eu\/wp-json\/wp\/v2\/comments?post=2205"}],"version-history":[{"count":0,"href":"https:\/\/bilbaohostel.net\/eu\/wp-json\/wp\/v2\/pages\/2205\/revisions"}],"wp:attachment":[{"href":"https:\/\/bilbaohostel.net\/eu\/wp-json\/wp\/v2\/media?parent=2205"}],"curies":[{"name":"wp","href":"https:\/\/api.w.org\/{rel}","templated":true}]}}