{"id":2232,"date":"2018-03-26T10:51:59","date_gmt":"2018-03-26T08:51:59","guid":{"rendered":"https:\/\/bilbaohostel.net\/contacto-de-bilbao-hostel\/"},"modified":"2020-09-16T15:14:17","modified_gmt":"2020-09-16T13:14:17","slug":"bilbao-hosteleko-kontaktua","status":"publish","type":"page","link":"https:\/\/bilbaohostel.net\/eu\/bilbao-hosteleko-kontaktua\/","title":{"rendered":"Bilbao Hosteleko kontaktua"},"content":{"rendered":"<p>[et_pb_section bb_built=&#8221;1&#8243; _builder_version=&#8221;3.9&#8243; use_background_color_gradient=&#8221;on&#8221; background_color_gradient_start=&#8221;rgba(0,0,0,0.4)&#8221; background_color_gradient_end=&#8221;rgba(0,0,0,0.3)&#8221; background_color_gradient_overlays_image=&#8221;on&#8221; background_image=&#8221;https:\/\/bilbaohostel.net\/wp-content\/uploads\/fachada-bilbao-hostel.jpg&#8221; custom_padding=&#8221;||0px|&#8221; next_background_color=&#8221;#ffffff&#8221;][et_pb_row _builder_version=&#8221;3.0.106&#8243;][et_pb_column type=&#8221;4_4&#8243;][et_pb_text admin_label=&#8221;Titulo&#8221; _builder_version=&#8221;3.2.1&#8243; text_font_size=&#8221;20px&#8221; header_font=&#8221;|800||on|||||&#8221; header_text_align=&#8221;center&#8221; header_font_size=&#8221;36px&#8221; header_font_size_tablet=&#8221;33px&#8221; header_font_size_phone=&#8221;30px&#8221; header_font_size_last_edited=&#8221;on|tablet&#8221; header_text_shadow_style=&#8221;preset1&#8243; text_orientation=&#8221;center&#8221; background_layout=&#8221;dark&#8221;]<\/p>\n<h1>BILBAO HOSTELEKO KONTAKTUA<\/h1>\n<p>Konta iezaguzu behar duzuna<\/p>\n<p>[\/et_pb_text][\/et_pb_column][\/et_pb_row][\/et_pb_section][et_pb_section bb_built=&#8221;1&#8243; specialty=&#8221;off&#8221; next_background_color=&#8221;#000000&#8243; _builder_version=&#8221;3.21.1&#8243; custom_margin=&#8221;0px|0px|0px|0px&#8221; custom_padding=&#8221;0px|0px|0px|0px&#8221; z_index_tablet=&#8221;500&#8243; prev_background_color=&#8221;#000000&#8243;][et_pb_row _builder_version=&#8221;3.21.1&#8243; module_alignment=&#8221;center&#8221; make_fullwidth=&#8221;on&#8221; custom_margin=&#8221;0px|0px|0px|0px&#8221; custom_padding=&#8221;0px|0px|0px|0px&#8221; z_index_tablet=&#8221;500&#8243; use_custom_width=&#8221;on&#8221; width_unit=&#8221;off&#8221; custom_width_percent=&#8221;100%&#8221;][et_pb_column type=&#8221;4_4&#8243;][et_pb_blurb _builder_version=&#8221;3.21.1&#8243; title=&#8221;Proiektu Soziala gara. Etorri eta ezagutu gaitzazu !&#8221; font_icon=&#8221;%%171%%&#8221; url=&#8221;https:\/\/bilbaohostel.net\/eu\/proiektu-soziala\/&#8221; link_option_url=&#8221;https:\/\/bilbaohostel.net\/eu\/proiektu-soziala\/&#8221; background_color=&#8221;#eeeeee&#8221; icon_color=&#8221;#666666&#8243; icon_font_size=&#8221;26px&#8221; header_level=&#8221;h3&#8243; header_font=&#8221;|600|||||||&#8221; header_font_size=&#8221;26&#8243; header_line_height=&#8221;30px&#8221; z_index_tablet=&#8221;500&#8243; body_font_size=&#8221;25&#8243; content_max_width=&#8221;100%&#8221; custom_margin=&#8221;0px|0px|0px|0px&#8221; custom_padding=&#8221;20px|0px|20px|0px&#8221; border_color_all=&#8221;#666666&#8243; animation_style=&#8221;slide&#8221; animation_direction=&#8221;right&#8221; animation_duration=&#8221;400ms&#8221; animation=&#8221;right&#8221; header_text_color=&#8221;#666666&#8243; content_max_width_last_edited=&#8221;off|desktop&#8221; border_radii=&#8221;|0px|0px|0px|0px&#8221; animation_starting_opacity=&#8221;50%&#8221; animation_speed_curve=&#8221;ease-in&#8221; text_orientation=&#8221;center&#8221; header_text_align=&#8221;center&#8221; body_text_align=&#8221;center&#8221; \/][\/et_pb_column][\/et_pb_row][\/et_pb_section][et_pb_section bb_built=&#8221;1&#8243; _builder_version=&#8221;3.0.47&#8243; prev_background_color=&#8221;#000000&#8243; next_background_color=&#8221;#000000&#8243;][et_pb_row _builder_version=&#8221;3.0.48&#8243; background_size=&#8221;initial&#8221; background_position=&#8221;top_left&#8221; background_repeat=&#8221;repeat&#8221;][et_pb_column type=&#8221;1_3&#8243;][et_pb_blurb admin_label=&#8221;Tel\u00e9fono&#8221; title=&#8221;Telefonoz&#8221; url=&#8221;tel:944270054&#8243; use_icon=&#8221;on&#8221; font_icon=&#8221;%%264%%&#8221; use_icon_font_size=&#8221;on&#8221; icon_font_size=&#8221;60px&#8221; _builder_version=&#8221;3.2.1&#8243; header_level=&#8221;h2&#8243; header_text_align=&#8221;center&#8221; body_font=&#8221;|700|||||||&#8221; body_text_color=&#8221;#15823e&#8221; body_font_size=&#8221;30&#8243; text_orientation=&#8221;center&#8221;]<\/p>\n<p><a href=\"tel:944270054\">94 427 00 54<\/a><\/p>\n<p>[\/et_pb_blurb][et_pb_blurb admin_label=&#8221;Direcci\u00f3n&#8221; title=&#8221;Helbidea&#8221; use_icon=&#8221;on&#8221; font_icon=&#8221;%%249%%&#8221; use_icon_font_size=&#8221;on&#8221; icon_font_size=&#8221;60px&#8221; _builder_version=&#8221;3.2.1&#8243; header_level=&#8221;h2&#8243; header_text_align=&#8221;center&#8221; body_font=&#8221;|700|||||||&#8221; body_font_size=&#8221;16&#8243; text_orientation=&#8221;center&#8221;]<\/p>\n<p>Crta. Basurto-Kastrexana 70<br \/>\n48002 BILBAO<\/p>\n<p>[\/et_pb_blurb][et_pb_blurb admin_label=&#8221;Email&#8221; title=&#8221;Emailez&#8221; url=&#8221;http:\/\/info@bilbaohostel.net&#8221; use_icon=&#8221;on&#8221; font_icon=&#8221;%%238%%&#8221; use_icon_font_size=&#8221;on&#8221; icon_font_size=&#8221;60px&#8221; _builder_version=&#8221;3.2.1&#8243; header_level=&#8221;h2&#8243; header_text_align=&#8221;center&#8221; body_font=&#8221;|700|||||||&#8221; body_font_size=&#8221;20&#8243; text_orientation=&#8221;center&#8221;]<\/p>\n<p><a href=\"mailto:info@bilbaohostel.net\"><img loading=\"lazy\" decoding=\"async\" class=\"alignnone size-full wp-image-2158\" src=\"https:\/\/bilbaohostel.net\/wp-content\/uploads\/correo-1.gif\" alt=\"correo\" width=\"232\" height=\"26\"><\/a><\/p>\n<p>[\/et_pb_blurb][\/et_pb_column][et_pb_column type=&#8221;2_3&#8243;][et_pb_text admin_label=&#8221;Subtitle&#8221; _builder_version=&#8221;3.2.1&#8243; text_font=&#8221;||||&#8221; text_text_color=&#8221;#353740&#8243; text_font_size=&#8221;16px&#8221; text_line_height=&#8221;1.8em&#8221; module_alignment=&#8221;center&#8221; custom_margin=&#8221;|||&#8221; animation_style=&#8221;slide&#8221; animation_direction=&#8221;bottom&#8221; animation_delay=&#8221;100ms&#8221; animation_intensity_slide=&#8221;4%&#8221;]<\/p>\n<p>Nahi izango bazenu, formulario erraz hau bete dezakezu eta berehala jarriko gara zurekin harremanetan. Milesker.<\/p>\n<p>[\/et_pb_text][et_pb_text _builder_version=&#8221;3.21.1&#8243; text_font_size=&#8221;13px&#8221; z_index_tablet=&#8221;500&#8243;]<\/p>\n<p><strong>Datu-babesera oinarrizko informazioa:<\/strong><br \/><strong>Arduraduna:<\/strong>\u00a0Suspergintza Elkartea da;\u00a0<strong>Xedea:<\/strong>\u00a0eskaerak eta kontsultak, eta komunikazioak bidaltzea ere bai;\u00a0<strong>Legitimazioa:<\/strong>\u00a0Interesdunen onespena;\u00a0<strong>Hartzaileak:<\/strong>\u00a0Datuak hirugarrenei (hartzaileei) lagatuko zaie, beharrezkoa bada, euren eskaerei eta kontsultei erantzuteko; baita ere, legeak agintzen dituen kasuetan;\u00a0<strong>Eskubideak:<\/strong>\u00a0Eskubidea iza, informatzen den eran, datual eskura izateko, zuzentzeko, ezabatzeko, aurkakotasuna azaltzeko, mugatzeko, lekualdatzeko eta baliogabetzeko;\u00a0<strong>Informazio gehigarria:<\/strong>\u00a0Datu-babeserako informazio zehatza kontsulta desakezu\u00a0<a href=\"https:\/\/bilbaohostel.net\/eu\/pribatutasun-politika\/\">hurrengo loturan<\/a><\/p>\n<p>[\/et_pb_text][et_pb_contact_form email=&#8221;info@bilbaohostel.net&#8221; custom_message=&#8221;Este email se env\u00eda desde la web bilbaohostel.net de la p\u00e1gina %22CONTACTO en Euskera%22.||et_pb_line_break_holder||||et_pb_line_break_holder||Nombre: %%nombre%%||et_pb_line_break_holder||Email: %%email%% (responder a este email)||et_pb_line_break_holder||Tel\u00e9fono: %%telefono%%||et_pb_line_break_holder||||et_pb_line_break_holder||Comentario: %%comentario%%||et_pb_line_break_holder||&#8221; success_message=&#8221;Eskerrik asko Hostel Bilborekin harremanetan jartzeagatik. Denbora-aldi laburrean zurekin harremanetan jarriko gara.&#8221; submit_button_text=&#8221;Bidali&#8221; module_id=&#8221;et_pb_contact_form_0&#8243; _builder_version=&#8221;3.9&#8243; form_field_font=&#8221;Montserrat||||&#8221; form_field_font_size=&#8221;16&#8243; button_icon=&#8221;%%36%%&#8221; button_icon_color=&#8221;#15823e&#8221; module_alignment=&#8221;center&#8221; saved_tabs=&#8221;all&#8221;][et_pb_contact_field field_id=&#8221;nombre&#8221; field_title=&#8221;Izena (eskatutakoa)&#8221; fullwidth_field=&#8221;on&#8221; _builder_version=&#8221;3.2.1&#8243; form_field_font=&#8221;||||||||&#8221;][\/et_pb_contact_field][et_pb_contact_field field_id=&#8221;telefono&#8221; field_title=&#8221;Telefonoa&#8221; allowed_symbols=&#8221;numbers&#8221; required_mark=&#8221;off&#8221; fullwidth_field=&#8221;on&#8221; _builder_version=&#8221;3.2.1&#8243; form_field_font=&#8221;||||||||&#8221;][\/et_pb_contact_field][et_pb_contact_field field_id=&#8221;email&#8221; field_title=&#8221;Emaila  (eskatutakoa)&#8221; field_type=&#8221;email&#8221; fullwidth_field=&#8221;on&#8221; _builder_version=&#8221;3.2.1&#8243; form_field_font=&#8221;||||||||&#8221;][\/et_pb_contact_field][et_pb_contact_field field_id=&#8221;comentario&#8221; field_title=&#8221;Aipamena  (eskatutakoa)&#8221; field_type=&#8221;text&#8221; fullwidth_field=&#8221;on&#8221; _builder_version=&#8221;3.2.1&#8243; form_field_font=&#8221;||||||||&#8221; custom_margin=&#8221;||60px|&#8221; custom_margin_tablet=&#8221;||60px|&#8221; custom_margin_phone=&#8221;||60px|&#8221; custom_padding=&#8221;|||&#8221; custom_padding_tablet=&#8221;|||&#8221; custom_padding_phone=&#8221;|||&#8221;][\/et_pb_contact_field][et_pb_contact_field field_id=&#8221;privacidad&#8221; field_title=&#8221; Datu-babesa&#8221; field_type=&#8221;checkbox&#8221; checkbox_options=&#8221;%91{%22value%22:%22Onartzen dut Pibatutasun-politika (eskatutakoa)%22,%22checked%22:0}%93&#8243; fullwidth_field=&#8221;on&#8221; _builder_version=&#8221;3.9&#8243; form_field_font=&#8221;||||||||&#8221;][\/et_pb_contact_field][\/et_pb_contact_form][\/et_pb_column][\/et_pb_row][\/et_pb_section][et_pb_section bb_built=&#8221;1&#8243; _builder_version=&#8221;3.9&#8243; prev_background_color=&#8221;#000000&#8243;][et_pb_row use_custom_gutter=&#8221;on&#8221; gutter_width=&#8221;2&#8243; background_color_1=&#8221;#e02b20&#8243; background_color_2=&#8221;#e02b20&#8243; background_color_3=&#8221;#e02b20&#8243; background_color_4=&#8221;#e02b20&#8243; _builder_version=&#8221;3.4.1&#8243;][et_pb_column type=&#8221;1_4&#8243;][et_pb_image src=&#8221;https:\/\/bilbaohostel.net\/wp-content\/uploads\/bilbao-hostel-general.jpg&#8221; alt=&#8221;Bilbao Hostel&#8221; title_text=&#8221;Bilbao Hostel&#8221; url=&#8221;https:\/\/bilbaohostel.net\/eu\/nola-den-bilbao-hostel\/&#8221; use_overlay=&#8221;on&#8221; show_bottom_space=&#8221;off&#8221; _builder_version=&#8221;3.9&#8243;]<\/p>\n<p><\/p>\n<p>[\/et_pb_image][et_pb_text admin_label=&#8221;EL HOSTEL&#8221; _builder_version=&#8221;3.9&#8243; link_text_color=&#8221;#ffffff&#8221; text_orientation=&#8221;center&#8221; background_layout=&#8221;dark&#8221; custom_padding=&#8221;20px|10px|10px|10px&#8221;]<\/p>\n<h4><a href=\"https:\/\/bilbaohostel.net\/eu\/nola-den-bilbao-hostel\/\"><strong>HOSTELA<\/strong><\/a><\/h4>\n<p>[\/et_pb_text][\/et_pb_column][et_pb_column type=&#8221;1_4&#8243;][et_pb_image src=&#8221;https:\/\/bilbaohostel.net\/wp-content\/uploads\/habitacion-cuadruple-bilbao-hostel.jpg&#8221; alt=&#8221;Habitaci\u00f3n cu\u00e1druple Bilbao Hostel&#8221; title_text=&#8221;Habitaci\u00f3n cu\u00e1druple Bilbao Hostel&#8221; url=&#8221;https:\/\/bilbaohostel.net\/eu\/bilbao-hosteleko-logelak\/&#8221; use_overlay=&#8221;on&#8221; show_bottom_space=&#8221;off&#8221; _builder_version=&#8221;3.9&#8243;]<\/p>\n<p><\/p>\n<p>[\/et_pb_image][et_pb_text admin_label=&#8221;HABITACIONES&#8221; _builder_version=&#8221;3.9&#8243; link_text_color=&#8221;#ffffff&#8221; text_orientation=&#8221;center&#8221; background_layout=&#8221;dark&#8221; custom_padding=&#8221;20px|10px|10px|10px&#8221;]<\/p>\n<h4><a href=\"https:\/\/bilbaohostel.net\/eu\/bilbao-hosteleko-logelak\/\"><strong>LOGELAK<\/strong><\/a><\/h4>\n<p>[\/et_pb_text][\/et_pb_column][et_pb_column type=&#8221;1_4&#8243;][et_pb_image src=&#8221;https:\/\/bilbaohostel.net\/wp-content\/uploads\/instalaciones-bilbao-hostel.jpg&#8221; alt=&#8221;Instalaciones Bilbao Hostel&#8221; title_text=&#8221;Instalaciones Bilbao Hostel&#8221; url=&#8221;https:\/\/bilbaohostel.net\/eu\/bilbao-hosteleko-instalazioak\/&#8221; use_overlay=&#8221;on&#8221; show_bottom_space=&#8221;off&#8221; _builder_version=&#8221;3.9&#8243;]<\/p>\n<p><\/p>\n<p>[\/et_pb_image][et_pb_text admin_label=&#8221;INSTALACIONES&#8221; _builder_version=&#8221;3.9&#8243; link_text_color=&#8221;#ffffff&#8221; text_orientation=&#8221;center&#8221; background_layout=&#8221;dark&#8221; custom_padding=&#8221;20px|10px|10px|10px&#8221;]<\/p>\n<h4><a href=\"https:\/\/bilbaohostel.net\/eu\/bilbao-hosteleko-instalazioak\/\"><strong>INSTALAZIOAK<\/strong><\/a><\/h4>\n<p>[\/et_pb_text][\/et_pb_column][et_pb_column type=&#8221;1_4&#8243;][et_pb_image src=&#8221;https:\/\/bilbaohostel.net\/wp-content\/uploads\/servicios-bilbao-hostel.jpg&#8221; alt=&#8221;Servicios Bilbao Hostel&#8221; title_text=&#8221;Servicios Bilbao Hostel&#8221; url=&#8221;https:\/\/bilbaohostel.net\/eu\/bilbao-hosteleko-zerbitzuak\/&#8221; use_overlay=&#8221;on&#8221; show_bottom_space=&#8221;off&#8221; _builder_version=&#8221;3.9&#8243;]<\/p>\n<p><\/p>\n<p>[\/et_pb_image][et_pb_text admin_label=&#8221;SERVICIOS&#8221; _builder_version=&#8221;3.9&#8243; link_text_color=&#8221;#ffffff&#8221; text_orientation=&#8221;center&#8221; background_layout=&#8221;dark&#8221; custom_padding=&#8221;20px|10px|10px|10px&#8221;]<\/p>\n<h4><a href=\"https:\/\/bilbaohostel.net\/eu\/bilbao-hosteleko-zerbitzuak\/\"><b>ZERBITZUAK<\/b><\/a><\/h4>\n<p>[\/et_pb_text][\/et_pb_column][\/et_pb_row][et_pb_row use_custom_gutter=&#8221;on&#8221; gutter_width=&#8221;2&#8243; custom_padding=&#8221;0px|||&#8221; background_color_1=&#8221;#e02b20&#8243; background_color_2=&#8221;#e02b20&#8243; background_color_3=&#8221;#e02b20&#8243; background_color_4=&#8221;#e02b20&#8243; _builder_version=&#8221;3.5.1&#8243;][et_pb_column type=&#8221;1_2&#8243;][et_pb_image src=&#8221;https:\/\/bilbaohostel.net\/wp-content\/uploads\/grupos-y-empresas.jpg&#8221; alt=&#8221;Grupos y Empresas&#8221; title_text=&#8221;Grupos y Empresas&#8221; url=&#8221;https:\/\/bilbaohostel.net\/eu\/talde-eta-enpresentzako-bilbao-hostel\/&#8221; use_overlay=&#8221;on&#8221; show_bottom_space=&#8221;off&#8221; _builder_version=&#8221;3.9&#8243;]<\/p>\n<p><\/p>\n<p>[\/et_pb_image][et_pb_text admin_label=&#8221;PARA GRUPOS Y EMPRESAS&#8221; _builder_version=&#8221;3.9&#8243; link_text_color=&#8221;#ffffff&#8221; text_orientation=&#8221;center&#8221; background_layout=&#8221;dark&#8221; custom_padding=&#8221;20px|10px|10px|10px&#8221;]<\/p>\n<h4><a href=\"https:\/\/bilbaohostel.net\/eu\/talde-eta-enpresentzako-bilbao-hostel\/\"><strong>TALDEENTZAT ETA ENPRESENTZAT<\/strong><\/a><\/h4>\n<p>[\/et_pb_text][\/et_pb_column][et_pb_column type=&#8221;1_2&#8243;][et_pb_image src=&#8221;https:\/\/bilbaohostel.net\/wp-content\/uploads\/bilbao-para-familias.jpg&#8221; alt=&#8221;Bilbao para familias&#8221; title_text=&#8221;Bilbao para familias&#8221; url=&#8221;https:\/\/bilbaohostel.net\/eu\/familientzako-bilbao-hostel\/&#8221; use_overlay=&#8221;on&#8221; show_bottom_space=&#8221;off&#8221; _builder_version=&#8221;3.9&#8243;]<\/p>\n<p><\/p>\n<p>[\/et_pb_image][et_pb_text admin_label=&#8221;PARA FAMILIAS&#8221; _builder_version=&#8221;3.9&#8243; link_text_color=&#8221;#ffffff&#8221; text_orientation=&#8221;center&#8221; background_layout=&#8221;dark&#8221; custom_padding=&#8221;20px|10px|10px|10px&#8221;]<\/p>\n<h4><a href=\"https:\/\/bilbaohostel.net\/eu\/familientzako-bilbao-hostel\/\"><strong>FAMILIENTZAT<\/strong><\/a><\/h4>\n<p>[\/et_pb_text][\/et_pb_column][\/et_pb_row][\/et_pb_section]<\/p>\n","protected":false},"excerpt":{"rendered":"<p>BILBAO HOSTELEKO KONTAKTUA Konta iezaguzu behar duzuna 94 427 00 54 Crta. Basurto-Kastrexana 70 48002 BILBAO Nahi izango bazenu, formulario erraz hau bete dezakezu eta berehala jarriko gara zurekin harremanetan. Milesker. Datu-babesera oinarrizko informazioa:Arduraduna:\u00a0Suspergintza Elkartea da;\u00a0Xedea:\u00a0eskaerak eta kontsultak, eta komunikazioak bidaltzea ere bai;\u00a0Legitimazioa:\u00a0Interesdunen onespena;\u00a0Hartzaileak:\u00a0Datuak hirugarrenei (hartzaileei) lagatuko zaie, beharrezkoa bada, euren eskaerei eta kontsultei erantzuteko; [&hellip;]<\/p>\n","protected":false},"author":3,"featured_media":0,"parent":0,"menu_order":0,"comment_status":"closed","ping_status":"closed","template":"","meta":{"_et_pb_use_builder":"on","_et_pb_old_content":"","_et_gb_content_width":"","_exactmetrics_skip_tracking":false,"_exactmetrics_sitenote_active":false,"_exactmetrics_sitenote_note":"","_exactmetrics_sitenote_category":0,"footnotes":""},"class_list":["post-2232","page","type-page","status-publish","hentry"],"yoast_head":"<!-- This site is optimized with the Yoast SEO plugin v23.2 - https:\/\/yoast.com\/wordpress\/plugins\/seo\/ -->\n<title>Bilbao Hosteleko kontaktua | Bilbao Hostel<\/title>\n<meta name=\"description\" content=\"Hemen daukazu Bilbao Hosteleko telefono kontaktua: 944 270 054. Zutaz arduratzeaz poz-pozik egongo gara\" \/>\n<meta name=\"robots\" content=\"index, follow, max-snippet:-1, max-image-preview:large, max-video-preview:-1\" \/>\n<link rel=\"canonical\" href=\"https:\/\/bilbaohostel.net\/eu\/bilbao-hosteleko-kontaktua\/\" \/>\n<meta property=\"og:locale\" content=\"eu_ES\" \/>\n<meta property=\"og:type\" content=\"article\" \/>\n<meta property=\"og:title\" content=\"Bilbao Hosteleko kontaktua | Bilbao Hostel\" \/>\n<meta property=\"og:description\" content=\"Hemen daukazu Bilbao Hosteleko telefono kontaktua: 944 270 054. Zutaz arduratzeaz poz-pozik egongo gara\" \/>\n<meta property=\"og:url\" content=\"https:\/\/bilbaohostel.net\/eu\/bilbao-hosteleko-kontaktua\/\" \/>\n<meta property=\"og:site_name\" content=\"Bilbao Hostel\" \/>\n<meta property=\"article:publisher\" content=\"https:\/\/www.facebook.com\/BilbaoHostel\" \/>\n<meta property=\"article:modified_time\" content=\"2020-09-16T13:14:17+00:00\" \/>\n<meta property=\"og:image\" content=\"https:\/\/bilbaohostel.net\/wp-content\/uploads\/correo-1.gif\" \/>\n<meta name=\"twitter:card\" content=\"summary_large_image\" \/>\n<meta name=\"twitter:site\" content=\"@BILBAOHOSTEL\" \/>\n<meta name=\"twitter:label1\" content=\"Est. reading time\" \/>\n\t<meta name=\"twitter:data1\" content=\"7 minutes\" \/>\n<script type=\"application\/ld+json\" class=\"yoast-schema-graph\">{\"@context\":\"https:\/\/schema.org\",\"@graph\":[{\"@type\":[\"WebPage\",\"ContactPage\"],\"@id\":\"https:\/\/bilbaohostel.net\/eu\/bilbao-hosteleko-kontaktua\/\",\"url\":\"https:\/\/bilbaohostel.net\/eu\/bilbao-hosteleko-kontaktua\/\",\"name\":\"Bilbao Hosteleko kontaktua | Bilbao Hostel\",\"isPartOf\":{\"@id\":\"https:\/\/bilbaohostel.net\/#website\"},\"primaryImageOfPage\":{\"@id\":\"https:\/\/bilbaohostel.net\/eu\/bilbao-hosteleko-kontaktua\/#primaryimage\"},\"image\":{\"@id\":\"https:\/\/bilbaohostel.net\/eu\/bilbao-hosteleko-kontaktua\/#primaryimage\"},\"thumbnailUrl\":\"https:\/\/bilbaohostel.net\/wp-content\/uploads\/correo-1.gif\",\"datePublished\":\"2018-03-26T08:51:59+00:00\",\"dateModified\":\"2020-09-16T13:14:17+00:00\",\"description\":\"Hemen daukazu Bilbao Hosteleko telefono kontaktua: 944 270 054. Zutaz arduratzeaz poz-pozik egongo gara\",\"breadcrumb\":{\"@id\":\"https:\/\/bilbaohostel.net\/eu\/bilbao-hosteleko-kontaktua\/#breadcrumb\"},\"inLanguage\":\"eu-ES\",\"potentialAction\":[{\"@type\":\"ReadAction\",\"target\":[\"https:\/\/bilbaohostel.net\/eu\/bilbao-hosteleko-kontaktua\/\"]}]},{\"@type\":\"ImageObject\",\"inLanguage\":\"eu-ES\",\"@id\":\"https:\/\/bilbaohostel.net\/eu\/bilbao-hosteleko-kontaktua\/#primaryimage\",\"url\":\"https:\/\/bilbaohostel.net\/wp-content\/uploads\/correo-1.gif\",\"contentUrl\":\"https:\/\/bilbaohostel.net\/wp-content\/uploads\/correo-1.gif\"},{\"@type\":\"BreadcrumbList\",\"@id\":\"https:\/\/bilbaohostel.net\/eu\/bilbao-hosteleko-kontaktua\/#breadcrumb\",\"itemListElement\":[{\"@type\":\"ListItem\",\"position\":1,\"name\":\"Portada\",\"item\":\"https:\/\/bilbaohostel.net\/\"},{\"@type\":\"ListItem\",\"position\":2,\"name\":\"Bilbao Hosteleko kontaktua\"}]},{\"@type\":\"WebSite\",\"@id\":\"https:\/\/bilbaohostel.net\/#website\",\"url\":\"https:\/\/bilbaohostel.net\/\",\"name\":\"Bilbao Hostel\",\"description\":\"Bilbon ostatua\",\"publisher\":{\"@id\":\"https:\/\/bilbaohostel.net\/#organization\"},\"potentialAction\":[{\"@type\":\"SearchAction\",\"target\":{\"@type\":\"EntryPoint\",\"urlTemplate\":\"https:\/\/bilbaohostel.net\/?s={search_term_string}\"},\"query-input\":\"required name=search_term_string\"}],\"inLanguage\":\"eu-ES\"},{\"@type\":\"Organization\",\"@id\":\"https:\/\/bilbaohostel.net\/#organization\",\"name\":\"Bilbao Hostel\",\"url\":\"https:\/\/bilbaohostel.net\/\",\"logo\":{\"@type\":\"ImageObject\",\"inLanguage\":\"eu-ES\",\"@id\":\"https:\/\/bilbaohostel.net\/#\/schema\/logo\/image\/\",\"url\":\"https:\/\/bilbaohostel.net\/wp-content\/uploads\/Bilbao-Hostel-icon.png\",\"contentUrl\":\"https:\/\/bilbaohostel.net\/wp-content\/uploads\/Bilbao-Hostel-icon.png\",\"width\":512,\"height\":512,\"caption\":\"Bilbao Hostel\"},\"image\":{\"@id\":\"https:\/\/bilbaohostel.net\/#\/schema\/logo\/image\/\"},\"sameAs\":[\"https:\/\/www.facebook.com\/BilbaoHostel\",\"https:\/\/x.com\/BILBAOHOSTEL\",\"https:\/\/www.instagram.com\/bilbaohostel\/\",\"https:\/\/www.youtube.com\/channel\/UCK1NrHb2a_ktm6cBDwcANaA\"]}]}<\/script>\n<!-- \/ Yoast SEO plugin. -->","yoast_head_json":{"title":"Bilbao Hosteleko kontaktua | Bilbao Hostel","description":"Hemen daukazu Bilbao Hosteleko telefono kontaktua: 944 270 054. Zutaz arduratzeaz poz-pozik egongo gara","robots":{"index":"index","follow":"follow","max-snippet":"max-snippet:-1","max-image-preview":"max-image-preview:large","max-video-preview":"max-video-preview:-1"},"canonical":"https:\/\/bilbaohostel.net\/eu\/bilbao-hosteleko-kontaktua\/","og_locale":"eu_ES","og_type":"article","og_title":"Bilbao Hosteleko kontaktua | Bilbao Hostel","og_description":"Hemen daukazu Bilbao Hosteleko telefono kontaktua: 944 270 054. Zutaz arduratzeaz poz-pozik egongo gara","og_url":"https:\/\/bilbaohostel.net\/eu\/bilbao-hosteleko-kontaktua\/","og_site_name":"Bilbao Hostel","article_publisher":"https:\/\/www.facebook.com\/BilbaoHostel","article_modified_time":"2020-09-16T13:14:17+00:00","og_image":[{"url":"https:\/\/bilbaohostel.net\/wp-content\/uploads\/correo-1.gif"}],"twitter_card":"summary_large_image","twitter_site":"@BILBAOHOSTEL","twitter_misc":{"Est. reading time":"7 minutes"},"schema":{"@context":"https:\/\/schema.org","@graph":[{"@type":["WebPage","ContactPage"],"@id":"https:\/\/bilbaohostel.net\/eu\/bilbao-hosteleko-kontaktua\/","url":"https:\/\/bilbaohostel.net\/eu\/bilbao-hosteleko-kontaktua\/","name":"Bilbao Hosteleko kontaktua | Bilbao Hostel","isPartOf":{"@id":"https:\/\/bilbaohostel.net\/#website"},"primaryImageOfPage":{"@id":"https:\/\/bilbaohostel.net\/eu\/bilbao-hosteleko-kontaktua\/#primaryimage"},"image":{"@id":"https:\/\/bilbaohostel.net\/eu\/bilbao-hosteleko-kontaktua\/#primaryimage"},"thumbnailUrl":"https:\/\/bilbaohostel.net\/wp-content\/uploads\/correo-1.gif","datePublished":"2018-03-26T08:51:59+00:00","dateModified":"2020-09-16T13:14:17+00:00","description":"Hemen daukazu Bilbao Hosteleko telefono kontaktua: 944 270 054. Zutaz arduratzeaz poz-pozik egongo gara","breadcrumb":{"@id":"https:\/\/bilbaohostel.net\/eu\/bilbao-hosteleko-kontaktua\/#breadcrumb"},"inLanguage":"eu-ES","potentialAction":[{"@type":"ReadAction","target":["https:\/\/bilbaohostel.net\/eu\/bilbao-hosteleko-kontaktua\/"]}]},{"@type":"ImageObject","inLanguage":"eu-ES","@id":"https:\/\/bilbaohostel.net\/eu\/bilbao-hosteleko-kontaktua\/#primaryimage","url":"https:\/\/bilbaohostel.net\/wp-content\/uploads\/correo-1.gif","contentUrl":"https:\/\/bilbaohostel.net\/wp-content\/uploads\/correo-1.gif"},{"@type":"BreadcrumbList","@id":"https:\/\/bilbaohostel.net\/eu\/bilbao-hosteleko-kontaktua\/#breadcrumb","itemListElement":[{"@type":"ListItem","position":1,"name":"Portada","item":"https:\/\/bilbaohostel.net\/"},{"@type":"ListItem","position":2,"name":"Bilbao Hosteleko kontaktua"}]},{"@type":"WebSite","@id":"https:\/\/bilbaohostel.net\/#website","url":"https:\/\/bilbaohostel.net\/","name":"Bilbao Hostel","description":"Bilbon ostatua","publisher":{"@id":"https:\/\/bilbaohostel.net\/#organization"},"potentialAction":[{"@type":"SearchAction","target":{"@type":"EntryPoint","urlTemplate":"https:\/\/bilbaohostel.net\/?s={search_term_string}"},"query-input":"required name=search_term_string"}],"inLanguage":"eu-ES"},{"@type":"Organization","@id":"https:\/\/bilbaohostel.net\/#organization","name":"Bilbao Hostel","url":"https:\/\/bilbaohostel.net\/","logo":{"@type":"ImageObject","inLanguage":"eu-ES","@id":"https:\/\/bilbaohostel.net\/#\/schema\/logo\/image\/","url":"https:\/\/bilbaohostel.net\/wp-content\/uploads\/Bilbao-Hostel-icon.png","contentUrl":"https:\/\/bilbaohostel.net\/wp-content\/uploads\/Bilbao-Hostel-icon.png","width":512,"height":512,"caption":"Bilbao Hostel"},"image":{"@id":"https:\/\/bilbaohostel.net\/#\/schema\/logo\/image\/"},"sameAs":["https:\/\/www.facebook.com\/BilbaoHostel","https:\/\/x.com\/BILBAOHOSTEL","https:\/\/www.instagram.com\/bilbaohostel\/","https:\/\/www.youtube.com\/channel\/UCK1NrHb2a_ktm6cBDwcANaA"]}]}},"_links":{"self":[{"href":"https:\/\/bilbaohostel.net\/eu\/wp-json\/wp\/v2\/pages\/2232"}],"collection":[{"href":"https:\/\/bilbaohostel.net\/eu\/wp-json\/wp\/v2\/pages"}],"about":[{"href":"https:\/\/bilbaohostel.net\/eu\/wp-json\/wp\/v2\/types\/page"}],"author":[{"embeddable":true,"href":"https:\/\/bilbaohostel.net\/eu\/wp-json\/wp\/v2\/users\/3"}],"replies":[{"embeddable":true,"href":"https:\/\/bilbaohostel.net\/eu\/wp-json\/wp\/v2\/comments?post=2232"}],"version-history":[{"count":0,"href":"https:\/\/bilbaohostel.net\/eu\/wp-json\/wp\/v2\/pages\/2232\/revisions"}],"wp:attachment":[{"href":"https:\/\/bilbaohostel.net\/eu\/wp-json\/wp\/v2\/media?parent=2232"}],"curies":[{"name":"wp","href":"https:\/\/api.w.org\/{rel}","templated":true}]}}