{"id":3934,"date":"2020-04-10T11:48:34","date_gmt":"2020-04-10T09:48:34","guid":{"rendered":"https:\/\/bilbaohostel.net\/?page_id=3934"},"modified":"2020-04-14T22:03:21","modified_gmt":"2020-04-14T20:03:21","slug":"adaptacion-politica-cancelacion-reservas-periodo-covid-19","status":"publish","type":"page","link":"https:\/\/bilbaohostel.net\/eu\/adaptacion-politica-cancelacion-reservas-periodo-covid-19\/","title":{"rendered":"Adaptaci\u00f3n Politica Cancelaci\u00f3n Reservas                   Periodo  COVID 19"},"content":{"rendered":"<p style=\"text-align: left;\">El bienestar de nuestros clientes y equipo de trabajo es una prioridad para BILBAO HOSTEL y, para garantizarlo, seguimos en todo momento las recomendaciones emanadas de las autoridades sanitarias competentes sobre la evoluci\u00f3n del coronavirus (COVID-19).<br \/>\nEn este sentido, queremos pedirle disculpas por los inconvenientes que esta situaci\u00f3n pueda estarle causando y comunicarle las medidas que hemos adoptado en nuestra pol\u00edtica de cambio y cancelaci\u00f3n de reservas. Nuestro objetivo no es otro que ofrecer a nuestros clientes la mayor de las flexibilidades posibles teniendo en cuenta la dificultad de la situaci\u00f3n. Estamos convencidos de que, juntas, lo resolveremos.<\/p>\n<p style=\"text-align: left;\">A. \u00bfQu\u00e9 ocurre si he hecho una reserva en BILBAO HOSTEL y finalmente no puedo viajar como consecuencia del COVID-19?<\/p>\n<p style=\"text-align: left;\">\u2022 En BILBO HOSTEL se han flexibilizado totalmente los cambios para reservas cuya entrada est\u00e9 prevista para antes del 1 de mayo de 2020: as\u00ed, usted podr\u00e1 cambiar la fecha de la reserva para que, pueda disfrutar de su estancia en los pr\u00f3ximos 12 meses desde la fecha de entrada.<\/p>\n<p style=\"text-align: left;\">\u2022 Si, a pesar de todo, desea cancelar sus reservas en ese per\u00edodo referido, no aplicaremos ning\u00fan cargo por ese tr\u00e1mite. DUDA. \u00bfLO HACEMOS P\u00daBLICO O, SIMPLEMENTE, LO APLICAMOS COMO MODELO DE ACTUACI\u00d3N INTERNO EN LA GESTI\u00d3N DE LAS SITUACIONES. \u00bfC\u00d3MO LO VEIS? YO SOY PARTIDARIO DE HACERLO P\u00daBLICO Y MOSTRARLO COMO UNA DEFERENCIA NUESTRA HACIA LOS CLIENTES.<\/p>\n<p style=\"text-align: left;\">B. Para las reservas con fecha de entrada prevista posterior al 30 de abril, estamos a la espera de la evoluci\u00f3n de los acontecimientos y de las indicaciones que podamos recibir de las autoridades sanitarias competentes. No obstante, si, a pesar de todo, desean posponer de fecha su estancia, no duden en plantearlo. Intentaremos con sumo gusto adaptarnos a sus necesidades.<\/p>\n<p style=\"text-align: left;\">C. Para cualquier modificaci\u00f3n, gesti\u00f3n o consulta personalizada que precise en su reserva, por favor dir\u00edjase a nosotros a trav\u00e9s de las siguientes opciones:<\/p>\n<p style=\"text-align: center;\"><strong>\u2022 Llamando al: 944 270 054<\/strong><br \/>\n<strong>\u2022 Escribi\u00e9ndonos al: info@bilbaohostel.net<\/strong><\/p>\n<p style=\"text-align: left;\">\nQuiz\u00e1s nuestro tiempo de respuesta sea un poco m\u00e1s largo de lo habitual y le pedimos disculpas anticipadas por ello. A la mayor brevedad posible nos pondremos en contacto con usted.<br \/>\nD. En el caso que haya realizado su reserva en una agencia de viajes online u otro agente de viajes, le sugerimos que se ponga en contacto con el proveedor de la reserva para obtener informaci\u00f3n sobre su pol\u00edtica de cambios.<br \/>\nGRACIAS por la confianza depositada en BILBAO HOSTEL. Estamos convencidos de que juntas, apoy\u00e1ndonos, saldremos adelante y resolveremos esta situaci\u00f3n.<\/p>\n","protected":false},"excerpt":{"rendered":"<p>El bienestar de nuestros clientes y equipo de trabajo es una prioridad para BILBAO HOSTEL y, para garantizarlo, seguimos en todo momento las recomendaciones emanadas de las autoridades sanitarias competentes sobre la evoluci\u00f3n del coronavirus (COVID-19). En este sentido, queremos pedirle disculpas por los inconvenientes que esta situaci\u00f3n pueda estarle causando y comunicarle las medidas [&hellip;]<\/p>\n","protected":false},"author":4,"featured_media":0,"parent":0,"menu_order":0,"comment_status":"closed","ping_status":"closed","template":"","meta":{"_et_pb_use_builder":"","_et_pb_old_content":"","_et_gb_content_width":"","_exactmetrics_skip_tracking":false,"_exactmetrics_sitenote_active":false,"_exactmetrics_sitenote_note":"","_exactmetrics_sitenote_category":0,"footnotes":""},"class_list":["post-3934","page","type-page","status-publish","hentry"],"yoast_head":"<!-- This site is optimized with the Yoast SEO plugin v23.2 - https:\/\/yoast.com\/wordpress\/plugins\/seo\/ -->\n<title>Adaptaci\u00f3n Politica Cancelaci\u00f3n Reservas          Periodo COVID 19 | Bilbao Hostel<\/title>\n<meta name=\"robots\" content=\"index, follow, max-snippet:-1, max-image-preview:large, max-video-preview:-1\" \/>\n<link rel=\"canonical\" href=\"https:\/\/bilbaohostel.net\/eu\/adaptacion-politica-cancelacion-reservas-periodo-covid-19\/\" \/>\n<meta property=\"og:locale\" content=\"eu_ES\" \/>\n<meta property=\"og:type\" content=\"article\" \/>\n<meta property=\"og:title\" content=\"Adaptaci\u00f3n Politica Cancelaci\u00f3n Reservas          Periodo COVID 19 | Bilbao Hostel\" \/>\n<meta property=\"og:description\" content=\"El bienestar de nuestros clientes y equipo de trabajo es una prioridad para BILBAO HOSTEL y, para garantizarlo, seguimos en todo momento las recomendaciones emanadas de las autoridades sanitarias competentes sobre la evoluci\u00f3n del coronavirus (COVID-19). En este sentido, queremos pedirle disculpas por los inconvenientes que esta situaci\u00f3n pueda estarle causando y comunicarle las medidas [&hellip;]\" \/>\n<meta property=\"og:url\" content=\"https:\/\/bilbaohostel.net\/eu\/adaptacion-politica-cancelacion-reservas-periodo-covid-19\/\" \/>\n<meta property=\"og:site_name\" content=\"Bilbao Hostel\" \/>\n<meta property=\"article:publisher\" content=\"https:\/\/www.facebook.com\/BilbaoHostel\" \/>\n<meta property=\"article:modified_time\" content=\"2020-04-14T20:03:21+00:00\" \/>\n<meta property=\"og:image\" content=\"https:\/\/bilbaohostel.net\/wp-content\/uploads\/bilbao-hostel-general.jpg\" \/>\n\t<meta property=\"og:image:width\" content=\"600\" \/>\n\t<meta property=\"og:image:height\" content=\"338\" \/>\n\t<meta property=\"og:image:type\" content=\"image\/jpeg\" \/>\n<meta name=\"twitter:card\" content=\"summary_large_image\" \/>\n<meta name=\"twitter:site\" content=\"@BILBAOHOSTEL\" \/>\n<meta name=\"twitter:label1\" content=\"Est. reading time\" \/>\n\t<meta name=\"twitter:data1\" content=\"2 minutes\" \/>\n<script type=\"application\/ld+json\" class=\"yoast-schema-graph\">{\"@context\":\"https:\/\/schema.org\",\"@graph\":[{\"@type\":\"WebPage\",\"@id\":\"https:\/\/bilbaohostel.net\/eu\/adaptacion-politica-cancelacion-reservas-periodo-covid-19\/\",\"url\":\"https:\/\/bilbaohostel.net\/eu\/adaptacion-politica-cancelacion-reservas-periodo-covid-19\/\",\"name\":\"Adaptaci\u00f3n Politica Cancelaci\u00f3n Reservas Periodo COVID 19 | Bilbao Hostel\",\"isPartOf\":{\"@id\":\"https:\/\/bilbaohostel.net\/#website\"},\"datePublished\":\"2020-04-10T09:48:34+00:00\",\"dateModified\":\"2020-04-14T20:03:21+00:00\",\"breadcrumb\":{\"@id\":\"https:\/\/bilbaohostel.net\/eu\/adaptacion-politica-cancelacion-reservas-periodo-covid-19\/#breadcrumb\"},\"inLanguage\":\"eu-ES\",\"potentialAction\":[{\"@type\":\"ReadAction\",\"target\":[\"https:\/\/bilbaohostel.net\/eu\/adaptacion-politica-cancelacion-reservas-periodo-covid-19\/\"]}]},{\"@type\":\"BreadcrumbList\",\"@id\":\"https:\/\/bilbaohostel.net\/eu\/adaptacion-politica-cancelacion-reservas-periodo-covid-19\/#breadcrumb\",\"itemListElement\":[{\"@type\":\"ListItem\",\"position\":1,\"name\":\"Portada\",\"item\":\"https:\/\/bilbaohostel.net\/\"},{\"@type\":\"ListItem\",\"position\":2,\"name\":\"Adaptaci\u00f3n Politica Cancelaci\u00f3n Reservas Periodo COVID 19\"}]},{\"@type\":\"WebSite\",\"@id\":\"https:\/\/bilbaohostel.net\/#website\",\"url\":\"https:\/\/bilbaohostel.net\/\",\"name\":\"Bilbao Hostel\",\"description\":\"Bilbon ostatua\",\"publisher\":{\"@id\":\"https:\/\/bilbaohostel.net\/#organization\"},\"potentialAction\":[{\"@type\":\"SearchAction\",\"target\":{\"@type\":\"EntryPoint\",\"urlTemplate\":\"https:\/\/bilbaohostel.net\/?s={search_term_string}\"},\"query-input\":\"required name=search_term_string\"}],\"inLanguage\":\"eu-ES\"},{\"@type\":\"Organization\",\"@id\":\"https:\/\/bilbaohostel.net\/#organization\",\"name\":\"Bilbao Hostel\",\"url\":\"https:\/\/bilbaohostel.net\/\",\"logo\":{\"@type\":\"ImageObject\",\"inLanguage\":\"eu-ES\",\"@id\":\"https:\/\/bilbaohostel.net\/#\/schema\/logo\/image\/\",\"url\":\"https:\/\/bilbaohostel.net\/wp-content\/uploads\/Bilbao-Hostel-icon.png\",\"contentUrl\":\"https:\/\/bilbaohostel.net\/wp-content\/uploads\/Bilbao-Hostel-icon.png\",\"width\":512,\"height\":512,\"caption\":\"Bilbao Hostel\"},\"image\":{\"@id\":\"https:\/\/bilbaohostel.net\/#\/schema\/logo\/image\/\"},\"sameAs\":[\"https:\/\/www.facebook.com\/BilbaoHostel\",\"https:\/\/x.com\/BILBAOHOSTEL\",\"https:\/\/www.instagram.com\/bilbaohostel\/\",\"https:\/\/www.youtube.com\/channel\/UCK1NrHb2a_ktm6cBDwcANaA\"]}]}<\/script>\n<!-- \/ Yoast SEO plugin. -->","yoast_head_json":{"title":"Adaptaci\u00f3n Politica Cancelaci\u00f3n Reservas          Periodo COVID 19 | Bilbao Hostel","robots":{"index":"index","follow":"follow","max-snippet":"max-snippet:-1","max-image-preview":"max-image-preview:large","max-video-preview":"max-video-preview:-1"},"canonical":"https:\/\/bilbaohostel.net\/eu\/adaptacion-politica-cancelacion-reservas-periodo-covid-19\/","og_locale":"eu_ES","og_type":"article","og_title":"Adaptaci\u00f3n Politica Cancelaci\u00f3n Reservas          Periodo COVID 19 | Bilbao Hostel","og_description":"El bienestar de nuestros clientes y equipo de trabajo es una prioridad para BILBAO HOSTEL y, para garantizarlo, seguimos en todo momento las recomendaciones emanadas de las autoridades sanitarias competentes sobre la evoluci\u00f3n del coronavirus (COVID-19). En este sentido, queremos pedirle disculpas por los inconvenientes que esta situaci\u00f3n pueda estarle causando y comunicarle las medidas [&hellip;]","og_url":"https:\/\/bilbaohostel.net\/eu\/adaptacion-politica-cancelacion-reservas-periodo-covid-19\/","og_site_name":"Bilbao Hostel","article_publisher":"https:\/\/www.facebook.com\/BilbaoHostel","article_modified_time":"2020-04-14T20:03:21+00:00","og_image":[{"width":600,"height":338,"url":"https:\/\/bilbaohostel.net\/wp-content\/uploads\/bilbao-hostel-general.jpg","type":"image\/jpeg"}],"twitter_card":"summary_large_image","twitter_site":"@BILBAOHOSTEL","twitter_misc":{"Est. reading time":"2 minutes"},"schema":{"@context":"https:\/\/schema.org","@graph":[{"@type":"WebPage","@id":"https:\/\/bilbaohostel.net\/eu\/adaptacion-politica-cancelacion-reservas-periodo-covid-19\/","url":"https:\/\/bilbaohostel.net\/eu\/adaptacion-politica-cancelacion-reservas-periodo-covid-19\/","name":"Adaptaci\u00f3n Politica Cancelaci\u00f3n Reservas Periodo COVID 19 | Bilbao Hostel","isPartOf":{"@id":"https:\/\/bilbaohostel.net\/#website"},"datePublished":"2020-04-10T09:48:34+00:00","dateModified":"2020-04-14T20:03:21+00:00","breadcrumb":{"@id":"https:\/\/bilbaohostel.net\/eu\/adaptacion-politica-cancelacion-reservas-periodo-covid-19\/#breadcrumb"},"inLanguage":"eu-ES","potentialAction":[{"@type":"ReadAction","target":["https:\/\/bilbaohostel.net\/eu\/adaptacion-politica-cancelacion-reservas-periodo-covid-19\/"]}]},{"@type":"BreadcrumbList","@id":"https:\/\/bilbaohostel.net\/eu\/adaptacion-politica-cancelacion-reservas-periodo-covid-19\/#breadcrumb","itemListElement":[{"@type":"ListItem","position":1,"name":"Portada","item":"https:\/\/bilbaohostel.net\/"},{"@type":"ListItem","position":2,"name":"Adaptaci\u00f3n Politica Cancelaci\u00f3n Reservas Periodo COVID 19"}]},{"@type":"WebSite","@id":"https:\/\/bilbaohostel.net\/#website","url":"https:\/\/bilbaohostel.net\/","name":"Bilbao Hostel","description":"Bilbon ostatua","publisher":{"@id":"https:\/\/bilbaohostel.net\/#organization"},"potentialAction":[{"@type":"SearchAction","target":{"@type":"EntryPoint","urlTemplate":"https:\/\/bilbaohostel.net\/?s={search_term_string}"},"query-input":"required name=search_term_string"}],"inLanguage":"eu-ES"},{"@type":"Organization","@id":"https:\/\/bilbaohostel.net\/#organization","name":"Bilbao Hostel","url":"https:\/\/bilbaohostel.net\/","logo":{"@type":"ImageObject","inLanguage":"eu-ES","@id":"https:\/\/bilbaohostel.net\/#\/schema\/logo\/image\/","url":"https:\/\/bilbaohostel.net\/wp-content\/uploads\/Bilbao-Hostel-icon.png","contentUrl":"https:\/\/bilbaohostel.net\/wp-content\/uploads\/Bilbao-Hostel-icon.png","width":512,"height":512,"caption":"Bilbao Hostel"},"image":{"@id":"https:\/\/bilbaohostel.net\/#\/schema\/logo\/image\/"},"sameAs":["https:\/\/www.facebook.com\/BilbaoHostel","https:\/\/x.com\/BILBAOHOSTEL","https:\/\/www.instagram.com\/bilbaohostel\/","https:\/\/www.youtube.com\/channel\/UCK1NrHb2a_ktm6cBDwcANaA"]}]}},"_links":{"self":[{"href":"https:\/\/bilbaohostel.net\/eu\/wp-json\/wp\/v2\/pages\/3934"}],"collection":[{"href":"https:\/\/bilbaohostel.net\/eu\/wp-json\/wp\/v2\/pages"}],"about":[{"href":"https:\/\/bilbaohostel.net\/eu\/wp-json\/wp\/v2\/types\/page"}],"author":[{"embeddable":true,"href":"https:\/\/bilbaohostel.net\/eu\/wp-json\/wp\/v2\/users\/4"}],"replies":[{"embeddable":true,"href":"https:\/\/bilbaohostel.net\/eu\/wp-json\/wp\/v2\/comments?post=3934"}],"version-history":[{"count":0,"href":"https:\/\/bilbaohostel.net\/eu\/wp-json\/wp\/v2\/pages\/3934\/revisions"}],"wp:attachment":[{"href":"https:\/\/bilbaohostel.net\/eu\/wp-json\/wp\/v2\/media?parent=3934"}],"curies":[{"name":"wp","href":"https:\/\/api.w.org\/{rel}","templated":true}]}}