{"id":2189,"date":"2018-03-26T10:54:43","date_gmt":"2018-03-26T08:54:43","guid":{"rendered":"https:\/\/bilbaohostel.net\/legal-notice\/"},"modified":"2019-09-18T12:45:35","modified_gmt":"2019-09-18T10:45:35","slug":"mentions-legales","status":"publish","type":"page","link":"https:\/\/bilbaohostel.net\/fr\/mentions-legales\/","title":{"rendered":"Mentions l\u00e9gales"},"content":{"rendered":"<p>[et_pb_section bb_built=&#8221;1&#8243;][et_pb_row][et_pb_column type=&#8221;4_4&#8243;][et_pb_text _builder_version=&#8221;3.21.1&#8243; z_index_tablet=&#8221;500&#8243;]<\/p>\n<h1>Mentions l\u00e9gales<\/h1>\n<p>\u00a0<\/p>\n<h1>IDENTIFICATION DU TITULAIRE DU DOMAINE<\/h1>\n<p>Conform\u00e9ment aux dispositions de l\u2019article\u00a010 de la Loi 34\/2002 du 11 juillet relative aux Services de la Soci\u00e9t\u00e9 de l\u2019Information et du Commerce \u00e9lectronique, nous vous informons\u00a0que\u00a0:<\/p>\n<p>le titulaire de ce domaine est <strong>SUSPERGINTZA, association d\u2019aide sociale<\/strong> domicili\u00e9e \u00e0 Bilbao, rue Sim\u00f3n Bol\u00edvar\u00a08B, CIF\u00a0: G48264030, organisme inscrit au Registre des Associations du Pays basque sous le num\u00e9ro\u00a0AS\/B\/01018\/1988. T\u00e9l\u00e9phone\u00a0: 944\u2009008\u2009060. Courrier \u00e9lectronique de contact\u00a0: <a href=\"mailto:lopd@suspergintza.net.\">lopd@suspergintza.net<\/a>.<\/p>\n<h1>R\u00c8GLES D\u2019UTILISATION DU SITE<\/h1>\n<p>Le simple fait d\u2019acc\u00e9der \u00e0 ce site web ou de l\u2019utiliser vous conf\u00e8re la qualit\u00e9 d\u2019utilisateur. Votre qualit\u00e9 d\u2019utilisateur entra\u00eene l\u2019acceptation de toutes les conditions d\u2019utilisation du site.<\/p>\n<h2><strong>G\u00c9N\u00c9RALIT\u00c9S <\/strong><\/h2>\n<p>Il est interdit de publier sur ce site web, sur nos blogs et autres outils participatifs, des contenus susceptibles de porter atteinte aux principes suivants\u00a0:<\/p>\n<ol>\n<li>La sauvegarde de l\u2019ordre public, les enqu\u00eates judiciaires, la s\u00e9curit\u00e9 publique et la d\u00e9fense nationale.<\/li>\n<li>La protection de la sant\u00e9 publique ou des personnes physiques ayant la qualit\u00e9 de consommateurs ou d\u2019utilisateurs.<\/li>\n<li>Le respect de la dignit\u00e9 de la personne et du principe de non-discrimination pour des raisons de race, de sexe, d\u2019opinion, de nationalit\u00e9, d\u2019invalidit\u00e9, ou toute autre circonstance personnelle ou sociale.<\/li>\n<li>La protection de la jeunesse et de l\u2019enfance.<\/li>\n<li>Le respect de l\u2019autonomie de la volont\u00e9 de l\u2019int\u00e9ress\u00e9.<\/li>\n<li>Le respect de la propri\u00e9t\u00e9 intellectuelle des \u00e9l\u00e9ments publi\u00e9s.<\/li>\n<li>En r\u00e8gle g\u00e9n\u00e9rale, le respect de la l\u00e9gislation en vigueur.<\/li>\n<\/ol>\n<h2><strong>PARTICULARIT\u00c9S <\/strong><\/h2>\n<p>L\u2019utilisateur assume la responsabilit\u00e9 de son utilisation du site. Cette responsabilit\u00e9 s\u2019\u00e9tend \u00e0 l\u2019enregistrement n\u00e9cessaire pour acc\u00e9der \u00e0 diff\u00e9rents services ou contenus.<\/p>\n<p>L\u2019utilisateur sera responsable de fournir des informations v\u00e9ridiques et licites lors du processus d\u2019enregistrement. L\u2019utilisateur s\u2019engage \u00e0 faire bon usage des contenus et services que le titulaire du domaine propose par l\u2019interm\u00e9diaire de ses sites web et des outils de participation, mentionn\u00e9s ici \u00e0 titre \u00e9nonciatif et non limitatif, et s\u2019engage \u00e0 ne pas les utiliser pour\u00a0:<\/p>\n<ul>\n<li>Causer des dommages affectant les syst\u00e8mes physiques ou logiques du responsable du traitement, de ses fournisseurs ou de tiers, introduire ou diffuser sur le r\u00e9seau des virus informatiques ou tout autre syst\u00e8me physique ou logique susceptible de causer des dommages.<\/li>\n<li>Tenter d\u2019acc\u00e9der aux comptes de courrier \u00e9lectronique d\u2019autres utilisateurs et, le cas \u00e9ch\u00e9ant, de modifier ou de manipuler leurs messages.<\/li>\n<\/ul>\n<p>Le titulaire du domaine se r\u00e9serve le droit de retirer tous les commentaires et contributions susceptibles de porter atteinte au respect de la dignit\u00e9 de la personne en raison de leur contenu discriminatoire, x\u00e9nophobe, raciste, pornographique, ou \u00e9tant de nature \u00e0 porter pr\u00e9judice aux personnes, notamment de nuire aux int\u00e9r\u00eats des jeunes et des enfants, \u00e0 l\u2019ordre et \u00e0 la s\u00e9curit\u00e9 publique, ou qui se r\u00e9v\u00e8leraient impropres \u00e0 la publication.<\/p>\n<p>En tout \u00e9tat de cause, le titulaire du domaine n\u2019est pas responsable des opinions manifest\u00e9es par les utilisateurs par l\u2019interm\u00e9diaire des forums, chats, ou autres outils participatifs.<\/p>\n<h2><strong>UTILISATION DES MOTS DE PASSE<\/strong><\/h2>\n<p>Pour acc\u00e9der \u00e0 certains contenus, il est n\u00e9cessaire d\u2019introduire un code utilisateur et un mot de passe. Si vous n\u2019en poss\u00e9dez pas, vous pouvez en obtenir un en vous enregistrant.<\/p>\n<p>Nous vous informons que les mots de passe sont personnels et non transf\u00e9rables. L\u2019utilisateur est le seul responsable des cons\u00e9quences susceptibles de d\u00e9couler de l\u2019utilisation de son mot de passe.<\/p>\n<p>Pour tout incident concernant les mots de passe, vous pouvez suivre les instructions accessibles \u00e0 partir du lien qui figure sur l\u2019\u00e9cran d\u2019identification.<\/p>\n<h1>PROPRI\u00c9T\u00c9 INTELLECTUELLE ET INDUSTRIELLE<\/h1>\n<p>Le titulaire du domaine est titulaire de tous les droits de propri\u00e9t\u00e9 intellectuelle et industrielle des diff\u00e9rentes pages du site web, ainsi que de l\u2019int\u00e9gralit\u00e9 de son contenu. De ce fait, toute reproduction, distribution, communication publique, totale ou partielle, de son contenu est express\u00e9ment interdite sans autorisation expresse de la direction du centre.<\/p>\n<h1>RESPONSABILIT\u00c9<\/h1>\n<p>Le propri\u00e9taire du domaine ne peut \u00eatre tenu pour responsable des dommages et pr\u00e9judices susceptibles de d\u00e9couler des interf\u00e9rences, pannes t\u00e9l\u00e9phoniques, d\u00e9connections du syst\u00e8me \u00e9lectronique, de la pr\u00e9sence de virus informatiques, de programmes malveillants ou de tout autre facteur \u00e9chappant \u00e0 son contr\u00f4le.<\/p>\n<p>Le propri\u00e9taire du domaine se r\u00e9serve le droit d\u2019exercer les actions l\u00e9gales appropri\u00e9es contre les personnes qui violeraient les pr\u00e9sentes conditions.<\/p>\n<h1>MODIFICATION DES PR\u00c9SENTES CONDITIONS ET VALIDIT\u00c9<\/h1>\n<p><strong>Suspergintza<\/strong> peut modifier les pr\u00e9sentes conditions \u00e0 tout moment, sans avis pr\u00e9alable, en publiant simplement les termes de ces modifications.<\/p>\n<h1>L\u00c9GISLATION APPLICABLE ET JURIDICTION<\/h1>\n<p>La relation entre le titulaire du domaine et l\u2019utilisateur est r\u00e9gie par la r\u00e8glementation espagnole en vigueur et tout litige sera soumis aux juridictions et tribunaux comp\u00e9tents de Bilbao.<\/p>\n<p>[\/et_pb_text][\/et_pb_column][\/et_pb_row][\/et_pb_section]<\/p>\n","protected":false},"excerpt":{"rendered":"<p><div class=\"et_pb_row et_pb_row_0 et_pb_row_empty\">\n\t\t\t\t\n\t\t\t\t\n\t\t\t\t\n\t\t\t\t\n\t\t\t\t\n\t\t\t<\/div> Mentions l\u00e9gales\u00a0IDENTIFICATION DU TITULAIRE DU DOMAINEConform\u00e9ment aux dispositions de l\u2019article\u00a010 de la Loi 34\/2002 du 11 juillet relative aux Services de la Soci\u00e9t\u00e9 de l\u2019Information et du Commerce \u00e9lectronique, nous vous informons\u00a0que\u00a0:le titulaire de ce domaine est SUSPERGINTZA, association d\u2019aide sociale domicili\u00e9e \u00e0 Bilbao, rue Sim\u00f3n Bol\u00edvar\u00a08B, CIF\u00a0: G48264030, organisme inscrit au Registre des [&hellip;]<\/p>\n","protected":false},"author":3,"featured_media":0,"parent":0,"menu_order":0,"comment_status":"closed","ping_status":"closed","template":"","meta":{"_et_pb_use_builder":"on","_et_pb_old_content":"","_et_gb_content_width":"","_exactmetrics_skip_tracking":false,"_exactmetrics_sitenote_active":false,"_exactmetrics_sitenote_note":"","_exactmetrics_sitenote_category":0,"footnotes":""},"class_list":["post-2189","page","type-page","status-publish","hentry"],"yoast_head":"<!-- This site is optimized with the Yoast SEO plugin v23.2 - https:\/\/yoast.com\/wordpress\/plugins\/seo\/ -->\n<title>Mentions l\u00e9gales | Bilbao Hostel<\/title>\n<meta name=\"robots\" content=\"noindex, nofollow\" \/>\n<meta property=\"og:locale\" content=\"fr_FR\" \/>\n<meta property=\"og:type\" content=\"article\" \/>\n<meta property=\"og:title\" content=\"Mentions l\u00e9gales | Bilbao Hostel\" \/>\n<meta property=\"og:description\" content=\"Mentions l\u00e9gales\u00a0IDENTIFICATION DU TITULAIRE DU DOMAINEConform\u00e9ment aux dispositions de l\u2019article\u00a010 de la Loi 34\/2002 du 11 juillet relative aux Services de la Soci\u00e9t\u00e9 de l\u2019Information et du Commerce \u00e9lectronique, nous vous informons\u00a0que\u00a0:le titulaire de ce domaine est SUSPERGINTZA, association d\u2019aide sociale domicili\u00e9e \u00e0 Bilbao, rue Sim\u00f3n Bol\u00edvar\u00a08B, CIF\u00a0: G48264030, organisme inscrit au Registre des [&hellip;]\" \/>\n<meta property=\"og:url\" content=\"https:\/\/bilbaohostel.net\/fr\/mentions-legales\/\" \/>\n<meta property=\"og:site_name\" content=\"Bilbao Hostel\" \/>\n<meta property=\"article:publisher\" content=\"https:\/\/www.facebook.com\/BilbaoHostel\" \/>\n<meta property=\"article:modified_time\" content=\"2019-09-18T10:45:35+00:00\" \/>\n<meta property=\"og:image\" content=\"https:\/\/bilbaohostel.net\/wp-content\/uploads\/bilbao-hostel-general.jpg\" \/>\n\t<meta property=\"og:image:width\" content=\"600\" \/>\n\t<meta property=\"og:image:height\" content=\"338\" \/>\n\t<meta property=\"og:image:type\" content=\"image\/jpeg\" \/>\n<meta name=\"twitter:card\" content=\"summary_large_image\" \/>\n<meta name=\"twitter:site\" content=\"@BILBAOHOSTEL\" \/>\n<meta name=\"twitter:label1\" content=\"Dur\u00e9e de lecture estim\u00e9e\" \/>\n\t<meta name=\"twitter:data1\" content=\"4 minutes\" \/>\n<script type=\"application\/ld+json\" class=\"yoast-schema-graph\">{\"@context\":\"https:\/\/schema.org\",\"@graph\":[{\"@type\":\"WebPage\",\"@id\":\"https:\/\/bilbaohostel.net\/fr\/mentions-legales\/\",\"url\":\"https:\/\/bilbaohostel.net\/fr\/mentions-legales\/\",\"name\":\"Mentions l\u00e9gales | Bilbao Hostel\",\"isPartOf\":{\"@id\":\"https:\/\/bilbaohostel.net\/#website\"},\"datePublished\":\"2018-03-26T08:54:43+00:00\",\"dateModified\":\"2019-09-18T10:45:35+00:00\",\"breadcrumb\":{\"@id\":\"https:\/\/bilbaohostel.net\/fr\/mentions-legales\/#breadcrumb\"},\"inLanguage\":\"fr-FR\",\"potentialAction\":[{\"@type\":\"ReadAction\",\"target\":[\"https:\/\/bilbaohostel.net\/fr\/mentions-legales\/\"]}]},{\"@type\":\"BreadcrumbList\",\"@id\":\"https:\/\/bilbaohostel.net\/fr\/mentions-legales\/#breadcrumb\",\"itemListElement\":[{\"@type\":\"ListItem\",\"position\":1,\"name\":\"Portada\",\"item\":\"https:\/\/bilbaohostel.net\/fr\/\"},{\"@type\":\"ListItem\",\"position\":2,\"name\":\"Mentions l\u00e9gales\"}]},{\"@type\":\"WebSite\",\"@id\":\"https:\/\/bilbaohostel.net\/#website\",\"url\":\"https:\/\/bilbaohostel.net\/\",\"name\":\"Bilbao Hostel\",\"description\":\"Auberge de Jeunesse \u00e0 Bilbao\",\"publisher\":{\"@id\":\"https:\/\/bilbaohostel.net\/#organization\"},\"potentialAction\":[{\"@type\":\"SearchAction\",\"target\":{\"@type\":\"EntryPoint\",\"urlTemplate\":\"https:\/\/bilbaohostel.net\/?s={search_term_string}\"},\"query-input\":\"required name=search_term_string\"}],\"inLanguage\":\"fr-FR\"},{\"@type\":\"Organization\",\"@id\":\"https:\/\/bilbaohostel.net\/#organization\",\"name\":\"Bilbao Hostel\",\"url\":\"https:\/\/bilbaohostel.net\/\",\"logo\":{\"@type\":\"ImageObject\",\"inLanguage\":\"fr-FR\",\"@id\":\"https:\/\/bilbaohostel.net\/#\/schema\/logo\/image\/\",\"url\":\"https:\/\/bilbaohostel.net\/wp-content\/uploads\/Bilbao-Hostel-icon.png\",\"contentUrl\":\"https:\/\/bilbaohostel.net\/wp-content\/uploads\/Bilbao-Hostel-icon.png\",\"width\":512,\"height\":512,\"caption\":\"Bilbao Hostel\"},\"image\":{\"@id\":\"https:\/\/bilbaohostel.net\/#\/schema\/logo\/image\/\"},\"sameAs\":[\"https:\/\/www.facebook.com\/BilbaoHostel\",\"https:\/\/x.com\/BILBAOHOSTEL\",\"https:\/\/www.instagram.com\/bilbaohostel\/\",\"https:\/\/www.youtube.com\/channel\/UCK1NrHb2a_ktm6cBDwcANaA\"]}]}<\/script>\n<!-- \/ Yoast SEO plugin. -->","yoast_head_json":{"title":"Mentions l\u00e9gales | Bilbao Hostel","robots":{"index":"noindex","follow":"nofollow"},"og_locale":"fr_FR","og_type":"article","og_title":"Mentions l\u00e9gales | Bilbao Hostel","og_description":"Mentions l\u00e9gales\u00a0IDENTIFICATION DU TITULAIRE DU DOMAINEConform\u00e9ment aux dispositions de l\u2019article\u00a010 de la Loi 34\/2002 du 11 juillet relative aux Services de la Soci\u00e9t\u00e9 de l\u2019Information et du Commerce \u00e9lectronique, nous vous informons\u00a0que\u00a0:le titulaire de ce domaine est SUSPERGINTZA, association d\u2019aide sociale domicili\u00e9e \u00e0 Bilbao, rue Sim\u00f3n Bol\u00edvar\u00a08B, CIF\u00a0: G48264030, organisme inscrit au Registre des [&hellip;]","og_url":"https:\/\/bilbaohostel.net\/fr\/mentions-legales\/","og_site_name":"Bilbao Hostel","article_publisher":"https:\/\/www.facebook.com\/BilbaoHostel","article_modified_time":"2019-09-18T10:45:35+00:00","og_image":[{"width":600,"height":338,"url":"https:\/\/bilbaohostel.net\/wp-content\/uploads\/bilbao-hostel-general.jpg","type":"image\/jpeg"}],"twitter_card":"summary_large_image","twitter_site":"@BILBAOHOSTEL","twitter_misc":{"Dur\u00e9e de lecture estim\u00e9e":"4 minutes"},"schema":{"@context":"https:\/\/schema.org","@graph":[{"@type":"WebPage","@id":"https:\/\/bilbaohostel.net\/fr\/mentions-legales\/","url":"https:\/\/bilbaohostel.net\/fr\/mentions-legales\/","name":"Mentions l\u00e9gales | Bilbao Hostel","isPartOf":{"@id":"https:\/\/bilbaohostel.net\/#website"},"datePublished":"2018-03-26T08:54:43+00:00","dateModified":"2019-09-18T10:45:35+00:00","breadcrumb":{"@id":"https:\/\/bilbaohostel.net\/fr\/mentions-legales\/#breadcrumb"},"inLanguage":"fr-FR","potentialAction":[{"@type":"ReadAction","target":["https:\/\/bilbaohostel.net\/fr\/mentions-legales\/"]}]},{"@type":"BreadcrumbList","@id":"https:\/\/bilbaohostel.net\/fr\/mentions-legales\/#breadcrumb","itemListElement":[{"@type":"ListItem","position":1,"name":"Portada","item":"https:\/\/bilbaohostel.net\/fr\/"},{"@type":"ListItem","position":2,"name":"Mentions l\u00e9gales"}]},{"@type":"WebSite","@id":"https:\/\/bilbaohostel.net\/#website","url":"https:\/\/bilbaohostel.net\/","name":"Bilbao Hostel","description":"Auberge de Jeunesse \u00e0 Bilbao","publisher":{"@id":"https:\/\/bilbaohostel.net\/#organization"},"potentialAction":[{"@type":"SearchAction","target":{"@type":"EntryPoint","urlTemplate":"https:\/\/bilbaohostel.net\/?s={search_term_string}"},"query-input":"required name=search_term_string"}],"inLanguage":"fr-FR"},{"@type":"Organization","@id":"https:\/\/bilbaohostel.net\/#organization","name":"Bilbao Hostel","url":"https:\/\/bilbaohostel.net\/","logo":{"@type":"ImageObject","inLanguage":"fr-FR","@id":"https:\/\/bilbaohostel.net\/#\/schema\/logo\/image\/","url":"https:\/\/bilbaohostel.net\/wp-content\/uploads\/Bilbao-Hostel-icon.png","contentUrl":"https:\/\/bilbaohostel.net\/wp-content\/uploads\/Bilbao-Hostel-icon.png","width":512,"height":512,"caption":"Bilbao Hostel"},"image":{"@id":"https:\/\/bilbaohostel.net\/#\/schema\/logo\/image\/"},"sameAs":["https:\/\/www.facebook.com\/BilbaoHostel","https:\/\/x.com\/BILBAOHOSTEL","https:\/\/www.instagram.com\/bilbaohostel\/","https:\/\/www.youtube.com\/channel\/UCK1NrHb2a_ktm6cBDwcANaA"]}]}},"_links":{"self":[{"href":"https:\/\/bilbaohostel.net\/fr\/wp-json\/wp\/v2\/pages\/2189"}],"collection":[{"href":"https:\/\/bilbaohostel.net\/fr\/wp-json\/wp\/v2\/pages"}],"about":[{"href":"https:\/\/bilbaohostel.net\/fr\/wp-json\/wp\/v2\/types\/page"}],"author":[{"embeddable":true,"href":"https:\/\/bilbaohostel.net\/fr\/wp-json\/wp\/v2\/users\/3"}],"replies":[{"embeddable":true,"href":"https:\/\/bilbaohostel.net\/fr\/wp-json\/wp\/v2\/comments?post=2189"}],"version-history":[{"count":0,"href":"https:\/\/bilbaohostel.net\/fr\/wp-json\/wp\/v2\/pages\/2189\/revisions"}],"wp:attachment":[{"href":"https:\/\/bilbaohostel.net\/fr\/wp-json\/wp\/v2\/media?parent=2189"}],"curies":[{"name":"wp","href":"https:\/\/api.w.org\/{rel}","templated":true}]}}