{"id":2230,"date":"2018-03-26T10:52:36","date_gmt":"2018-03-26T08:52:36","guid":{"rendered":"https:\/\/bilbaohostel.net\/que-ver-en-bilbao\/"},"modified":"2025-01-14T13:20:23","modified_gmt":"2025-01-14T12:20:23","slug":"que-voir-a-bilbao","status":"publish","type":"page","link":"https:\/\/bilbaohostel.net\/fr\/que-voir-a-bilbao\/","title":{"rendered":"Que voir \u00e0 Bilbao"},"content":{"rendered":"<p>[et_pb_section fb_built=&#8221;1&#8243; _builder_version=&#8221;4.16&#8243; use_background_color_gradient=&#8221;on&#8221; background_color_gradient_stops=&#8221;rgba(0,0,0,0.4) 0%|rgba(0,0,0,0.3) 100%&#8221; background_color_gradient_overlays_image=&#8221;on&#8221; background_color_gradient_start=&#8221;rgba(0,0,0,0.4)&#8221; background_color_gradient_end=&#8221;rgba(0,0,0,0.3)&#8221; background_image=&#8221;https:\/\/bilbaohostel.net\/wp-content\/uploads\/fondo-bilbao.jpg&#8221; custom_padding=&#8221;||0px|&#8221; global_colors_info=&#8221;{}&#8221;][et_pb_row _builder_version=&#8221;4.16&#8243; global_colors_info=&#8221;{}&#8221;][et_pb_column type=&#8221;4_4&#8243; _builder_version=&#8221;4.16&#8243; custom_padding=&#8221;|||&#8221; global_colors_info=&#8221;{}&#8221; custom_padding__hover=&#8221;|||&#8221;][et_pb_text admin_label=&#8221;Titulo&#8221; _builder_version=&#8221;4.16&#8243; text_font_size=&#8221;20px&#8221; header_font=&#8221;|800||on|||||&#8221; header_text_align=&#8221;center&#8221; header_font_size=&#8221;36px&#8221; text_orientation=&#8221;center&#8221; background_layout=&#8221;dark&#8221; header_font_size_tablet=&#8221;33px&#8221; header_font_size_phone=&#8221;30px&#8221; header_font_size_last_edited=&#8221;on|tablet&#8221; header_text_shadow_style=&#8221;preset1&#8243; global_colors_info=&#8221;{}&#8221;]<\/p>\n<h1>QUE VOIR \u00c0 BILBAO<\/h1>\n<p>Laissez-vous s\u00e9duire par l&#8217;esprit de Bilbao!<br \/>\n[\/et_pb_text][\/et_pb_column][\/et_pb_row][et_pb_row column_structure=&#8221;1_4,3_4&#8243; use_custom_gutter=&#8221;on&#8221; gutter_width=&#8221;1&#8243; _builder_version=&#8221;4.16&#8243; background_color=&#8221;rgba(224,43,32,0.4)&#8221; module_alignment=&#8221;center&#8221; custom_margin=&#8221;0px|||&#8221; custom_padding=&#8221;|||20px&#8221; border_radii=&#8221;|20px|20px|0px|0px&#8221; locked=&#8221;off&#8221; collapsed=&#8221;off&#8221; global_colors_info=&#8221;{}&#8221;][et_pb_column type=&#8221;1_4&#8243; _builder_version=&#8221;4.16&#8243; custom_padding=&#8221;|||&#8221; global_colors_info=&#8221;{}&#8221; custom_padding__hover=&#8221;|||&#8221;][et_pb_blurb title=&#8221;TARIFS &#038; R\u00c9SERVATIONSsss&#8221; use_icon=&#8221;on&#8221; font_icon=&#8221;&#x52;||divi||400&#8243; icon_color=&#8221;#ffffff&#8221; icon_placement=&#8221;left&#8221; image_icon_width=&#8221;46px&#8221; _builder_version=&#8221;4.16&#8243; header_font=&#8221;Roboto Condensed||||||||&#8221; header_font_size=&#8221;26&#8243; text_orientation=&#8221;center&#8221; background_layout=&#8221;dark&#8221; icon_font_size=&#8221;46px&#8221; global_colors_info=&#8221;{}&#8221;][\/et_pb_blurb][\/et_pb_column][et_pb_column type=&#8221;3_4&#8243; _builder_version=&#8221;4.16&#8243; custom_padding=&#8221;|||&#8221; global_colors_info=&#8221;{}&#8221; custom_padding__hover=&#8221;|||&#8221;][et_pb_code admin_label=&#8221;C\u00f3digo FR&#8221; _builder_version=&#8221;4.16&#8243; global_colors_info=&#8221;{}&#8221;]<\/p>\n<form class=\"et_pb_contact formreservas\" action=\"https:\/\/hostels32.assd.com\/crs4.php\" method=\"get\" target=\"_blank\"><!-- [et_pb_line_break_holder] --><input id=\"checkauto\" name=\"checkauto\" value=\"1\" type=\"hidden\"><!-- [et_pb_line_break_holder] --><input id=\"langcrs\" name=\"langcrs\" value=\"F\" type=\"hidden\"><!-- [et_pb_line_break_holder] --><input id=\"cust\" name=\"cust\" value=\"220135\" type=\"hidden\"><!-- [et_pb_line_break_holder] --><input id=\"type\" name=\"type\" value=\"020\" type=\"hidden\"><!-- [et_pb_line_break_holder] --><input id=\"arrhidden\" name=\"arrhidden\" value=\"\" type=\"hidden\"><!-- [et_pb_line_break_holder] --><input id=\"dephidden\" name=\"dephidden\" value=\"\" type=\"hidden\"><!-- [et_pb_line_break_holder] --><\/p>\n<div><input type=\"date\" id=\"arr\" class=\"fecha\"><span class=\"check\">Arriv\u00e9<\/span><\/div>\n<p><!-- [et_pb_line_break_holder] --><\/p>\n<div><input type=\"date\" id=\"dep\" class=\"fecha\"><span class=\"check\">D\u00e9part<\/span><\/div>\n<p><!-- [et_pb_line_break_holder] --><\/p>\n<div class=\"guestnum\"><span class=\"adults\">Personnes<\/span><!-- [et_pb_line_break_holder] -->  <select name=\"adult\" id=\"adult\" placeholder=\"\" title=\"Guests\"><!-- [et_pb_line_break_holder] --><option value=\"1\">1<\/option><!-- [et_pb_line_break_holder] --><option value=\"2\">2<\/option><!-- [et_pb_line_break_holder] --><option value=\"3\">3<\/option><!-- [et_pb_line_break_holder] --><option value=\"4\">4<\/option><!-- [et_pb_line_break_holder] --><option value=\"5\">5<\/option><!-- [et_pb_line_break_holder] --><option value=\"6\">6<\/option><!-- [et_pb_line_break_holder] --><option value=\"7\">7<\/option><!-- [et_pb_line_break_holder] --><option value=\"8\">8<\/option><!-- [et_pb_line_break_holder] --><option value=\"9\">9<\/option><!-- [et_pb_line_break_holder] -->  <\/select><\/div>\n<p><!-- [et_pb_line_break_holder] --><\/p>\n<div><!-- [et_pb_line_break_holder] -->  <button type=\"submit\">V\u00c9RIFIER<\/button><\/div>\n<p><!-- [et_pb_line_break_holder] --><\/form>\n<p><!-- [et_pb_line_break_holder] --><script src=\"https:\/\/ajax.googleapis.com\/ajax\/libs\/jquery\/3.6.0\/jquery.min.js\"><\/script><!-- [et_pb_line_break_holder] --><script><!-- [et_pb_line_break_holder] -->$('#arr').change(function(){<!-- [et_pb_line_break_holder] -->\tvar fecha = $(this).val();<!-- [et_pb_line_break_holder] -->\tconsole.log($(this).val());<!-- [et_pb_line_break_holder] -->\tvar nuevaFecha = fecha.split('-');<!-- [et_pb_line_break_holder] -->\t$('#arrhidden'). val(nuevaFecha[2] + '-' + nuevaFecha[1] + '-' + nuevaFecha[0]);<!-- [et_pb_line_break_holder] -->});<!-- [et_pb_line_break_holder] -->$('#dep').change(function(){<!-- [et_pb_line_break_holder] -->\tvar fecha = $(this).val();<!-- [et_pb_line_break_holder] -->\tconsole.log($(this).val());<!-- [et_pb_line_break_holder] -->\tvar nuevaFecha = fecha.split('-');<!-- [et_pb_line_break_holder] -->\t$('#dephidden'). val(nuevaFecha[2] + '-' + nuevaFecha[1] + '-' + nuevaFecha[0]);<!-- [et_pb_line_break_holder] -->});<!-- [et_pb_line_break_holder] --><\/script>[\/et_pb_code][\/et_pb_column][\/et_pb_row][\/et_pb_section][et_pb_section fb_built=&#8221;1&#8243; _builder_version=&#8221;4.16&#8243; global_colors_info=&#8221;{}&#8221;][et_pb_row column_structure=&#8221;1_2,1_2&#8243; _builder_version=&#8221;4.16&#8243; background_size=&#8221;initial&#8221; background_position=&#8221;top_left&#8221; background_repeat=&#8221;repeat&#8221; global_colors_info=&#8221;{}&#8221; admin_label=&#8221;Fila&#8221;][et_pb_column type=&#8221;1_2&#8243; _builder_version=&#8221;4.16&#8243; custom_padding=&#8221;|||&#8221; global_colors_info=&#8221;{}&#8221; custom_padding__hover=&#8221;|||&#8221;][et_pb_image src=&#8221;https:\/\/bilbaohostel.net\/wp-content\/uploads\/paseo-Guggenheim-Bilbao.jpg&#8221; alt=&#8221;Paseo Gugenheim Bilbao&#8221; title_text=&#8221;Paseo Gugenheim Bilbao&#8221; align_tablet=&#8221;center&#8221; align_phone=&#8221;center&#8221; align_last_edited=&#8221;on|desktop&#8221; admin_label=&#8221;Paseo Gugenheim Bilbao&#8221; _builder_version=&#8221;4.16&#8243; global_colors_info=&#8221;{}&#8221;][\/et_pb_image][\/et_pb_column][et_pb_column type=&#8221;1_2&#8243; _builder_version=&#8221;4.16&#8243; custom_padding=&#8221;|||&#8221; global_colors_info=&#8221;{}&#8221; custom_padding__hover=&#8221;|||&#8221;][et_pb_text _builder_version=&#8221;4.16&#8243; global_colors_info=&#8221;{}&#8221;]<\/p>\n<h2>Bilbao<\/h2>\n<p>Bilbao est une ville en pleine transformation ces derni\u00e8res ann\u00e9es, qui fourmille de vie, de centres d\u2019int\u00e9r\u00eat et d\u2019activit\u00e9s \u00e0 d\u00e9couvrir, sans mentionner l\u2019amabilit\u00e9 de ses habitants et le haut niveau de qualit\u00e9 des services propos\u00e9s. Depuis le Bilbao Hostel, vous sentirez que vous dominez le Grand Bilbao qui se d\u00e9ploie sous vos pieds et est impatient de vous conna\u00eetre.<\/p>\n<p>Du Mus\u00e9e Guggenheim au Casco Viejo, la vieille ville, du Pont de Portugalete \u00e0 la Basilique de Bego\u00f1a, en passant par les plaisirs de la gastronomie basque qui \u00e0 Bilbao a une saveur toute particuli\u00e8re\u2026 <a href=\"https:\/\/tourisme.euskadi.eus\/fr\/top10\/localites\/bilbao\/aa30-12376\/fr\/\" target=\"_blank\" rel=\"noopener\">Laissez-vous s\u00e9duire par l\u2019esprit de Bilbao !<\/a><br \/>\n[\/et_pb_text][\/et_pb_column][\/et_pb_row][et_pb_row column_structure=&#8221;1_2,1_2&#8243; _builder_version=&#8221;4.16&#8243; background_size=&#8221;initial&#8221; background_position=&#8221;top_left&#8221; background_repeat=&#8221;repeat&#8221; global_colors_info=&#8221;{}&#8221;][et_pb_column type=&#8221;1_2&#8243; _builder_version=&#8221;4.16&#8243; custom_padding=&#8221;|||&#8221; global_colors_info=&#8221;{}&#8221; custom_padding__hover=&#8221;|||&#8221;][et_pb_text _builder_version=&#8221;4.16&#8243; global_colors_info=&#8221;{}&#8221;]<\/p>\n<h2>C\u00f4te<\/h2>\n<p>La c\u00f4te de Biscaye est l\u2019une des plus belles du Golfe de Gascogne. \u00c0 la fois accueillante et sauvage, elle s\u2019offre pour le plus grand plaisir des jeunes et des moins jeunes. Les plages de Sopelana, Gorliz et Getxo, tout proches de la ville, vous permettront de profiter du plaisir du soleil et de la mer sans avoir \u00e0 peine la sensation de quitter Bilbao.<\/p>\n<p>Les amateurs de surf et des sports nautiques et d\u2019aventure trouveront leur bonheur gr\u00e2ce aux innombrables possibilit\u00e9s passionnantes dans des lieux embl\u00e9matiques et des centres de p\u00e8lerinage pour les visiteurs du monde entier: Mundaka, avec sa mythique vague gauche qui embrase l\u2019imagination des surfeurs venus des quatre coins du monde ; la r\u00e9serve naturelle d\u2019Urdaibai; Lekeitio et sa c\u00f4te magique; Gernika, ville symbole mondiale de la paix\u2026<br \/>\n[\/et_pb_text][\/et_pb_column][et_pb_column type=&#8221;1_2&#8243; _builder_version=&#8221;4.16&#8243; custom_padding=&#8221;|||&#8221; global_colors_info=&#8221;{}&#8221; custom_padding__hover=&#8221;|||&#8221;][et_pb_image src=&#8221;https:\/\/bilbaohostel.net\/wp-content\/uploads\/playa.jpg&#8221; alt=&#8221;Playa Urdaibai&#8221; title_text=&#8221;Playa Urdaibai&#8221; align_tablet=&#8221;center&#8221; align_phone=&#8221;center&#8221; align_last_edited=&#8221;on|desktop&#8221; admin_label=&#8221;Playa Urdaibai&#8221; _builder_version=&#8221;4.16&#8243; global_colors_info=&#8221;{}&#8221;][\/et_pb_image][\/et_pb_column][\/et_pb_row][et_pb_row column_structure=&#8221;1_2,1_2&#8243; _builder_version=&#8221;4.16&#8243; background_size=&#8221;initial&#8221; background_position=&#8221;top_left&#8221; background_repeat=&#8221;repeat&#8221; global_colors_info=&#8221;{}&#8221;][et_pb_column type=&#8221;1_2&#8243; _builder_version=&#8221;4.16&#8243; custom_padding=&#8221;|||&#8221; global_colors_info=&#8221;{}&#8221; custom_padding__hover=&#8221;|||&#8221;][et_pb_image src=&#8221;https:\/\/bilbaohostel.net\/wp-content\/uploads\/Guggenheim.jpg&#8221; alt=&#8221;Guggenheim Bilbao&#8221; title_text=&#8221;Guggenheim Bilbao&#8221; align_tablet=&#8221;center&#8221; align_phone=&#8221;center&#8221; align_last_edited=&#8221;on|desktop&#8221; admin_label=&#8221;Guggenheim Bilbao&#8221; _builder_version=&#8221;4.16&#8243; global_colors_info=&#8221;{}&#8221;][\/et_pb_image][\/et_pb_column][et_pb_column type=&#8221;1_2&#8243; _builder_version=&#8221;4.16&#8243; custom_padding=&#8221;|||&#8221; global_colors_info=&#8221;{}&#8221; custom_padding__hover=&#8221;|||&#8221;][et_pb_text _builder_version=&#8221;4.16&#8243; global_colors_info=&#8221;{}&#8221;]<\/p>\n<h2>Loisir urbain<\/h2>\n<p>Bilbao offre de tr\u00e8s nombreuses options de loisir vari\u00e9es, pour tous les \u00e2ges et pour tous les go\u00fbts. Les amateurs d\u2019art seront combl\u00e9s au Mus\u00e9e <a href=\"https:\/\/www.guggenheim-bilbao.eus\/fr\/\" target=\"_blank\" rel=\"noopener\">Guggenheim<\/a> et au\u00a0<a href=\"https:\/\/www.museobilbao.com\/in\/\" target=\"_blank\" rel=\"noopener\">Mus\u00e9e des Beaux-arts<\/a> ; la musique a un espace privil\u00e9gi\u00e9 \u00e0 Bilbao avec des \u00e9v\u00e9nements comme le <a href=\"https:\/\/www.bilbaobbklive.com\/en\/\" target=\"_blank\" rel=\"noopener\">BBK Live<\/a>, ainsi que des salles de concerts avec une programmation riche et vari\u00e9e comme le <a href=\"http:\/\/www.kafeantzokia.eus\/es\/\">Kaf\u00e9 Antzokia<\/a> et bien d\u2019autres encore ; les arts du spectacle offrent en ville la possibilit\u00e9 de vivre des exp\u00e9riences de divers types et textures dans des salles comme le <a href=\"http:\/\/www.teatrocampos.com\/\" target=\"_blank\" rel=\"noopener\">Th\u00e9\u00e2tre Campos El\u00edseos<\/a> et l\u2019<a href=\"http:\/\/www.teatroarriaga.eus\/?lang=en\" target=\"_blank\" rel=\"noopener\">Arriaga<\/a>; la culture au sens large et moderne se refl\u00e8te dans des espaces comme le <a href=\"https:\/\/www.azkunazentroa.eus\/az\/ingl\/home\/visit-azkuna-zentroa\/the-building\" target=\"_blank\" rel=\"noopener\">Centre Azkuna-La Alh\u00f3ndiga\u2026<\/a>. Par ailleurs les amateurs de f\u00eates nocturnes doivent imp\u00e9rativement assister \u00e0 l\u2019Aste Nagusia, la grande semaine de f\u00eate qui, pendant la derni\u00e8re semaine d\u2019ao\u00fbt, transforme la ville en un grand \u00e9clat de rire et de f\u00eate ; impossible de l\u2019oublier une fois qu\u2019on l\u2019a v\u00e9cu. http:\/\/www.guiadelocio.com\/vizcaya<br \/>\n[\/et_pb_text][\/et_pb_column][\/et_pb_row][et_pb_row column_structure=&#8221;1_2,1_2&#8243; _builder_version=&#8221;4.16&#8243; background_size=&#8221;initial&#8221; background_position=&#8221;top_left&#8221; background_repeat=&#8221;repeat&#8221; global_colors_info=&#8221;{}&#8221;][et_pb_column type=&#8221;1_2&#8243; _builder_version=&#8221;4.16&#8243; custom_padding=&#8221;|||&#8221; global_colors_info=&#8221;{}&#8221; custom_padding__hover=&#8221;|||&#8221;][et_pb_text _builder_version=&#8221;4.16&#8243; global_colors_info=&#8221;{}&#8221;]<\/p>\n<h2>Biscaye, Gipuzkoa, Cantabrie, Navarre&#8230;.<\/h2>\n<p>la Biscaye vous attend. Et Saint S\u00e9bastien. Et Pampelune\u2026 Depuis Bilbao vous pourrez pr\u00e9parer vos excursions dans tous ces magnifiques et passionnants coins de notre terre\u2026 Dans un mouchoir de poche !<\/p>\n<ul>\n<li><a href=\"https:\/\/turismo.euskadi.eus\/fr\/\" target=\"_blank\" rel=\"noopener\">Turismo Euskadi<\/a><\/li>\n<li><a href=\"http:\/\/www.turismo.navarra.es\/fre\/home\/\" target=\"_blank\" rel=\"noopener\">Turismo Navarra<\/a><\/li>\n<li><a href=\"http:\/\/turismodecantabria.com\/disfrutala\/que-visitar\" target=\"_blank\" rel=\"noopener\">Turismo Cantabria<\/a><\/li>\n<\/ul>\n<p>[\/et_pb_text][\/et_pb_column][et_pb_column type=&#8221;1_2&#8243; _builder_version=&#8221;4.16&#8243; custom_padding=&#8221;|||&#8221; global_colors_info=&#8221;{}&#8221; custom_padding__hover=&#8221;|||&#8221;][et_pb_image src=&#8221;https:\/\/bilbaohostel.net\/wp-content\/uploads\/caballos.jpg&#8221; alt=&#8221;Bizkaia, Cantabria, Navarra\u2026&#8221; title_text=&#8221;caballos&#8221; align_tablet=&#8221;center&#8221; align_phone=&#8221;center&#8221; align_last_edited=&#8221;on|desktop&#8221; admin_label=&#8221;Bizkaia, Cantabria, Navarra\u2026&#8221; _builder_version=&#8221;4.27.0&#8243; global_colors_info=&#8221;{}&#8221;][\/et_pb_image][\/et_pb_column][\/et_pb_row][\/et_pb_section]<\/p>\n","protected":false},"excerpt":{"rendered":"<p>QUE VOIR \u00c0 BILBAO Laissez-vous s\u00e9duire par l&#8217;esprit de Bilbao! Bilbao Bilbao est une ville en pleine transformation ces derni\u00e8res ann\u00e9es, qui fourmille de vie, de centres d\u2019int\u00e9r\u00eat et d\u2019activit\u00e9s \u00e0 d\u00e9couvrir, sans mentionner l\u2019amabilit\u00e9 de ses habitants et le haut niveau de qualit\u00e9 des services propos\u00e9s. Depuis le Bilbao Hostel, vous sentirez que vous [&hellip;]<\/p>\n","protected":false},"author":3,"featured_media":0,"parent":0,"menu_order":0,"comment_status":"closed","ping_status":"closed","template":"","meta":{"_et_pb_use_builder":"on","_et_pb_old_content":"","_et_gb_content_width":"","_exactmetrics_skip_tracking":false,"_exactmetrics_sitenote_active":false,"_exactmetrics_sitenote_note":"","_exactmetrics_sitenote_category":0,"footnotes":""},"class_list":["post-2230","page","type-page","status-publish","hentry"],"yoast_head":"<!-- This site is optimized with the Yoast SEO plugin v23.2 - https:\/\/yoast.com\/wordpress\/plugins\/seo\/ -->\n<title>Que voir \u00e0 Bilbao | Bilbao Hostel<\/title>\n<meta name=\"description\" content=\"Que voir \u00e0 Bilbao. Bilbao est une ville en pleine transformation ces derni\u00e8res ann\u00e9es, qui fourmille de vie, de centres d\u2019int\u00e9r\u00eat et d\u2019activit\u00e9s \u00e0 d\u00e9couvrir. Depuis le Bilbao Hostel, vous sentirez que vous dominez le Grand Bilbao qui se d\u00e9ploie sous vos pieds et est impatient de vous conna\u00eetre.\" \/>\n<meta name=\"robots\" content=\"index, follow, max-snippet:-1, max-image-preview:large, max-video-preview:-1\" \/>\n<link rel=\"canonical\" href=\"https:\/\/bilbaohostel.net\/fr\/que-voir-a-bilbao\/\" \/>\n<meta property=\"og:locale\" content=\"fr_FR\" \/>\n<meta property=\"og:type\" content=\"article\" \/>\n<meta property=\"og:title\" content=\"Que voir \u00e0 Bilbao | Bilbao Hostel\" \/>\n<meta property=\"og:description\" content=\"Que voir \u00e0 Bilbao. Bilbao est une ville en pleine transformation ces derni\u00e8res ann\u00e9es, qui fourmille de vie, de centres d\u2019int\u00e9r\u00eat et d\u2019activit\u00e9s \u00e0 d\u00e9couvrir. Depuis le Bilbao Hostel, vous sentirez que vous dominez le Grand Bilbao qui se d\u00e9ploie sous vos pieds et est impatient de vous conna\u00eetre.\" \/>\n<meta property=\"og:url\" content=\"https:\/\/bilbaohostel.net\/fr\/que-voir-a-bilbao\/\" \/>\n<meta property=\"og:site_name\" content=\"Bilbao Hostel\" \/>\n<meta property=\"article:publisher\" content=\"https:\/\/www.facebook.com\/BilbaoHostel\" \/>\n<meta property=\"article:modified_time\" content=\"2025-01-14T12:20:23+00:00\" \/>\n<meta property=\"og:image\" content=\"https:\/\/bilbaohostel.net\/wp-content\/uploads\/bilbao-hostel-general.jpg\" \/>\n\t<meta property=\"og:image:width\" content=\"600\" \/>\n\t<meta property=\"og:image:height\" content=\"338\" \/>\n\t<meta property=\"og:image:type\" content=\"image\/jpeg\" \/>\n<meta name=\"twitter:card\" content=\"summary_large_image\" \/>\n<meta name=\"twitter:site\" content=\"@BILBAOHOSTEL\" \/>\n<meta name=\"twitter:label1\" content=\"Dur\u00e9e de lecture estim\u00e9e\" \/>\n\t<meta name=\"twitter:data1\" content=\"3 minutes\" \/>\n<script type=\"application\/ld+json\" class=\"yoast-schema-graph\">{\"@context\":\"https:\/\/schema.org\",\"@graph\":[{\"@type\":\"WebPage\",\"@id\":\"https:\/\/bilbaohostel.net\/fr\/que-voir-a-bilbao\/\",\"url\":\"https:\/\/bilbaohostel.net\/fr\/que-voir-a-bilbao\/\",\"name\":\"Que voir \u00e0 Bilbao | Bilbao Hostel\",\"isPartOf\":{\"@id\":\"https:\/\/bilbaohostel.net\/#website\"},\"datePublished\":\"2018-03-26T08:52:36+00:00\",\"dateModified\":\"2025-01-14T12:20:23+00:00\",\"description\":\"Que voir \u00e0 Bilbao. Bilbao est une ville en pleine transformation ces derni\u00e8res ann\u00e9es, qui fourmille de vie, de centres d\u2019int\u00e9r\u00eat et d\u2019activit\u00e9s \u00e0 d\u00e9couvrir. Depuis le Bilbao Hostel, vous sentirez que vous dominez le Grand Bilbao qui se d\u00e9ploie sous vos pieds et est impatient de vous conna\u00eetre.\",\"breadcrumb\":{\"@id\":\"https:\/\/bilbaohostel.net\/fr\/que-voir-a-bilbao\/#breadcrumb\"},\"inLanguage\":\"fr-FR\",\"potentialAction\":[{\"@type\":\"ReadAction\",\"target\":[\"https:\/\/bilbaohostel.net\/fr\/que-voir-a-bilbao\/\"]}]},{\"@type\":\"BreadcrumbList\",\"@id\":\"https:\/\/bilbaohostel.net\/fr\/que-voir-a-bilbao\/#breadcrumb\",\"itemListElement\":[{\"@type\":\"ListItem\",\"position\":1,\"name\":\"Portada\",\"item\":\"https:\/\/bilbaohostel.net\/fr\/\"},{\"@type\":\"ListItem\",\"position\":2,\"name\":\"Que voir \u00e0 Bilbao\"}]},{\"@type\":\"WebSite\",\"@id\":\"https:\/\/bilbaohostel.net\/#website\",\"url\":\"https:\/\/bilbaohostel.net\/\",\"name\":\"Bilbao Hostel\",\"description\":\"Auberge de Jeunesse \u00e0 Bilbao\",\"publisher\":{\"@id\":\"https:\/\/bilbaohostel.net\/#organization\"},\"potentialAction\":[{\"@type\":\"SearchAction\",\"target\":{\"@type\":\"EntryPoint\",\"urlTemplate\":\"https:\/\/bilbaohostel.net\/?s={search_term_string}\"},\"query-input\":\"required name=search_term_string\"}],\"inLanguage\":\"fr-FR\"},{\"@type\":\"Organization\",\"@id\":\"https:\/\/bilbaohostel.net\/#organization\",\"name\":\"Bilbao Hostel\",\"url\":\"https:\/\/bilbaohostel.net\/\",\"logo\":{\"@type\":\"ImageObject\",\"inLanguage\":\"fr-FR\",\"@id\":\"https:\/\/bilbaohostel.net\/#\/schema\/logo\/image\/\",\"url\":\"https:\/\/bilbaohostel.net\/wp-content\/uploads\/Bilbao-Hostel-icon.png\",\"contentUrl\":\"https:\/\/bilbaohostel.net\/wp-content\/uploads\/Bilbao-Hostel-icon.png\",\"width\":512,\"height\":512,\"caption\":\"Bilbao Hostel\"},\"image\":{\"@id\":\"https:\/\/bilbaohostel.net\/#\/schema\/logo\/image\/\"},\"sameAs\":[\"https:\/\/www.facebook.com\/BilbaoHostel\",\"https:\/\/x.com\/BILBAOHOSTEL\",\"https:\/\/www.instagram.com\/bilbaohostel\/\",\"https:\/\/www.youtube.com\/channel\/UCK1NrHb2a_ktm6cBDwcANaA\"]}]}<\/script>\n<!-- \/ Yoast SEO plugin. -->","yoast_head_json":{"title":"Que voir \u00e0 Bilbao | Bilbao Hostel","description":"Que voir \u00e0 Bilbao. Bilbao est une ville en pleine transformation ces derni\u00e8res ann\u00e9es, qui fourmille de vie, de centres d\u2019int\u00e9r\u00eat et d\u2019activit\u00e9s \u00e0 d\u00e9couvrir. Depuis le Bilbao Hostel, vous sentirez que vous dominez le Grand Bilbao qui se d\u00e9ploie sous vos pieds et est impatient de vous conna\u00eetre.","robots":{"index":"index","follow":"follow","max-snippet":"max-snippet:-1","max-image-preview":"max-image-preview:large","max-video-preview":"max-video-preview:-1"},"canonical":"https:\/\/bilbaohostel.net\/fr\/que-voir-a-bilbao\/","og_locale":"fr_FR","og_type":"article","og_title":"Que voir \u00e0 Bilbao | Bilbao Hostel","og_description":"Que voir \u00e0 Bilbao. Bilbao est une ville en pleine transformation ces derni\u00e8res ann\u00e9es, qui fourmille de vie, de centres d\u2019int\u00e9r\u00eat et d\u2019activit\u00e9s \u00e0 d\u00e9couvrir. Depuis le Bilbao Hostel, vous sentirez que vous dominez le Grand Bilbao qui se d\u00e9ploie sous vos pieds et est impatient de vous conna\u00eetre.","og_url":"https:\/\/bilbaohostel.net\/fr\/que-voir-a-bilbao\/","og_site_name":"Bilbao Hostel","article_publisher":"https:\/\/www.facebook.com\/BilbaoHostel","article_modified_time":"2025-01-14T12:20:23+00:00","og_image":[{"width":600,"height":338,"url":"https:\/\/bilbaohostel.net\/wp-content\/uploads\/bilbao-hostel-general.jpg","type":"image\/jpeg"}],"twitter_card":"summary_large_image","twitter_site":"@BILBAOHOSTEL","twitter_misc":{"Dur\u00e9e de lecture estim\u00e9e":"3 minutes"},"schema":{"@context":"https:\/\/schema.org","@graph":[{"@type":"WebPage","@id":"https:\/\/bilbaohostel.net\/fr\/que-voir-a-bilbao\/","url":"https:\/\/bilbaohostel.net\/fr\/que-voir-a-bilbao\/","name":"Que voir \u00e0 Bilbao | Bilbao Hostel","isPartOf":{"@id":"https:\/\/bilbaohostel.net\/#website"},"datePublished":"2018-03-26T08:52:36+00:00","dateModified":"2025-01-14T12:20:23+00:00","description":"Que voir \u00e0 Bilbao. Bilbao est une ville en pleine transformation ces derni\u00e8res ann\u00e9es, qui fourmille de vie, de centres d\u2019int\u00e9r\u00eat et d\u2019activit\u00e9s \u00e0 d\u00e9couvrir. Depuis le Bilbao Hostel, vous sentirez que vous dominez le Grand Bilbao qui se d\u00e9ploie sous vos pieds et est impatient de vous conna\u00eetre.","breadcrumb":{"@id":"https:\/\/bilbaohostel.net\/fr\/que-voir-a-bilbao\/#breadcrumb"},"inLanguage":"fr-FR","potentialAction":[{"@type":"ReadAction","target":["https:\/\/bilbaohostel.net\/fr\/que-voir-a-bilbao\/"]}]},{"@type":"BreadcrumbList","@id":"https:\/\/bilbaohostel.net\/fr\/que-voir-a-bilbao\/#breadcrumb","itemListElement":[{"@type":"ListItem","position":1,"name":"Portada","item":"https:\/\/bilbaohostel.net\/fr\/"},{"@type":"ListItem","position":2,"name":"Que voir \u00e0 Bilbao"}]},{"@type":"WebSite","@id":"https:\/\/bilbaohostel.net\/#website","url":"https:\/\/bilbaohostel.net\/","name":"Bilbao Hostel","description":"Auberge de Jeunesse \u00e0 Bilbao","publisher":{"@id":"https:\/\/bilbaohostel.net\/#organization"},"potentialAction":[{"@type":"SearchAction","target":{"@type":"EntryPoint","urlTemplate":"https:\/\/bilbaohostel.net\/?s={search_term_string}"},"query-input":"required name=search_term_string"}],"inLanguage":"fr-FR"},{"@type":"Organization","@id":"https:\/\/bilbaohostel.net\/#organization","name":"Bilbao Hostel","url":"https:\/\/bilbaohostel.net\/","logo":{"@type":"ImageObject","inLanguage":"fr-FR","@id":"https:\/\/bilbaohostel.net\/#\/schema\/logo\/image\/","url":"https:\/\/bilbaohostel.net\/wp-content\/uploads\/Bilbao-Hostel-icon.png","contentUrl":"https:\/\/bilbaohostel.net\/wp-content\/uploads\/Bilbao-Hostel-icon.png","width":512,"height":512,"caption":"Bilbao Hostel"},"image":{"@id":"https:\/\/bilbaohostel.net\/#\/schema\/logo\/image\/"},"sameAs":["https:\/\/www.facebook.com\/BilbaoHostel","https:\/\/x.com\/BILBAOHOSTEL","https:\/\/www.instagram.com\/bilbaohostel\/","https:\/\/www.youtube.com\/channel\/UCK1NrHb2a_ktm6cBDwcANaA"]}]}},"_links":{"self":[{"href":"https:\/\/bilbaohostel.net\/fr\/wp-json\/wp\/v2\/pages\/2230"}],"collection":[{"href":"https:\/\/bilbaohostel.net\/fr\/wp-json\/wp\/v2\/pages"}],"about":[{"href":"https:\/\/bilbaohostel.net\/fr\/wp-json\/wp\/v2\/types\/page"}],"author":[{"embeddable":true,"href":"https:\/\/bilbaohostel.net\/fr\/wp-json\/wp\/v2\/users\/3"}],"replies":[{"embeddable":true,"href":"https:\/\/bilbaohostel.net\/fr\/wp-json\/wp\/v2\/comments?post=2230"}],"version-history":[{"count":0,"href":"https:\/\/bilbaohostel.net\/fr\/wp-json\/wp\/v2\/pages\/2230\/revisions"}],"wp:attachment":[{"href":"https:\/\/bilbaohostel.net\/fr\/wp-json\/wp\/v2\/media?parent=2230"}],"curies":[{"name":"wp","href":"https:\/\/api.w.org\/{rel}","templated":true}]}}