{"id":2498,"date":"2018-06-05T16:18:23","date_gmt":"2018-06-05T14:18:23","guid":{"rendered":"https:\/\/bilbaohostel.net\/services-dhotellerie-bilbao-hostel\/"},"modified":"2025-01-14T10:56:26","modified_gmt":"2025-01-14T09:56:26","slug":"services-dhotellerie-bilbao-hostel","status":"publish","type":"page","link":"https:\/\/bilbaohostel.net\/fr\/services-dhotellerie-bilbao-hostel\/","title":{"rendered":"Services d\u2019H\u00f4tellerie Bilbao Hostel"},"content":{"rendered":"<p>[et_pb_section fb_built=&#8221;1&#8243; _builder_version=&#8221;4.16&#8243; use_background_color_gradient=&#8221;on&#8221; background_color_gradient_stops=&#8221;rgba(0,0,0,0.4) 0%|rgba(0,0,0,0.3) 100%&#8221; background_color_gradient_overlays_image=&#8221;on&#8221; background_color_gradient_start=&#8221;rgba(0,0,0,0.4)&#8221; background_color_gradient_end=&#8221;rgba(0,0,0,0.3)&#8221; background_image=&#8221;https:\/\/bilbaohostel.net\/wp-content\/uploads\/fondo-bilbao-cielo.jpg&#8221; global_colors_info=&#8221;{}&#8221;][et_pb_row _builder_version=&#8221;4.16&#8243; global_colors_info=&#8221;{}&#8221;][et_pb_column type=&#8221;4_4&#8243; _builder_version=&#8221;4.16&#8243; custom_padding=&#8221;|||&#8221; global_colors_info=&#8221;{}&#8221; custom_padding__hover=&#8221;|||&#8221;][et_pb_text admin_label=&#8221;Titulo&#8221; _builder_version=&#8221;4.16&#8243; text_font_size=&#8221;20px&#8221; header_font=&#8221;|800||on|||||&#8221; header_text_align=&#8221;center&#8221; header_font_size=&#8221;36px&#8221; text_orientation=&#8221;center&#8221; background_layout=&#8221;dark&#8221; header_font_size_tablet=&#8221;33px&#8221; header_font_size_phone=&#8221;30px&#8221; header_font_size_last_edited=&#8221;on|tablet&#8221; header_text_shadow_style=&#8221;preset1&#8243; global_colors_info=&#8221;{}&#8221;]<\/p>\n<h1>Services d\u2019H\u00f4tellerie<\/h1>\n<p>Les meilleures vues de Bilbao avec un service de qualit\u00e9<br \/>\n[\/et_pb_text][\/et_pb_column][\/et_pb_row][\/et_pb_section][et_pb_section fb_built=&#8221;1&#8243; _builder_version=&#8221;4.16&#8243; global_colors_info=&#8221;{}&#8221;][et_pb_row _builder_version=&#8221;4.16&#8243; background_size=&#8221;initial&#8221; background_position=&#8221;top_left&#8221; background_repeat=&#8221;repeat&#8221; global_colors_info=&#8221;{}&#8221;][et_pb_column type=&#8221;4_4&#8243; _builder_version=&#8221;4.16&#8243; custom_padding=&#8221;|||&#8221; global_colors_info=&#8221;{}&#8221; custom_padding__hover=&#8221;|||&#8221;][et_pb_text _builder_version=&#8221;4.16&#8243; global_colors_info=&#8221;{}&#8221;]Bilbao Hostel n\u2019est pas uniquement un endroit pour dormir. Gr\u00e2ce \u00e0 notre restaurant et \u00e0 notre \u00e9quipe de cuisine, vous pourrez profiter d\u2019une riche carte de services h\u00f4teliers adapt\u00e9s aux besoins de votre famille, groupe ou soci\u00e9t\u00e9 et ce, avec un grand parking gratuit.<\/p>\n<blockquote><p><strong>Nos services d\u2019h\u00f4tellerie demandent une r\u00e9servation pr\u00e9alable au <\/strong> <a href=\"tel:+34944270054\">+34 94 427 00 54\u00a0<\/a><strong>et il n\u2019est pas n\u00e9cessaire d\u2019\u00eatre h\u00e9berg\u00e9 \u00e0 l\u2019Auberge pour en profiter.<\/strong><\/p><\/blockquote>\n<p>[\/et_pb_text][et_pb_image src=&#8221;https:\/\/bilbaohostel.net\/wp-content\/uploads\/vistas-desde-bilbao-hostel.jpg&#8221; alt=&#8221;Vistas desde Bilbao Hostel&#8221; title_text=&#8221;Vistas desde Bilbao Hostel&#8221; align_tablet=&#8221;center&#8221; align_phone=&#8221;center&#8221; align_last_edited=&#8221;on|desktop&#8221; _builder_version=&#8221;4.16&#8243; global_colors_info=&#8221;{}&#8221;][\/et_pb_image][et_pb_text _builder_version=&#8221;4.16&#8243; global_colors_info=&#8221;{}&#8221;]En profitant en outre des meilleures vues de Bilbao avec un service de qualit\u00e9 \u00e0 un prix incomparable.<br \/>\n[\/et_pb_text][\/et_pb_column][\/et_pb_row][et_pb_row column_structure=&#8221;1_3,1_3,1_3&#8243; use_custom_gutter=&#8221;on&#8221; gutter_width=&#8221;2&#8243; _builder_version=&#8221;4.16&#8243; global_colors_info=&#8221;{}&#8221;][et_pb_column type=&#8221;1_3&#8243; _builder_version=&#8221;4.16&#8243; custom_padding=&#8221;|||&#8221; global_colors_info=&#8221;{}&#8221; custom_padding__hover=&#8221;|||&#8221;][et_pb_blurb title=&#8221;Parking gratuit&#8221; image=&#8221;https:\/\/bilbaohostel.net\/wp-content\/uploads\/parking.png&#8221; icon_placement=&#8221;left&#8221; admin_label=&#8221;Parking Gratuito&#8221; _builder_version=&#8221;4.16&#8243; header_level=&#8221;h5&#8243; body_font_size=&#8221;15&#8243; global_colors_info=&#8221;{}&#8221;][\/et_pb_blurb][\/et_pb_column][et_pb_column type=&#8221;1_3&#8243; _builder_version=&#8221;4.16&#8243; custom_padding=&#8221;|||&#8221; global_colors_info=&#8221;{}&#8221; custom_padding__hover=&#8221;|||&#8221;][et_pb_blurb title=&#8221;Wi-fi gratuit&#8221; image=&#8221;https:\/\/bilbaohostel.net\/wp-content\/uploads\/wifi.png&#8221; icon_placement=&#8221;left&#8221; admin_label=&#8221;Wi-fi Gratuito&#8221; _builder_version=&#8221;4.16&#8243; header_level=&#8221;h5&#8243; body_font_size=&#8221;15&#8243; global_colors_info=&#8221;{}&#8221;][\/et_pb_blurb][\/et_pb_column][et_pb_column type=&#8221;1_3&#8243; _builder_version=&#8221;4.16&#8243; custom_padding=&#8221;|||&#8221; global_colors_info=&#8221;{}&#8221; custom_padding__hover=&#8221;|||&#8221;][et_pb_blurb title=&#8221;Adapt\u00e9e&#8221; image=&#8221;https:\/\/bilbaohostel.net\/wp-content\/uploads\/adaptado.png&#8221; icon_placement=&#8221;left&#8221; admin_label=&#8221;Hostel Adaptado&#8221; _builder_version=&#8221;4.16&#8243; header_level=&#8221;h5&#8243; body_font_size=&#8221;15&#8243; global_colors_info=&#8221;{}&#8221;][\/et_pb_blurb][\/et_pb_column][\/et_pb_row][et_pb_row column_structure=&#8221;1_2,1_2&#8243; _builder_version=&#8221;4.16&#8243; background_size=&#8221;initial&#8221; background_position=&#8221;top_left&#8221; background_repeat=&#8221;repeat&#8221; global_colors_info=&#8221;{}&#8221;][et_pb_column type=&#8221;1_2&#8243; _builder_version=&#8221;4.16&#8243; custom_padding=&#8221;|||&#8221; global_colors_info=&#8221;{}&#8221; custom_padding__hover=&#8221;|||&#8221;][et_pb_image src=&#8221;https:\/\/bilbaohostel.net\/wp-content\/uploads\/restaurante-bilbao-hostel.jpg&#8221; alt=&#8221;Restaurant Bilbao Hostel&#8221; title_text=&#8221;Restaurant Bilbao Hostel&#8221; align_tablet=&#8221;center&#8221; align_phone=&#8221;center&#8221; align_last_edited=&#8221;on|desktop&#8221; admin_label=&#8221;Foto&#8221; _builder_version=&#8221;4.16&#8243; global_colors_info=&#8221;{}&#8221;][\/et_pb_image][et_pb_text admin_label=&#8221;Restaurante&#8221; _builder_version=&#8221;4.27.0&#8243; hover_enabled=&#8221;0&#8243; global_colors_info=&#8221;{}&#8221; sticky_enabled=&#8221;0&#8243;]<\/p>\n<h3>Restaurant<\/h3>\n<p>Bilbao Hostel dispose d\u2019un restaurant pouvant accueillir 100 personnes et diff\u00e9rents types de menus.<\/p>\n<p>[\/et_pb_text][\/et_pb_column][et_pb_column type=&#8221;1_2&#8243; _builder_version=&#8221;4.16&#8243; custom_padding=&#8221;|||&#8221; global_colors_info=&#8221;{}&#8221; custom_padding__hover=&#8221;|||&#8221;][et_pb_image src=&#8221;https:\/\/bilbaohostel.net\/wp-content\/uploads\/comidas-en-bilbao-hostel.jpg&#8221; alt=&#8221;D\u00e9jeuners Bilbao Hostel&#8221; title_text=&#8221;D\u00e9jeuners Bilbao Hostel&#8221; align_tablet=&#8221;center&#8221; align_phone=&#8221;center&#8221; align_last_edited=&#8221;on|desktop&#8221; admin_label=&#8221;Foto&#8221; _builder_version=&#8221;4.16&#8243; global_colors_info=&#8221;{}&#8221;][\/et_pb_image][et_pb_text admin_label=&#8221;Comidas&#8221; _builder_version=&#8221;4.16&#8243; global_colors_info=&#8221;{}&#8221;]<\/p>\n<h3>D\u00e9jeuners<\/h3>\n<p>Vous pouvez prendre un menu du jour ou un menu sp\u00e9cial (sur r\u00e9servation pr\u00e9alable) ou commander un d\u00e9jeuner \u00e0 d\u00e9guster avec votre famille, groupe ou soci\u00e9t\u00e9.<br \/>\n[\/et_pb_text][\/et_pb_column][\/et_pb_row][\/et_pb_section][et_pb_section fb_built=&#8221;1&#8243; _builder_version=&#8221;4.16&#8243; use_background_color_gradient=&#8221;on&#8221; background_color_gradient_stops=&#8221;rgba(0,0,0,0.4) 0%|rgba(0,0,0,0.3) 100%&#8221; background_color_gradient_overlays_image=&#8221;on&#8221; background_color_gradient_start=&#8221;rgba(0,0,0,0.4)&#8221; background_color_gradient_end=&#8221;rgba(0,0,0,0.3)&#8221; background_image=&#8221;https:\/\/bilbaohostel.net\/wp-content\/uploads\/edificio-kastrexana-bilbao-hostel.jpg&#8221; global_colors_info=&#8221;{}&#8221;][et_pb_row _builder_version=&#8221;4.16&#8243; global_colors_info=&#8221;{}&#8221;][et_pb_column type=&#8221;4_4&#8243; _builder_version=&#8221;4.16&#8243; custom_padding=&#8221;|||&#8221; global_colors_info=&#8221;{}&#8221; custom_padding__hover=&#8221;|||&#8221;][et_pb_cta title=&#8221;B\u00c2TIMENT KASTREXANA&#8221; button_url=&#8221;https:\/\/bilbaohostel.net\/fr\/kastrexana\/&#8221; url_new_window=&#8221;on&#8221; button_text=&#8221;+ info&#8221; admin_label=&#8221;EDIFICIO KASTREXANA&#8221; _builder_version=&#8221;4.16&#8243; header_font_size=&#8221;34&#8243; body_font_size=&#8221;18&#8243; use_background_color=&#8221;off&#8221; custom_button=&#8221;on&#8221; button_text_color=&#8221;#ffffff&#8221; button_bg_color=&#8221;#e02b20&#8243; button_alignment=&#8221;center&#8221; text_shadow_style=&#8221;preset1&#8243; global_colors_info=&#8221;{}&#8221; button_text_size__hover_enabled=&#8221;off&#8221; button_one_text_size__hover_enabled=&#8221;off&#8221; button_two_text_size__hover_enabled=&#8221;off&#8221; button_text_color__hover_enabled=&#8221;off&#8221; button_one_text_color__hover_enabled=&#8221;off&#8221; button_two_text_color__hover_enabled=&#8221;off&#8221; button_border_width__hover_enabled=&#8221;off&#8221; button_one_border_width__hover_enabled=&#8221;off&#8221; button_two_border_width__hover_enabled=&#8221;off&#8221; button_border_color__hover_enabled=&#8221;off&#8221; button_one_border_color__hover_enabled=&#8221;off&#8221; button_two_border_color__hover_enabled=&#8221;off&#8221; button_border_radius__hover_enabled=&#8221;off&#8221; button_one_border_radius__hover_enabled=&#8221;off&#8221; button_two_border_radius__hover_enabled=&#8221;off&#8221; button_letter_spacing__hover_enabled=&#8221;off&#8221; button_one_letter_spacing__hover_enabled=&#8221;off&#8221; button_two_letter_spacing__hover_enabled=&#8221;off&#8221; button_bg_color__hover_enabled=&#8221;off&#8221; button_one_bg_color__hover_enabled=&#8221;off&#8221; button_two_bg_color__hover_enabled=&#8221;off&#8221;]Une infrastructure pens\u00e9e et con\u00e7ue comme un espace de rencontre qui permet s\u00e9ances de travail, s\u00e9ances de formation, projets et initiatives d\u2019innovation, journ\u00e9es, s\u00e9minaires et congr\u00e8s\u2026<br \/>\n[\/et_pb_cta][\/et_pb_column][\/et_pb_row][\/et_pb_section]<\/p>\n","protected":false},"excerpt":{"rendered":"<p>Services d\u2019H\u00f4tellerie Les meilleures vues de Bilbao avec un service de qualit\u00e9 Bilbao Hostel n\u2019est pas uniquement un endroit pour dormir. Gr\u00e2ce \u00e0 notre restaurant et \u00e0 notre \u00e9quipe de cuisine, vous pourrez profiter d\u2019une riche carte de services h\u00f4teliers adapt\u00e9s aux besoins de votre famille, groupe ou soci\u00e9t\u00e9 et ce, avec un grand parking [&hellip;]<\/p>\n","protected":false},"author":3,"featured_media":0,"parent":0,"menu_order":0,"comment_status":"closed","ping_status":"closed","template":"","meta":{"_et_pb_use_builder":"on","_et_pb_old_content":"","_et_gb_content_width":"","_exactmetrics_skip_tracking":false,"_exactmetrics_sitenote_active":false,"_exactmetrics_sitenote_note":"","_exactmetrics_sitenote_category":0,"footnotes":""},"class_list":["post-2498","page","type-page","status-publish","hentry"],"yoast_head":"<!-- This site is optimized with the Yoast SEO plugin v23.2 - https:\/\/yoast.com\/wordpress\/plugins\/seo\/ -->\n<title>Services d\u2019H\u00f4tellerie Bilbao Hostel | Bilbao Hostel<\/title>\n<meta name=\"description\" content=\"Bilbao Hostel n\u2019est pas uniquement un endroit pour dormir. Gr\u00e2ce \u00e0 notre restaurant et \u00e0 notre \u00e9quipe de cuisine, vous pourrez profiter d\u2019une riche carte de services h\u00f4teliers.\" \/>\n<meta name=\"robots\" content=\"index, follow, max-snippet:-1, max-image-preview:large, max-video-preview:-1\" \/>\n<link rel=\"canonical\" href=\"https:\/\/bilbaohostel.net\/fr\/services-dhotellerie-bilbao-hostel\/\" \/>\n<meta property=\"og:locale\" content=\"fr_FR\" \/>\n<meta property=\"og:type\" content=\"article\" \/>\n<meta property=\"og:title\" content=\"Services d\u2019H\u00f4tellerie Bilbao Hostel | Bilbao Hostel\" \/>\n<meta property=\"og:description\" content=\"Bilbao Hostel n\u2019est pas uniquement un endroit pour dormir. Gr\u00e2ce \u00e0 notre restaurant et \u00e0 notre \u00e9quipe de cuisine, vous pourrez profiter d\u2019une riche carte de services h\u00f4teliers.\" \/>\n<meta property=\"og:url\" content=\"https:\/\/bilbaohostel.net\/fr\/services-dhotellerie-bilbao-hostel\/\" \/>\n<meta property=\"og:site_name\" content=\"Bilbao Hostel\" \/>\n<meta property=\"article:publisher\" content=\"https:\/\/www.facebook.com\/BilbaoHostel\" \/>\n<meta property=\"article:modified_time\" content=\"2025-01-14T09:56:26+00:00\" \/>\n<meta property=\"og:image\" content=\"https:\/\/bilbaohostel.net\/wp-content\/uploads\/bilbao-hostel-general.jpg\" \/>\n\t<meta property=\"og:image:width\" content=\"600\" \/>\n\t<meta property=\"og:image:height\" content=\"338\" \/>\n\t<meta property=\"og:image:type\" content=\"image\/jpeg\" \/>\n<meta name=\"twitter:card\" content=\"summary_large_image\" \/>\n<meta name=\"twitter:site\" content=\"@BILBAOHOSTEL\" \/>\n<meta name=\"twitter:label1\" content=\"Dur\u00e9e de lecture estim\u00e9e\" \/>\n\t<meta name=\"twitter:data1\" content=\"3 minutes\" \/>\n<script type=\"application\/ld+json\" class=\"yoast-schema-graph\">{\"@context\":\"https:\/\/schema.org\",\"@graph\":[{\"@type\":\"WebPage\",\"@id\":\"https:\/\/bilbaohostel.net\/fr\/services-dhotellerie-bilbao-hostel\/\",\"url\":\"https:\/\/bilbaohostel.net\/fr\/services-dhotellerie-bilbao-hostel\/\",\"name\":\"Services d\u2019H\u00f4tellerie Bilbao Hostel | Bilbao Hostel\",\"isPartOf\":{\"@id\":\"https:\/\/bilbaohostel.net\/#website\"},\"datePublished\":\"2018-06-05T14:18:23+00:00\",\"dateModified\":\"2025-01-14T09:56:26+00:00\",\"description\":\"Bilbao Hostel n\u2019est pas uniquement un endroit pour dormir. Gr\u00e2ce \u00e0 notre restaurant et \u00e0 notre \u00e9quipe de cuisine, vous pourrez profiter d\u2019une riche carte de services h\u00f4teliers.\",\"breadcrumb\":{\"@id\":\"https:\/\/bilbaohostel.net\/fr\/services-dhotellerie-bilbao-hostel\/#breadcrumb\"},\"inLanguage\":\"fr-FR\",\"potentialAction\":[{\"@type\":\"ReadAction\",\"target\":[\"https:\/\/bilbaohostel.net\/fr\/services-dhotellerie-bilbao-hostel\/\"]}]},{\"@type\":\"BreadcrumbList\",\"@id\":\"https:\/\/bilbaohostel.net\/fr\/services-dhotellerie-bilbao-hostel\/#breadcrumb\",\"itemListElement\":[{\"@type\":\"ListItem\",\"position\":1,\"name\":\"Portada\",\"item\":\"https:\/\/bilbaohostel.net\/fr\/\"},{\"@type\":\"ListItem\",\"position\":2,\"name\":\"Services d\u2019H\u00f4tellerie Bilbao Hostel\"}]},{\"@type\":\"WebSite\",\"@id\":\"https:\/\/bilbaohostel.net\/#website\",\"url\":\"https:\/\/bilbaohostel.net\/\",\"name\":\"Bilbao Hostel\",\"description\":\"Auberge de Jeunesse \u00e0 Bilbao\",\"publisher\":{\"@id\":\"https:\/\/bilbaohostel.net\/#organization\"},\"potentialAction\":[{\"@type\":\"SearchAction\",\"target\":{\"@type\":\"EntryPoint\",\"urlTemplate\":\"https:\/\/bilbaohostel.net\/?s={search_term_string}\"},\"query-input\":\"required name=search_term_string\"}],\"inLanguage\":\"fr-FR\"},{\"@type\":\"Organization\",\"@id\":\"https:\/\/bilbaohostel.net\/#organization\",\"name\":\"Bilbao Hostel\",\"url\":\"https:\/\/bilbaohostel.net\/\",\"logo\":{\"@type\":\"ImageObject\",\"inLanguage\":\"fr-FR\",\"@id\":\"https:\/\/bilbaohostel.net\/#\/schema\/logo\/image\/\",\"url\":\"https:\/\/bilbaohostel.net\/wp-content\/uploads\/Bilbao-Hostel-icon.png\",\"contentUrl\":\"https:\/\/bilbaohostel.net\/wp-content\/uploads\/Bilbao-Hostel-icon.png\",\"width\":512,\"height\":512,\"caption\":\"Bilbao Hostel\"},\"image\":{\"@id\":\"https:\/\/bilbaohostel.net\/#\/schema\/logo\/image\/\"},\"sameAs\":[\"https:\/\/www.facebook.com\/BilbaoHostel\",\"https:\/\/x.com\/BILBAOHOSTEL\",\"https:\/\/www.instagram.com\/bilbaohostel\/\",\"https:\/\/www.youtube.com\/channel\/UCK1NrHb2a_ktm6cBDwcANaA\"]}]}<\/script>\n<!-- \/ Yoast SEO plugin. -->","yoast_head_json":{"title":"Services d\u2019H\u00f4tellerie Bilbao Hostel | Bilbao Hostel","description":"Bilbao Hostel n\u2019est pas uniquement un endroit pour dormir. Gr\u00e2ce \u00e0 notre restaurant et \u00e0 notre \u00e9quipe de cuisine, vous pourrez profiter d\u2019une riche carte de services h\u00f4teliers.","robots":{"index":"index","follow":"follow","max-snippet":"max-snippet:-1","max-image-preview":"max-image-preview:large","max-video-preview":"max-video-preview:-1"},"canonical":"https:\/\/bilbaohostel.net\/fr\/services-dhotellerie-bilbao-hostel\/","og_locale":"fr_FR","og_type":"article","og_title":"Services d\u2019H\u00f4tellerie Bilbao Hostel | Bilbao Hostel","og_description":"Bilbao Hostel n\u2019est pas uniquement un endroit pour dormir. Gr\u00e2ce \u00e0 notre restaurant et \u00e0 notre \u00e9quipe de cuisine, vous pourrez profiter d\u2019une riche carte de services h\u00f4teliers.","og_url":"https:\/\/bilbaohostel.net\/fr\/services-dhotellerie-bilbao-hostel\/","og_site_name":"Bilbao Hostel","article_publisher":"https:\/\/www.facebook.com\/BilbaoHostel","article_modified_time":"2025-01-14T09:56:26+00:00","og_image":[{"width":600,"height":338,"url":"https:\/\/bilbaohostel.net\/wp-content\/uploads\/bilbao-hostel-general.jpg","type":"image\/jpeg"}],"twitter_card":"summary_large_image","twitter_site":"@BILBAOHOSTEL","twitter_misc":{"Dur\u00e9e de lecture estim\u00e9e":"3 minutes"},"schema":{"@context":"https:\/\/schema.org","@graph":[{"@type":"WebPage","@id":"https:\/\/bilbaohostel.net\/fr\/services-dhotellerie-bilbao-hostel\/","url":"https:\/\/bilbaohostel.net\/fr\/services-dhotellerie-bilbao-hostel\/","name":"Services d\u2019H\u00f4tellerie Bilbao Hostel | Bilbao Hostel","isPartOf":{"@id":"https:\/\/bilbaohostel.net\/#website"},"datePublished":"2018-06-05T14:18:23+00:00","dateModified":"2025-01-14T09:56:26+00:00","description":"Bilbao Hostel n\u2019est pas uniquement un endroit pour dormir. Gr\u00e2ce \u00e0 notre restaurant et \u00e0 notre \u00e9quipe de cuisine, vous pourrez profiter d\u2019une riche carte de services h\u00f4teliers.","breadcrumb":{"@id":"https:\/\/bilbaohostel.net\/fr\/services-dhotellerie-bilbao-hostel\/#breadcrumb"},"inLanguage":"fr-FR","potentialAction":[{"@type":"ReadAction","target":["https:\/\/bilbaohostel.net\/fr\/services-dhotellerie-bilbao-hostel\/"]}]},{"@type":"BreadcrumbList","@id":"https:\/\/bilbaohostel.net\/fr\/services-dhotellerie-bilbao-hostel\/#breadcrumb","itemListElement":[{"@type":"ListItem","position":1,"name":"Portada","item":"https:\/\/bilbaohostel.net\/fr\/"},{"@type":"ListItem","position":2,"name":"Services d\u2019H\u00f4tellerie Bilbao Hostel"}]},{"@type":"WebSite","@id":"https:\/\/bilbaohostel.net\/#website","url":"https:\/\/bilbaohostel.net\/","name":"Bilbao Hostel","description":"Auberge de Jeunesse \u00e0 Bilbao","publisher":{"@id":"https:\/\/bilbaohostel.net\/#organization"},"potentialAction":[{"@type":"SearchAction","target":{"@type":"EntryPoint","urlTemplate":"https:\/\/bilbaohostel.net\/?s={search_term_string}"},"query-input":"required name=search_term_string"}],"inLanguage":"fr-FR"},{"@type":"Organization","@id":"https:\/\/bilbaohostel.net\/#organization","name":"Bilbao Hostel","url":"https:\/\/bilbaohostel.net\/","logo":{"@type":"ImageObject","inLanguage":"fr-FR","@id":"https:\/\/bilbaohostel.net\/#\/schema\/logo\/image\/","url":"https:\/\/bilbaohostel.net\/wp-content\/uploads\/Bilbao-Hostel-icon.png","contentUrl":"https:\/\/bilbaohostel.net\/wp-content\/uploads\/Bilbao-Hostel-icon.png","width":512,"height":512,"caption":"Bilbao Hostel"},"image":{"@id":"https:\/\/bilbaohostel.net\/#\/schema\/logo\/image\/"},"sameAs":["https:\/\/www.facebook.com\/BilbaoHostel","https:\/\/x.com\/BILBAOHOSTEL","https:\/\/www.instagram.com\/bilbaohostel\/","https:\/\/www.youtube.com\/channel\/UCK1NrHb2a_ktm6cBDwcANaA"]}]}},"_links":{"self":[{"href":"https:\/\/bilbaohostel.net\/fr\/wp-json\/wp\/v2\/pages\/2498"}],"collection":[{"href":"https:\/\/bilbaohostel.net\/fr\/wp-json\/wp\/v2\/pages"}],"about":[{"href":"https:\/\/bilbaohostel.net\/fr\/wp-json\/wp\/v2\/types\/page"}],"author":[{"embeddable":true,"href":"https:\/\/bilbaohostel.net\/fr\/wp-json\/wp\/v2\/users\/3"}],"replies":[{"embeddable":true,"href":"https:\/\/bilbaohostel.net\/fr\/wp-json\/wp\/v2\/comments?post=2498"}],"version-history":[{"count":0,"href":"https:\/\/bilbaohostel.net\/fr\/wp-json\/wp\/v2\/pages\/2498\/revisions"}],"wp:attachment":[{"href":"https:\/\/bilbaohostel.net\/fr\/wp-json\/wp\/v2\/media?parent=2498"}],"curies":[{"name":"wp","href":"https:\/\/api.w.org\/{rel}","templated":true}]}}