{"id":2535,"date":"2018-03-26T10:51:42","date_gmt":"2018-03-26T08:51:42","guid":{"rendered":"https:\/\/bilbaohostel.net\/?page_id=2535"},"modified":"2025-01-14T13:25:09","modified_gmt":"2025-01-14T12:25:09","slug":"questions-frequentes-concernant-bilbao-hostel","status":"publish","type":"page","link":"https:\/\/bilbaohostel.net\/fr\/questions-frequentes-concernant-bilbao-hostel\/","title":{"rendered":"Questions fr\u00e9quentes concernant Bilbao Hostel"},"content":{"rendered":"<p>[et_pb_section fb_built=&#8221;1&#8243; _builder_version=&#8221;4.16&#8243; use_background_color_gradient=&#8221;on&#8221; background_color_gradient_stops=&#8221;rgba(0,0,0,0.4) 0%|rgba(0,0,0,0.3) 100%&#8221; background_color_gradient_overlays_image=&#8221;on&#8221; background_color_gradient_start=&#8221;rgba(0,0,0,0.4)&#8221; background_color_gradient_end=&#8221;rgba(0,0,0,0.3)&#8221; background_image=&#8221;https:\/\/bilbaohostel.net\/wp-content\/uploads\/fondo-bilbao-cielo.jpg&#8221; custom_padding=&#8221;||0px|&#8221; global_colors_info=&#8221;{}&#8221;][et_pb_row _builder_version=&#8221;4.16&#8243; global_colors_info=&#8221;{}&#8221;][et_pb_column type=&#8221;4_4&#8243; _builder_version=&#8221;4.16&#8243; custom_padding=&#8221;|||&#8221; global_colors_info=&#8221;{}&#8221; custom_padding__hover=&#8221;|||&#8221;][et_pb_text admin_label=&#8221;Titulo&#8221; _builder_version=&#8221;4.16&#8243; text_font_size=&#8221;20px&#8221; header_font=&#8221;|800||on|||||&#8221; header_text_align=&#8221;center&#8221; header_font_size=&#8221;36px&#8221; text_orientation=&#8221;center&#8221; background_layout=&#8221;dark&#8221; header_font_size_tablet=&#8221;33px&#8221; header_font_size_phone=&#8221;30px&#8221; header_font_size_last_edited=&#8221;on|tablet&#8221; header_text_shadow_style=&#8221;preset1&#8243; global_colors_info=&#8221;{}&#8221;]<\/p>\n<h1>QUESTIONS FR\u00c9QUENTES<\/h1>\n<p>Vous avez des questions?<br \/>\n[\/et_pb_text][\/et_pb_column][\/et_pb_row][et_pb_row column_structure=&#8221;1_4,3_4&#8243; use_custom_gutter=&#8221;on&#8221; gutter_width=&#8221;1&#8243; _builder_version=&#8221;4.16&#8243; background_color=&#8221;rgba(224,43,32,0.4)&#8221; module_alignment=&#8221;center&#8221; custom_margin=&#8221;0px|||&#8221; custom_padding=&#8221;|||20px&#8221; border_radii=&#8221;|20px|20px|0px|0px&#8221; collapsed=&#8221;off&#8221; global_colors_info=&#8221;{}&#8221; locked=&#8221;off&#8221;][et_pb_column type=&#8221;1_4&#8243; _builder_version=&#8221;4.16&#8243; custom_padding=&#8221;|||&#8221; global_colors_info=&#8221;{}&#8221; custom_padding__hover=&#8221;|||&#8221;][et_pb_blurb title=&#8221;TARIFS &#038; R\u00c9SERVATIONSsss&#8221; use_icon=&#8221;on&#8221; font_icon=&#8221;&#x52;||divi||400&#8243; icon_color=&#8221;#ffffff&#8221; icon_placement=&#8221;left&#8221; image_icon_width=&#8221;46px&#8221; _builder_version=&#8221;4.16&#8243; header_font=&#8221;Roboto Condensed||||||||&#8221; header_font_size=&#8221;26&#8243; text_orientation=&#8221;center&#8221; background_layout=&#8221;dark&#8221; icon_font_size=&#8221;46px&#8221; global_colors_info=&#8221;{}&#8221;][\/et_pb_blurb][\/et_pb_column][et_pb_column type=&#8221;3_4&#8243; _builder_version=&#8221;4.16&#8243; custom_padding=&#8221;|||&#8221; global_colors_info=&#8221;{}&#8221; custom_padding__hover=&#8221;|||&#8221;][et_pb_code admin_label=&#8221;C\u00f3digo FR&#8221; _builder_version=&#8221;4.16&#8243; global_colors_info=&#8221;{}&#8221;]<\/p>\n<form class=\"et_pb_contact formreservas\" action=\"https:\/\/hostels32.assd.com\/crs4.php\" method=\"get\" target=\"_blank\"><!-- [et_pb_line_break_holder] --><input id=\"checkauto\" name=\"checkauto\" value=\"1\" type=\"hidden\"><!-- [et_pb_line_break_holder] --><input id=\"langcrs\" name=\"langcrs\" value=\"F\" type=\"hidden\"><!-- [et_pb_line_break_holder] --><input id=\"cust\" name=\"cust\" value=\"220135\" type=\"hidden\"><!-- [et_pb_line_break_holder] --><input id=\"type\" name=\"type\" value=\"020\" type=\"hidden\"><!-- [et_pb_line_break_holder] --><input id=\"arrhidden\" name=\"arrhidden\" value=\"\" type=\"hidden\"><!-- [et_pb_line_break_holder] --><input id=\"dephidden\" name=\"dephidden\" value=\"\" type=\"hidden\"><!-- [et_pb_line_break_holder] --><\/p>\n<div><input type=\"date\" id=\"arr\" class=\"fecha\"><span class=\"check\">Arriv\u00e9<\/span><\/div>\n<p><!-- [et_pb_line_break_holder] --><\/p>\n<div><input type=\"date\" id=\"dep\" class=\"fecha\"><span class=\"check\">D\u00e9part<\/span><\/div>\n<p><!-- [et_pb_line_break_holder] --><\/p>\n<div class=\"guestnum\"><span class=\"adults\">Personnes<\/span><!-- [et_pb_line_break_holder] -->  <select name=\"adult\" id=\"adult\" placeholder=\"\" title=\"Guests\"><!-- [et_pb_line_break_holder] --><option value=\"1\">1<\/option><!-- [et_pb_line_break_holder] --><option value=\"2\">2<\/option><!-- [et_pb_line_break_holder] --><option value=\"3\">3<\/option><!-- [et_pb_line_break_holder] --><option value=\"4\">4<\/option><!-- [et_pb_line_break_holder] --><option value=\"5\">5<\/option><!-- [et_pb_line_break_holder] --><option value=\"6\">6<\/option><!-- [et_pb_line_break_holder] --><option value=\"7\">7<\/option><!-- [et_pb_line_break_holder] --><option value=\"8\">8<\/option><!-- [et_pb_line_break_holder] --><option value=\"9\">9<\/option><!-- [et_pb_line_break_holder] -->  <\/select><\/div>\n<p><!-- [et_pb_line_break_holder] --><\/p>\n<div><!-- [et_pb_line_break_holder] -->  <button type=\"submit\">V\u00c9RIFIER<\/button><\/div>\n<p><!-- [et_pb_line_break_holder] --><\/form>\n<p><!-- [et_pb_line_break_holder] --><script src=\"https:\/\/ajax.googleapis.com\/ajax\/libs\/jquery\/3.6.0\/jquery.min.js\"><\/script><!-- [et_pb_line_break_holder] --><script><!-- [et_pb_line_break_holder] -->$('#arr').change(function(){<!-- [et_pb_line_break_holder] -->\tvar fecha = $(this).val();<!-- [et_pb_line_break_holder] -->\tconsole.log($(this).val());<!-- [et_pb_line_break_holder] -->\tvar nuevaFecha = fecha.split('-');<!-- [et_pb_line_break_holder] -->\t$('#arrhidden'). val(nuevaFecha[2] + '-' + nuevaFecha[1] + '-' + nuevaFecha[0]);<!-- [et_pb_line_break_holder] -->});<!-- [et_pb_line_break_holder] -->$('#dep').change(function(){<!-- [et_pb_line_break_holder] -->\tvar fecha = $(this).val();<!-- [et_pb_line_break_holder] -->\tconsole.log($(this).val());<!-- [et_pb_line_break_holder] -->\tvar nuevaFecha = fecha.split('-');<!-- [et_pb_line_break_holder] -->\t$('#dephidden'). val(nuevaFecha[2] + '-' + nuevaFecha[1] + '-' + nuevaFecha[0]);<!-- [et_pb_line_break_holder] -->});<!-- [et_pb_line_break_holder] --><\/script>[\/et_pb_code][\/et_pb_column][\/et_pb_row][\/et_pb_section][et_pb_section fb_built=&#8221;1&#8243; _builder_version=&#8221;4.16&#8243; global_colors_info=&#8221;{}&#8221;][et_pb_row _builder_version=&#8221;4.16&#8243; background_size=&#8221;initial&#8221; background_position=&#8221;top_left&#8221; background_repeat=&#8221;repeat&#8221; global_colors_info=&#8221;{}&#8221;][et_pb_column type=&#8221;4_4&#8243; _builder_version=&#8221;4.16&#8243; custom_padding=&#8221;|||&#8221; global_colors_info=&#8221;{}&#8221; custom_padding__hover=&#8221;|||&#8221;][et_pb_text admin_label=&#8221;El hostel y sus instalaciones&#8221; _builder_version=&#8221;4.16&#8243; global_colors_info=&#8221;{}&#8221;]<\/p>\n<h2>L\u2019auberge et ses installations<\/h2>\n<p>[\/et_pb_text][et_pb_toggle title=&#8221;Qu\u2019est-ce qu\u2019une auberge touristique ?&#8221; admin_label=&#8221;\u00bfQu\u00e9 es un albergue tur\u00edstico?&#8221; _builder_version=&#8221;4.16&#8243; global_colors_info=&#8221;{}&#8221;]Une auberge touristique est un h\u00e9bergement \u00e9conomique de bonne qualit\u00e9 dans lequel vous passerez une bonne nuit, dans une ambiance accueillante et \u00e0 des prix accessibles. Les auberges sont la mani\u00e8re id\u00e9ale d\u2019explorer une ville ou une destination touristique \u00e0 peu de frais, tout en rencontrant des personnes de cultures diff\u00e9rentes.<br \/>\n[\/et_pb_toggle][et_pb_toggle title=&#8221;Dois-je apporter des draps et des serviettes de toilette ?&#8221; admin_label=&#8221;\u00bfHace falta llevar ropa de cama y toallas?&#8221; _builder_version=&#8221;4.16&#8243; global_colors_info=&#8221;{}&#8221;]Les draps sont inclus dans le prix. Vous pourrez y louer des serviettes de toilette.<br \/>\n[\/et_pb_toggle][et_pb_toggle title=&#8221;Quels services propose le Bilbao Hostel ?&#8221; admin_label=&#8221;\u00bfQu\u00e9 servicios ofrece el Bilbao Hostel?&#8221; _builder_version=&#8221;4.16&#8243; global_colors_info=&#8221;{}&#8221;]L\u2019auberge offre de nombreux services ; wi-fi gratuit dans tout l\u2019\u00e9tablissement, lingerie, cuisine, restaurant, parking, location de serviettes de toilettes, informations touristiques aux h\u00f4tes, coffre-fort dans les chambres, location de v\u00e9los, \u00e9crans de t\u00e9l\u00e9vision dans les salles communes, salles de r\u00e9unions et de conf\u00e9rences\u2026<br \/>\n[\/et_pb_toggle][et_pb_toggle title=&#8221;Y-a-t-il des chambres adapt\u00e9es ?&#8221; admin_label=&#8221;\u00bfHay habitaciones adaptadas?&#8221; _builder_version=&#8221;4.16&#8243; global_colors_info=&#8221;{}&#8221;]Oui, L\u2019auberge dispose de plusieurs chambres adapt\u00e9es<br \/>\n[\/et_pb_toggle][et_pb_toggle title=&#8221;Est-il possible de cuisiner dans l\u2019auberge ?&#8221; admin_label=&#8221;\u00bfEs posible cocinar en el hostel?&#8221; _builder_version=&#8221;4.16&#8243; global_colors_info=&#8221;{}&#8221;]Oui, nous avons une cuisine \u00e0 disposition de la client\u00e8le avec tous les ustensiles n\u00e9cessaires.<br \/>\n[\/et_pb_toggle][et_pb_toggle title=&#8221;L\u2019auberge ouvre toute la journ\u00e9e ?&#8221; admin_label=&#8221;\u00bfEl hostel abre todo el d\u00eda?&#8221; _builder_version=&#8221;4.16&#8243; global_colors_info=&#8221;{}&#8221;]Elle est ouverte toute la journ\u00e9e : avec votre carte d\u2019acc\u00e8s vous pourrez y entrer et en sortir quand vous voudrez.<br \/>\n[\/et_pb_toggle][et_pb_toggle title=&#8221;Y-a-t-il une consigne, une salle pour bagages ou des coffres-forts ?&#8221; admin_label=&#8221;\u00bfHay consigna, sala de equipaje o bien cajas de valor?&#8221; _builder_version=&#8221;4.16&#8243; global_colors_info=&#8221;{}&#8221;]Service gratuit.<br \/>\n[\/et_pb_toggle][\/et_pb_column][\/et_pb_row][et_pb_row _builder_version=&#8221;4.16&#8243; background_size=&#8221;initial&#8221; background_position=&#8221;top_left&#8221; background_repeat=&#8221;repeat&#8221; global_colors_info=&#8221;{}&#8221;][et_pb_column type=&#8221;4_4&#8243; _builder_version=&#8221;4.16&#8243; custom_padding=&#8221;|||&#8221; global_colors_info=&#8221;{}&#8221; custom_padding__hover=&#8221;|||&#8221;][et_pb_text admin_label=&#8221;Reservas&#8221; _builder_version=&#8221;4.16&#8243; global_colors_info=&#8221;{}&#8221;]<\/p>\n<h2>R\u00e9serves<\/h2>\n<p>[\/et_pb_text][et_pb_toggle title=&#8221;Puis-je r\u00e9server \u00e0 l\u2019auberge \u00e0 l\u2019avance ?&#8221; admin_label=&#8221;\u00bfPuedo reservar en el hostel con antelaci\u00f3n?&#8221; _builder_version=&#8221;4.16&#8243; global_colors_info=&#8221;{}&#8221;]Oui, nous vous conseillons de toujours r\u00e9server \u00e0 l\u2019avance pour ne pas risquer de rester sans chambre.<br \/>\n[\/et_pb_toggle][et_pb_toggle title=&#8221;Comment puis-je r\u00e9server ?&#8221; admin_label=&#8221;\u00bfC\u00f3mo se hace una reserva?&#8221; _builder_version=&#8221;4.16&#8243; global_colors_info=&#8221;{}&#8221;]C\u2019est tr\u00e8s simple. Rendez-vous sur notre page web, dans la partie r\u00e9servations \u2013 en-ligne et suivez les instructions.<br \/>\n[\/et_pb_toggle][\/et_pb_column][\/et_pb_row][et_pb_row _builder_version=&#8221;4.16&#8243; background_size=&#8221;initial&#8221; background_position=&#8221;top_left&#8221; background_repeat=&#8221;repeat&#8221; global_colors_info=&#8221;{}&#8221;][et_pb_column type=&#8221;4_4&#8243; _builder_version=&#8221;4.16&#8243; custom_padding=&#8221;|||&#8221; global_colors_info=&#8221;{}&#8221; custom_padding__hover=&#8221;|||&#8221;][et_pb_text admin_label=&#8221;Usuarios&#8221; _builder_version=&#8221;4.16&#8243; global_colors_info=&#8221;{}&#8221;]<\/p>\n<h2>Utilisateurs<\/h2>\n<p>[\/et_pb_text][et_pb_toggle title=&#8221;Les auberges sont-elles un bon endroit pour passer des vacances en famille ?&#8221; admin_label=&#8221;\u00bfSon los hostels un buen lugar para pasar unas vacaciones familiares?&#8221; _builder_version=&#8221;4.16&#8243; global_colors_info=&#8221;{}&#8221;]Oui, \u00e9videmment. Vous y trouverez une ambiance agr\u00e9able et accueillante. Si vous essayez des vacances dans une auberge, vous reviendrez, \u00e0 coup s\u00fbr.<br \/>\n[\/et_pb_toggle][\/et_pb_column][\/et_pb_row][\/et_pb_section]<\/p>\n","protected":false},"excerpt":{"rendered":"<p>QUESTIONS FR\u00c9QUENTES Vous avez des questions? L\u2019auberge et ses installations Une auberge touristique est un h\u00e9bergement \u00e9conomique de bonne qualit\u00e9 dans lequel vous passerez une bonne nuit, dans une ambiance accueillante et \u00e0 des prix accessibles. Les auberges sont la mani\u00e8re id\u00e9ale d\u2019explorer une ville ou une destination touristique \u00e0 peu de frais, tout en [&hellip;]<\/p>\n","protected":false},"author":3,"featured_media":0,"parent":0,"menu_order":0,"comment_status":"closed","ping_status":"closed","template":"","meta":{"_et_pb_use_builder":"on","_et_pb_old_content":"","_et_gb_content_width":"","_exactmetrics_skip_tracking":false,"_exactmetrics_sitenote_active":false,"_exactmetrics_sitenote_note":"","_exactmetrics_sitenote_category":0,"footnotes":""},"class_list":["post-2535","page","type-page","status-publish","hentry"],"yoast_head":"<!-- This site is optimized with the Yoast SEO plugin v23.2 - https:\/\/yoast.com\/wordpress\/plugins\/seo\/ -->\n<title>Questions fr\u00e9quentes concernant Bilbao Hostel | Bilbao Hostel<\/title>\n<meta name=\"description\" content=\"Questions fr\u00e9quentes concernant Bilbao Hostel. Qu\u2019est-ce qu\u2019une auberge touristique? Quels services propose le Bilbao Hostel? Comment puis-je r\u00e9server?\" \/>\n<meta name=\"robots\" content=\"index, follow, max-snippet:-1, max-image-preview:large, max-video-preview:-1\" \/>\n<link rel=\"canonical\" href=\"https:\/\/bilbaohostel.net\/fr\/questions-frequentes-concernant-bilbao-hostel\/\" \/>\n<meta property=\"og:locale\" content=\"fr_FR\" \/>\n<meta property=\"og:type\" content=\"article\" \/>\n<meta property=\"og:title\" content=\"Questions fr\u00e9quentes concernant Bilbao Hostel | Bilbao Hostel\" \/>\n<meta property=\"og:description\" content=\"Questions fr\u00e9quentes concernant Bilbao Hostel. Qu\u2019est-ce qu\u2019une auberge touristique? Quels services propose le Bilbao Hostel? Comment puis-je r\u00e9server?\" \/>\n<meta property=\"og:url\" content=\"https:\/\/bilbaohostel.net\/fr\/questions-frequentes-concernant-bilbao-hostel\/\" \/>\n<meta property=\"og:site_name\" content=\"Bilbao Hostel\" \/>\n<meta property=\"article:publisher\" content=\"https:\/\/www.facebook.com\/BilbaoHostel\" \/>\n<meta property=\"article:modified_time\" content=\"2025-01-14T12:25:09+00:00\" \/>\n<meta property=\"og:image\" content=\"https:\/\/bilbaohostel.net\/wp-content\/uploads\/bilbao-hostel-general.jpg\" \/>\n\t<meta property=\"og:image:width\" content=\"600\" \/>\n\t<meta property=\"og:image:height\" content=\"338\" \/>\n\t<meta property=\"og:image:type\" content=\"image\/jpeg\" \/>\n<meta name=\"twitter:card\" content=\"summary_large_image\" \/>\n<meta name=\"twitter:site\" content=\"@BILBAOHOSTEL\" \/>\n<meta name=\"twitter:label1\" content=\"Dur\u00e9e de lecture estim\u00e9e\" \/>\n\t<meta name=\"twitter:data1\" content=\"2 minutes\" \/>\n<script type=\"application\/ld+json\" class=\"yoast-schema-graph\">{\"@context\":\"https:\/\/schema.org\",\"@graph\":[{\"@type\":\"WebPage\",\"@id\":\"https:\/\/bilbaohostel.net\/fr\/questions-frequentes-concernant-bilbao-hostel\/\",\"url\":\"https:\/\/bilbaohostel.net\/fr\/questions-frequentes-concernant-bilbao-hostel\/\",\"name\":\"Questions fr\u00e9quentes concernant Bilbao Hostel | Bilbao Hostel\",\"isPartOf\":{\"@id\":\"https:\/\/bilbaohostel.net\/#website\"},\"datePublished\":\"2018-03-26T08:51:42+00:00\",\"dateModified\":\"2025-01-14T12:25:09+00:00\",\"description\":\"Questions fr\u00e9quentes concernant Bilbao Hostel. Qu\u2019est-ce qu\u2019une auberge touristique? Quels services propose le Bilbao Hostel? Comment puis-je r\u00e9server?\",\"breadcrumb\":{\"@id\":\"https:\/\/bilbaohostel.net\/fr\/questions-frequentes-concernant-bilbao-hostel\/#breadcrumb\"},\"inLanguage\":\"fr-FR\",\"potentialAction\":[{\"@type\":\"ReadAction\",\"target\":[\"https:\/\/bilbaohostel.net\/fr\/questions-frequentes-concernant-bilbao-hostel\/\"]}]},{\"@type\":\"BreadcrumbList\",\"@id\":\"https:\/\/bilbaohostel.net\/fr\/questions-frequentes-concernant-bilbao-hostel\/#breadcrumb\",\"itemListElement\":[{\"@type\":\"ListItem\",\"position\":1,\"name\":\"Portada\",\"item\":\"https:\/\/bilbaohostel.net\/fr\/\"},{\"@type\":\"ListItem\",\"position\":2,\"name\":\"Questions fr\u00e9quentes concernant Bilbao Hostel\"}]},{\"@type\":\"WebSite\",\"@id\":\"https:\/\/bilbaohostel.net\/#website\",\"url\":\"https:\/\/bilbaohostel.net\/\",\"name\":\"Bilbao Hostel\",\"description\":\"Auberge de Jeunesse \u00e0 Bilbao\",\"publisher\":{\"@id\":\"https:\/\/bilbaohostel.net\/#organization\"},\"potentialAction\":[{\"@type\":\"SearchAction\",\"target\":{\"@type\":\"EntryPoint\",\"urlTemplate\":\"https:\/\/bilbaohostel.net\/?s={search_term_string}\"},\"query-input\":\"required name=search_term_string\"}],\"inLanguage\":\"fr-FR\"},{\"@type\":\"Organization\",\"@id\":\"https:\/\/bilbaohostel.net\/#organization\",\"name\":\"Bilbao Hostel\",\"url\":\"https:\/\/bilbaohostel.net\/\",\"logo\":{\"@type\":\"ImageObject\",\"inLanguage\":\"fr-FR\",\"@id\":\"https:\/\/bilbaohostel.net\/#\/schema\/logo\/image\/\",\"url\":\"https:\/\/bilbaohostel.net\/wp-content\/uploads\/Bilbao-Hostel-icon.png\",\"contentUrl\":\"https:\/\/bilbaohostel.net\/wp-content\/uploads\/Bilbao-Hostel-icon.png\",\"width\":512,\"height\":512,\"caption\":\"Bilbao Hostel\"},\"image\":{\"@id\":\"https:\/\/bilbaohostel.net\/#\/schema\/logo\/image\/\"},\"sameAs\":[\"https:\/\/www.facebook.com\/BilbaoHostel\",\"https:\/\/x.com\/BILBAOHOSTEL\",\"https:\/\/www.instagram.com\/bilbaohostel\/\",\"https:\/\/www.youtube.com\/channel\/UCK1NrHb2a_ktm6cBDwcANaA\"]}]}<\/script>\n<!-- \/ Yoast SEO plugin. -->","yoast_head_json":{"title":"Questions fr\u00e9quentes concernant Bilbao Hostel | Bilbao Hostel","description":"Questions fr\u00e9quentes concernant Bilbao Hostel. Qu\u2019est-ce qu\u2019une auberge touristique? Quels services propose le Bilbao Hostel? Comment puis-je r\u00e9server?","robots":{"index":"index","follow":"follow","max-snippet":"max-snippet:-1","max-image-preview":"max-image-preview:large","max-video-preview":"max-video-preview:-1"},"canonical":"https:\/\/bilbaohostel.net\/fr\/questions-frequentes-concernant-bilbao-hostel\/","og_locale":"fr_FR","og_type":"article","og_title":"Questions fr\u00e9quentes concernant Bilbao Hostel | Bilbao Hostel","og_description":"Questions fr\u00e9quentes concernant Bilbao Hostel. Qu\u2019est-ce qu\u2019une auberge touristique? Quels services propose le Bilbao Hostel? Comment puis-je r\u00e9server?","og_url":"https:\/\/bilbaohostel.net\/fr\/questions-frequentes-concernant-bilbao-hostel\/","og_site_name":"Bilbao Hostel","article_publisher":"https:\/\/www.facebook.com\/BilbaoHostel","article_modified_time":"2025-01-14T12:25:09+00:00","og_image":[{"width":600,"height":338,"url":"https:\/\/bilbaohostel.net\/wp-content\/uploads\/bilbao-hostel-general.jpg","type":"image\/jpeg"}],"twitter_card":"summary_large_image","twitter_site":"@BILBAOHOSTEL","twitter_misc":{"Dur\u00e9e de lecture estim\u00e9e":"2 minutes"},"schema":{"@context":"https:\/\/schema.org","@graph":[{"@type":"WebPage","@id":"https:\/\/bilbaohostel.net\/fr\/questions-frequentes-concernant-bilbao-hostel\/","url":"https:\/\/bilbaohostel.net\/fr\/questions-frequentes-concernant-bilbao-hostel\/","name":"Questions fr\u00e9quentes concernant Bilbao Hostel | Bilbao Hostel","isPartOf":{"@id":"https:\/\/bilbaohostel.net\/#website"},"datePublished":"2018-03-26T08:51:42+00:00","dateModified":"2025-01-14T12:25:09+00:00","description":"Questions fr\u00e9quentes concernant Bilbao Hostel. Qu\u2019est-ce qu\u2019une auberge touristique? Quels services propose le Bilbao Hostel? Comment puis-je r\u00e9server?","breadcrumb":{"@id":"https:\/\/bilbaohostel.net\/fr\/questions-frequentes-concernant-bilbao-hostel\/#breadcrumb"},"inLanguage":"fr-FR","potentialAction":[{"@type":"ReadAction","target":["https:\/\/bilbaohostel.net\/fr\/questions-frequentes-concernant-bilbao-hostel\/"]}]},{"@type":"BreadcrumbList","@id":"https:\/\/bilbaohostel.net\/fr\/questions-frequentes-concernant-bilbao-hostel\/#breadcrumb","itemListElement":[{"@type":"ListItem","position":1,"name":"Portada","item":"https:\/\/bilbaohostel.net\/fr\/"},{"@type":"ListItem","position":2,"name":"Questions fr\u00e9quentes concernant Bilbao Hostel"}]},{"@type":"WebSite","@id":"https:\/\/bilbaohostel.net\/#website","url":"https:\/\/bilbaohostel.net\/","name":"Bilbao Hostel","description":"Auberge de Jeunesse \u00e0 Bilbao","publisher":{"@id":"https:\/\/bilbaohostel.net\/#organization"},"potentialAction":[{"@type":"SearchAction","target":{"@type":"EntryPoint","urlTemplate":"https:\/\/bilbaohostel.net\/?s={search_term_string}"},"query-input":"required name=search_term_string"}],"inLanguage":"fr-FR"},{"@type":"Organization","@id":"https:\/\/bilbaohostel.net\/#organization","name":"Bilbao Hostel","url":"https:\/\/bilbaohostel.net\/","logo":{"@type":"ImageObject","inLanguage":"fr-FR","@id":"https:\/\/bilbaohostel.net\/#\/schema\/logo\/image\/","url":"https:\/\/bilbaohostel.net\/wp-content\/uploads\/Bilbao-Hostel-icon.png","contentUrl":"https:\/\/bilbaohostel.net\/wp-content\/uploads\/Bilbao-Hostel-icon.png","width":512,"height":512,"caption":"Bilbao Hostel"},"image":{"@id":"https:\/\/bilbaohostel.net\/#\/schema\/logo\/image\/"},"sameAs":["https:\/\/www.facebook.com\/BilbaoHostel","https:\/\/x.com\/BILBAOHOSTEL","https:\/\/www.instagram.com\/bilbaohostel\/","https:\/\/www.youtube.com\/channel\/UCK1NrHb2a_ktm6cBDwcANaA"]}]}},"_links":{"self":[{"href":"https:\/\/bilbaohostel.net\/fr\/wp-json\/wp\/v2\/pages\/2535"}],"collection":[{"href":"https:\/\/bilbaohostel.net\/fr\/wp-json\/wp\/v2\/pages"}],"about":[{"href":"https:\/\/bilbaohostel.net\/fr\/wp-json\/wp\/v2\/types\/page"}],"author":[{"embeddable":true,"href":"https:\/\/bilbaohostel.net\/fr\/wp-json\/wp\/v2\/users\/3"}],"replies":[{"embeddable":true,"href":"https:\/\/bilbaohostel.net\/fr\/wp-json\/wp\/v2\/comments?post=2535"}],"version-history":[{"count":0,"href":"https:\/\/bilbaohostel.net\/fr\/wp-json\/wp\/v2\/pages\/2535\/revisions"}],"wp:attachment":[{"href":"https:\/\/bilbaohostel.net\/fr\/wp-json\/wp\/v2\/media?parent=2535"}],"curies":[{"name":"wp","href":"https:\/\/api.w.org\/{rel}","templated":true}]}}