{"id":4162,"date":"2020-07-09T10:22:45","date_gmt":"2020-07-09T08:22:45","guid":{"rendered":"https:\/\/bilbaohostel.net\/?page_id=4162"},"modified":"2025-01-14T12:47:21","modified_gmt":"2025-01-14T11:47:21","slug":"nous-sommes-un-projet-social","status":"publish","type":"page","link":"https:\/\/bilbaohostel.net\/fr\/nous-sommes-un-projet-social\/","title":{"rendered":"Nous sommes un projet social"},"content":{"rendered":"<p>[et_pb_section fb_built=&#8221;1&#8243; _builder_version=&#8221;4.27.0&#8243; use_background_color_gradient=&#8221;on&#8221; background_color_gradient_stops=&#8221;rgba(0,0,0,0.4) 0%|rgba(0,0,0,0.3) 100%&#8221; background_color_gradient_overlays_image=&#8221;on&#8221; background_color_gradient_start=&#8221;rgba(0,0,0,0.4)&#8221; background_color_gradient_end=&#8221;rgba(0,0,0,0.3)&#8221; background_image=&#8221;https:\/\/bilbaohostel.net\/wp-content\/uploads\/fachada-bilbao-hostel.jpg&#8221; custom_padding=&#8221;||||false|false&#8221; z_index_tablet=&#8221;500&#8243; global_colors_info=&#8221;{}&#8221;][et_pb_row _builder_version=&#8221;4.16&#8243; global_colors_info=&#8221;{}&#8221;][et_pb_column type=&#8221;4_4&#8243; _builder_version=&#8221;4.16&#8243; custom_padding=&#8221;|||&#8221; global_colors_info=&#8221;{}&#8221; custom_padding__hover=&#8221;|||&#8221;][et_pb_text admin_label=&#8221;Titulo&#8221; _builder_version=&#8221;4.16&#8243; text_font_size=&#8221;20px&#8221; header_font=&#8221;|800||on|||||&#8221; header_text_align=&#8221;center&#8221; header_font_size=&#8221;36px&#8221; text_orientation=&#8221;center&#8221; background_layout=&#8221;dark&#8221; header_font_size_tablet=&#8221;33px&#8221; header_font_size_phone=&#8221;30px&#8221; header_font_size_last_edited=&#8221;on|tablet&#8221; z_index_tablet=&#8221;500&#8243; header_text_shadow_style=&#8221;preset1&#8243; global_colors_info=&#8221;{}&#8221;]<\/p>\n<h1>Nous sommes un projet social<\/h1>\n<p>[\/et_pb_text][\/et_pb_column][\/et_pb_row][\/et_pb_section][et_pb_section fb_built=&#8221;1&#8243; _builder_version=&#8221;4.16&#8243; global_colors_info=&#8221;{}&#8221;][et_pb_row column_structure=&#8221;2_5,3_5&#8243; _builder_version=&#8221;4.16&#8243; background_size=&#8221;initial&#8221; background_position=&#8221;top_left&#8221; background_repeat=&#8221;repeat&#8221; global_colors_info=&#8221;{}&#8221;][et_pb_column type=&#8221;2_5&#8243; _builder_version=&#8221;4.16&#8243; custom_padding=&#8221;|||&#8221; global_colors_info=&#8221;{}&#8221; custom_padding__hover=&#8221;|||&#8221;][et_pb_image src=&#8221;https:\/\/bilbaohostel.net\/wp-content\/uploads\/Bilbao_Hostel2.jpg&#8221; align_tablet=&#8221;center&#8221; align_phone=&#8221;&#8221; align_last_edited=&#8221;on|desktop&#8221; _builder_version=&#8221;4.16&#8243; z_index_tablet=&#8221;500&#8243; global_colors_info=&#8221;{}&#8221;][\/et_pb_image][\/et_pb_column][et_pb_column type=&#8221;3_5&#8243; _builder_version=&#8221;4.16&#8243; custom_padding=&#8221;|||&#8221; global_colors_info=&#8221;{}&#8221; custom_padding__hover=&#8221;|||&#8221;][et_pb_text _builder_version=&#8221;4.27.0&#8243; hover_enabled=&#8221;0&#8243; z_index_tablet=&#8221;500&#8243; global_colors_info=&#8221;{}&#8221; sticky_enabled=&#8221;0&#8243;]<\/p>\n<p><strong>Bilbao Hostel<\/strong> est g\u00e9r\u00e9 par Suspergintza \u00e0 travers l&#8217;entreprise d&#8217;insertion sociale et professionnelle <strong>Suspertu<\/strong> SL, promue par EDE Fundazioa et Suspergintza.<\/p>\n<p>Nous favorisons aupr\u00e8s des personnes que nous embauchons des activit\u00e9s de formation de base, de qualification \u00e0 l&#8217;emploi et d&#8217;orientation pour favoriser leur acc\u00e8s \u00e0 l&#8217;emploi.<\/p>\n<p>Nous cherchons \u00e0 combiner l&#8217;insertion des personnes ayant des difficult\u00e9s temporaires d&#8217;acc\u00e8s au march\u00e9 du travail et la qualit\u00e9 de nos services et \u00e9quipements.<\/p>\n<p>Nous aimons le service de qualit\u00e9, le souci du d\u00e9tail et nous sommes passionn\u00e9s par l&#8217;art de servir, d&#8217;\u00e9couter et de r\u00e9soudre les besoins de nos clients.<\/p>\n<p>Nous voulons que vous vous sentiez comme le protagoniste d&#8217;un projet qui, en plus de vous faire plaisir et de vous sentir chez vous, veut collaborer pour faire de Bilbao une ville encore plus conviviale qu&#8217;elle ne l&#8217;est d\u00e9j\u00e0 ! <strong>VENEZ NOUS RENCONTRER !<\/strong><\/p>\n<p>[\/et_pb_text][\/et_pb_column][\/et_pb_row][\/et_pb_section]<\/p>\n","protected":false},"excerpt":{"rendered":"<p>Nous sommes un projet social Bilbao Hostel est g\u00e9r\u00e9 par Suspergintza \u00e0 travers l&#8217;entreprise d&#8217;insertion sociale et professionnelle Suspertu SL, promue par EDE Fundazioa et Suspergintza. Nous favorisons aupr\u00e8s des personnes que nous embauchons des activit\u00e9s de formation de base, de qualification \u00e0 l&#8217;emploi et d&#8217;orientation pour favoriser leur acc\u00e8s \u00e0 l&#8217;emploi. Nous cherchons \u00e0 [&hellip;]<\/p>\n","protected":false},"author":5,"featured_media":0,"parent":0,"menu_order":0,"comment_status":"closed","ping_status":"closed","template":"","meta":{"_et_pb_use_builder":"on","_et_pb_old_content":"<p>[et_pb_section bb_built=\"1\" _builder_version=\"3.21.1\" use_background_color_gradient=\"on\" background_color_gradient_start=\"rgba(0,0,0,0.4)\" background_color_gradient_end=\"rgba(0,0,0,0.3)\" background_color_gradient_overlays_image=\"on\" background_image=\"https:\/\/bilbaohostel.net\/wp-content\/uploads\/fachada-bilbao-hostel.jpg\" custom_padding=\"||0px|\" next_background_color=\"#ffffff\" z_index_tablet=\"500\"][et_pb_row _builder_version=\"3.0.106\"][et_pb_column type=\"4_4\"][et_pb_text admin_label=\"Titulo\" _builder_version=\"3.21.1\" text_font_size=\"20px\" header_font=\"|800||on|||||\" header_text_align=\"center\" header_font_size=\"36px\" header_font_size_tablet=\"33px\" header_font_size_phone=\"30px\" header_font_size_last_edited=\"on|tablet\" header_text_shadow_style=\"preset1\" text_orientation=\"center\" background_layout=\"dark\" z_index_tablet=\"500\"]<\/p><h1>Somos un proyecto Social<\/h1><p>[\/et_pb_text][\/et_pb_column][\/et_pb_row][\/et_pb_section][et_pb_section bb_built=\"1\" prev_background_color=\"#000000\"][et_pb_row][et_pb_column type=\"2_5\"][et_pb_image _builder_version=\"3.21.1\" src=\"https:\/\/bilbaohostel.net\/wp-content\/uploads\/Bilbao_Hostel2.jpg\" z_index_tablet=\"500\" \/][\/et_pb_column][et_pb_column type=\"3_5\"][et_pb_text _builder_version=\"3.21.1\" z_index_tablet=\"500\"]<\/p><p class=\"p1\"><span class=\"s1\">Bilbao Hostel, forma parte de la <a href=\"http:\/\/ateri.net\/\"><span class=\"s2\">red Ateri<\/span><\/a>, ligada a <a href=\"https:\/\/edefundazioa.org\/servicios\/ateri-una-red-presente-en-toda-la-capv\/\"><span class=\"s2\">Ede Fundazioa<\/span><\/a>, un conjunto de proyectos de servicios hosteleros, sin \u00e1nimo de lucro, que promueve la inserci\u00f3n laboral de personas con dificultades para encontrar trabajo. Las formamos, las orientamos y las acompa\u00f1amos para que\u2026 luego echen a volar.<\/span><\/p><p class=\"p1\"><span class=\"s1\">Amamos el servicio de calidad, el cuidado de los detalles y sentimos pasi\u00f3n por el arte de atender, escuchar y resolver las necesidades de nuestra clientela.<\/span><\/p><p class=\"p1\"><span class=\"s1\">\u00a1Queremos que te sientas protagonista de un proyecto que, adem\u00e1s de hacerte disfrutar y sentirte como en casa, quiere colaborar a hacer de Bilbao una ciudad a\u00fan m\u00e1s amable de lo que ya lo es! <b>\u00a1VEN Y CON\u00d3CENOS!<\/b><\/span><\/p><p>[\/et_pb_text][et_pb_image _builder_version=\"3.21.1\" src=\"https:\/\/bilbaohostel.net\/wp-content\/uploads\/Ateri_EDE_color.png\" z_index_tablet=\"500\" max_width=\"45%\" custom_margin=\"0px|0px|0px|0px\" custom_padding=\"0px|0px|0px|0px\" custom_css_main_element=\"float: left;\" \/][et_pb_image _builder_version=\"3.21.1\" src=\"https:\/\/bilbaohostel.net\/wp-content\/uploads\/Bilbao_HOSTEL_2017.jpg\" max_width=\"45%\" custom_margin=\"40px|0px|0px|0px\" custom_padding=\"0px|0px|0px|0px\" z_index_tablet=\"500\" custom_css_main_element=\"float: left;\" \/][\/et_pb_column][\/et_pb_row][\/et_pb_section]<\/p>","_et_gb_content_width":"","_exactmetrics_skip_tracking":false,"_exactmetrics_sitenote_active":false,"_exactmetrics_sitenote_note":"","_exactmetrics_sitenote_category":0,"footnotes":""},"class_list":["post-4162","page","type-page","status-publish","hentry"],"yoast_head":"<!-- This site is optimized with the Yoast SEO plugin v23.2 - https:\/\/yoast.com\/wordpress\/plugins\/seo\/ -->\n<title>Nous sommes un projet social | Bilbao Hostel<\/title>\n<meta name=\"robots\" content=\"index, follow, max-snippet:-1, max-image-preview:large, max-video-preview:-1\" \/>\n<link rel=\"canonical\" href=\"https:\/\/bilbaohostel.net\/fr\/nous-sommes-un-projet-social\/\" \/>\n<meta property=\"og:locale\" content=\"fr_FR\" \/>\n<meta property=\"og:type\" content=\"article\" \/>\n<meta property=\"og:title\" content=\"Nous sommes un projet social | Bilbao Hostel\" \/>\n<meta property=\"og:description\" content=\"Nous sommes un projet social Bilbao Hostel est g\u00e9r\u00e9 par Suspergintza \u00e0 travers l&#039;entreprise d&#039;insertion sociale et professionnelle Suspertu SL, promue par EDE Fundazioa et Suspergintza. Nous favorisons aupr\u00e8s des personnes que nous embauchons des activit\u00e9s de formation de base, de qualification \u00e0 l&#039;emploi et d&#039;orientation pour favoriser leur acc\u00e8s \u00e0 l&#039;emploi. Nous cherchons \u00e0 [&hellip;]\" \/>\n<meta property=\"og:url\" content=\"https:\/\/bilbaohostel.net\/fr\/nous-sommes-un-projet-social\/\" \/>\n<meta property=\"og:site_name\" content=\"Bilbao Hostel\" \/>\n<meta property=\"article:publisher\" content=\"https:\/\/www.facebook.com\/BilbaoHostel\" \/>\n<meta property=\"article:modified_time\" content=\"2025-01-14T11:47:21+00:00\" \/>\n<meta property=\"og:image\" content=\"https:\/\/bilbaohostel.net\/wp-content\/uploads\/bilbao-hostel-general.jpg\" \/>\n\t<meta property=\"og:image:width\" content=\"600\" \/>\n\t<meta property=\"og:image:height\" content=\"338\" \/>\n\t<meta property=\"og:image:type\" content=\"image\/jpeg\" \/>\n<meta name=\"twitter:card\" content=\"summary_large_image\" \/>\n<meta name=\"twitter:site\" content=\"@BILBAOHOSTEL\" \/>\n<meta name=\"twitter:label1\" content=\"Dur\u00e9e de lecture estim\u00e9e\" \/>\n\t<meta name=\"twitter:data1\" content=\"1 minute\" \/>\n<script type=\"application\/ld+json\" class=\"yoast-schema-graph\">{\"@context\":\"https:\/\/schema.org\",\"@graph\":[{\"@type\":\"WebPage\",\"@id\":\"https:\/\/bilbaohostel.net\/fr\/nous-sommes-un-projet-social\/\",\"url\":\"https:\/\/bilbaohostel.net\/fr\/nous-sommes-un-projet-social\/\",\"name\":\"Nous sommes un projet social | Bilbao Hostel\",\"isPartOf\":{\"@id\":\"https:\/\/bilbaohostel.net\/#website\"},\"datePublished\":\"2020-07-09T08:22:45+00:00\",\"dateModified\":\"2025-01-14T11:47:21+00:00\",\"breadcrumb\":{\"@id\":\"https:\/\/bilbaohostel.net\/fr\/nous-sommes-un-projet-social\/#breadcrumb\"},\"inLanguage\":\"fr-FR\",\"potentialAction\":[{\"@type\":\"ReadAction\",\"target\":[\"https:\/\/bilbaohostel.net\/fr\/nous-sommes-un-projet-social\/\"]}]},{\"@type\":\"BreadcrumbList\",\"@id\":\"https:\/\/bilbaohostel.net\/fr\/nous-sommes-un-projet-social\/#breadcrumb\",\"itemListElement\":[{\"@type\":\"ListItem\",\"position\":1,\"name\":\"Portada\",\"item\":\"https:\/\/bilbaohostel.net\/fr\/\"},{\"@type\":\"ListItem\",\"position\":2,\"name\":\"Nous sommes un projet social\"}]},{\"@type\":\"WebSite\",\"@id\":\"https:\/\/bilbaohostel.net\/#website\",\"url\":\"https:\/\/bilbaohostel.net\/\",\"name\":\"Bilbao Hostel\",\"description\":\"Auberge de Jeunesse \u00e0 Bilbao\",\"publisher\":{\"@id\":\"https:\/\/bilbaohostel.net\/#organization\"},\"potentialAction\":[{\"@type\":\"SearchAction\",\"target\":{\"@type\":\"EntryPoint\",\"urlTemplate\":\"https:\/\/bilbaohostel.net\/?s={search_term_string}\"},\"query-input\":\"required name=search_term_string\"}],\"inLanguage\":\"fr-FR\"},{\"@type\":\"Organization\",\"@id\":\"https:\/\/bilbaohostel.net\/#organization\",\"name\":\"Bilbao Hostel\",\"url\":\"https:\/\/bilbaohostel.net\/\",\"logo\":{\"@type\":\"ImageObject\",\"inLanguage\":\"fr-FR\",\"@id\":\"https:\/\/bilbaohostel.net\/#\/schema\/logo\/image\/\",\"url\":\"https:\/\/bilbaohostel.net\/wp-content\/uploads\/Bilbao-Hostel-icon.png\",\"contentUrl\":\"https:\/\/bilbaohostel.net\/wp-content\/uploads\/Bilbao-Hostel-icon.png\",\"width\":512,\"height\":512,\"caption\":\"Bilbao Hostel\"},\"image\":{\"@id\":\"https:\/\/bilbaohostel.net\/#\/schema\/logo\/image\/\"},\"sameAs\":[\"https:\/\/www.facebook.com\/BilbaoHostel\",\"https:\/\/x.com\/BILBAOHOSTEL\",\"https:\/\/www.instagram.com\/bilbaohostel\/\",\"https:\/\/www.youtube.com\/channel\/UCK1NrHb2a_ktm6cBDwcANaA\"]}]}<\/script>\n<!-- \/ Yoast SEO plugin. -->","yoast_head_json":{"title":"Nous sommes un projet social | Bilbao Hostel","robots":{"index":"index","follow":"follow","max-snippet":"max-snippet:-1","max-image-preview":"max-image-preview:large","max-video-preview":"max-video-preview:-1"},"canonical":"https:\/\/bilbaohostel.net\/fr\/nous-sommes-un-projet-social\/","og_locale":"fr_FR","og_type":"article","og_title":"Nous sommes un projet social | Bilbao Hostel","og_description":"Nous sommes un projet social Bilbao Hostel est g\u00e9r\u00e9 par Suspergintza \u00e0 travers l'entreprise d'insertion sociale et professionnelle Suspertu SL, promue par EDE Fundazioa et Suspergintza. Nous favorisons aupr\u00e8s des personnes que nous embauchons des activit\u00e9s de formation de base, de qualification \u00e0 l'emploi et d'orientation pour favoriser leur acc\u00e8s \u00e0 l'emploi. Nous cherchons \u00e0 [&hellip;]","og_url":"https:\/\/bilbaohostel.net\/fr\/nous-sommes-un-projet-social\/","og_site_name":"Bilbao Hostel","article_publisher":"https:\/\/www.facebook.com\/BilbaoHostel","article_modified_time":"2025-01-14T11:47:21+00:00","og_image":[{"width":600,"height":338,"url":"https:\/\/bilbaohostel.net\/wp-content\/uploads\/bilbao-hostel-general.jpg","type":"image\/jpeg"}],"twitter_card":"summary_large_image","twitter_site":"@BILBAOHOSTEL","twitter_misc":{"Dur\u00e9e de lecture estim\u00e9e":"1 minute"},"schema":{"@context":"https:\/\/schema.org","@graph":[{"@type":"WebPage","@id":"https:\/\/bilbaohostel.net\/fr\/nous-sommes-un-projet-social\/","url":"https:\/\/bilbaohostel.net\/fr\/nous-sommes-un-projet-social\/","name":"Nous sommes un projet social | Bilbao Hostel","isPartOf":{"@id":"https:\/\/bilbaohostel.net\/#website"},"datePublished":"2020-07-09T08:22:45+00:00","dateModified":"2025-01-14T11:47:21+00:00","breadcrumb":{"@id":"https:\/\/bilbaohostel.net\/fr\/nous-sommes-un-projet-social\/#breadcrumb"},"inLanguage":"fr-FR","potentialAction":[{"@type":"ReadAction","target":["https:\/\/bilbaohostel.net\/fr\/nous-sommes-un-projet-social\/"]}]},{"@type":"BreadcrumbList","@id":"https:\/\/bilbaohostel.net\/fr\/nous-sommes-un-projet-social\/#breadcrumb","itemListElement":[{"@type":"ListItem","position":1,"name":"Portada","item":"https:\/\/bilbaohostel.net\/fr\/"},{"@type":"ListItem","position":2,"name":"Nous sommes un projet social"}]},{"@type":"WebSite","@id":"https:\/\/bilbaohostel.net\/#website","url":"https:\/\/bilbaohostel.net\/","name":"Bilbao Hostel","description":"Auberge de Jeunesse \u00e0 Bilbao","publisher":{"@id":"https:\/\/bilbaohostel.net\/#organization"},"potentialAction":[{"@type":"SearchAction","target":{"@type":"EntryPoint","urlTemplate":"https:\/\/bilbaohostel.net\/?s={search_term_string}"},"query-input":"required name=search_term_string"}],"inLanguage":"fr-FR"},{"@type":"Organization","@id":"https:\/\/bilbaohostel.net\/#organization","name":"Bilbao Hostel","url":"https:\/\/bilbaohostel.net\/","logo":{"@type":"ImageObject","inLanguage":"fr-FR","@id":"https:\/\/bilbaohostel.net\/#\/schema\/logo\/image\/","url":"https:\/\/bilbaohostel.net\/wp-content\/uploads\/Bilbao-Hostel-icon.png","contentUrl":"https:\/\/bilbaohostel.net\/wp-content\/uploads\/Bilbao-Hostel-icon.png","width":512,"height":512,"caption":"Bilbao Hostel"},"image":{"@id":"https:\/\/bilbaohostel.net\/#\/schema\/logo\/image\/"},"sameAs":["https:\/\/www.facebook.com\/BilbaoHostel","https:\/\/x.com\/BILBAOHOSTEL","https:\/\/www.instagram.com\/bilbaohostel\/","https:\/\/www.youtube.com\/channel\/UCK1NrHb2a_ktm6cBDwcANaA"]}]}},"_links":{"self":[{"href":"https:\/\/bilbaohostel.net\/fr\/wp-json\/wp\/v2\/pages\/4162"}],"collection":[{"href":"https:\/\/bilbaohostel.net\/fr\/wp-json\/wp\/v2\/pages"}],"about":[{"href":"https:\/\/bilbaohostel.net\/fr\/wp-json\/wp\/v2\/types\/page"}],"author":[{"embeddable":true,"href":"https:\/\/bilbaohostel.net\/fr\/wp-json\/wp\/v2\/users\/5"}],"replies":[{"embeddable":true,"href":"https:\/\/bilbaohostel.net\/fr\/wp-json\/wp\/v2\/comments?post=4162"}],"version-history":[{"count":0,"href":"https:\/\/bilbaohostel.net\/fr\/wp-json\/wp\/v2\/pages\/4162\/revisions"}],"wp:attachment":[{"href":"https:\/\/bilbaohostel.net\/fr\/wp-json\/wp\/v2\/media?parent=4162"}],"curies":[{"name":"wp","href":"https:\/\/api.w.org\/{rel}","templated":true}]}}