{"id":4959,"date":"2021-06-08T10:53:18","date_gmt":"2021-06-08T08:53:18","guid":{"rendered":"https:\/\/bilbaohostel.net\/coliving\/"},"modified":"2025-01-14T11:05:06","modified_gmt":"2025-01-14T10:05:06","slug":"coliving","status":"publish","type":"page","link":"https:\/\/bilbaohostel.net\/fr\/coliving\/","title":{"rendered":"Coliving"},"content":{"rendered":"<p>[et_pb_section fb_built=&#8221;1&#8243; _builder_version=&#8221;4.27.0&#8243; use_background_color_gradient=&#8221;on&#8221; background_color_gradient_stops=&#8221;rgba(0,0,0,0.4) 0%|rgba(0,0,0,0.3) 100%&#8221; background_color_gradient_overlays_image=&#8221;on&#8221; background_color_gradient_start=&#8221;rgba(0,0,0,0.4)&#8221; background_color_gradient_end=&#8221;rgba(0,0,0,0.3)&#8221; background_image=&#8221;https:\/\/bilbaohostel.net\/wp-content\/uploads\/1_coliving.jpg&#8221; locked=&#8221;off&#8221; global_colors_info=&#8221;{}&#8221;][et_pb_row _builder_version=&#8221;4.16&#8243; global_colors_info=&#8221;{}&#8221;][et_pb_column type=&#8221;4_4&#8243; _builder_version=&#8221;4.16&#8243; custom_padding=&#8221;|||&#8221; global_colors_info=&#8221;{}&#8221; custom_padding__hover=&#8221;|||&#8221;][et_pb_text admin_label=&#8221;Titulo&#8221; _builder_version=&#8221;4.27.0&#8243; text_font_size=&#8221;20px&#8221; header_font=&#8221;|800||on|||||&#8221; header_text_align=&#8221;center&#8221; header_font_size=&#8221;36px&#8221; text_orientation=&#8221;center&#8221; background_layout=&#8221;dark&#8221; header_font_size_tablet=&#8221;33px&#8221; header_font_size_phone=&#8221;30px&#8221; header_font_size_last_edited=&#8221;on|tablet&#8221; header_text_shadow_style=&#8221;preset1&#8243; global_colors_info=&#8221;{}&#8221;]<\/p>\n<h1>Coliving<\/h1>\n<p>Alojamiento que combina vivienda temporal y espacio de trabajo compartido<\/p>\n<p>[\/et_pb_text][\/et_pb_column][\/et_pb_row][\/et_pb_section][et_pb_section fb_built=&#8221;1&#8243; admin_label=&#8221;section&#8221; _builder_version=&#8221;4.16&#8243; width=&#8221;100%&#8221; custom_padding=&#8221;|0px||||&#8221; global_colors_info=&#8221;{}&#8221;][et_pb_row _builder_version=&#8221;4.16&#8243; _module_preset=&#8221;default&#8221; global_colors_info=&#8221;{}&#8221;][et_pb_column type=&#8221;4_4&#8243; _builder_version=&#8221;4.16&#8243; _module_preset=&#8221;default&#8221; global_colors_info=&#8221;{}&#8221;][et_pb_text _builder_version=&#8221;4.27.0&#8243; _module_preset=&#8221;default&#8221; custom_padding=&#8221;||||false|false&#8221; hover_enabled=&#8221;0&#8243; global_colors_info=&#8221;{}&#8221; sticky_enabled=&#8221;0&#8243;]<\/p>\n<p>Le <strong>Bilbao Hostel Coliving<\/strong> est une option d&#8217;h\u00e9bergement qui combine logement temporaire et espace de travail partag\u00e9. Nous avons cr\u00e9\u00e9 un espace dans lequel des personnes comme vous, venant de divers domaines (universit\u00e9, recherche, entrepreneuriat, jeunes professionnels arrivant \u00e0 Bilbao pour une p\u00e9riode temporaire&#8230;) trouvent un foyer stimulant et chaleureux pour partager des exp\u00e9riences et des exp\u00e9riences professionnelles. lors de votre s\u00e9jour \u00e0 Bilbao.<\/p>\n<p>[\/et_pb_text][et_pb_button button_text=&#8221;T\u00e9l\u00e9charger le dossier&#8221; _builder_version=&#8221;4.27.0&#8243; _module_preset=&#8221;default&#8221; global_colors_info=&#8221;{}&#8221;][\/et_pb_button][\/et_pb_column][\/et_pb_row][et_pb_row _builder_version=&#8221;4.16&#8243; _module_preset=&#8221;default&#8221; global_colors_info=&#8221;{}&#8221;][et_pb_column type=&#8221;4_4&#8243; _builder_version=&#8221;4.16&#8243; _module_preset=&#8221;default&#8221; global_colors_info=&#8221;{}&#8221;][et_pb_text _builder_version=&#8221;4.27.0&#8243; _module_preset=&#8221;default&#8221; custom_padding=&#8221;24px||7px|||&#8221; global_colors_info=&#8221;{}&#8221;]<\/p>\n<h2 style=\"text-align: left;\"><strong>Une balade dans notre Coliving:<\/strong><\/h2>\n<p>[\/et_pb_text][\/et_pb_column][\/et_pb_row][et_pb_row _builder_version=&#8221;4.16&#8243; _module_preset=&#8221;default&#8221; min_height=&#8221;232.2px&#8221; global_colors_info=&#8221;{}&#8221;][et_pb_column type=&#8221;4_4&#8243; _builder_version=&#8221;4.16&#8243; _module_preset=&#8221;default&#8221; global_colors_info=&#8221;{}&#8221;][et_pb_gallery gallery_ids=&#8221;4978,4982,4990,5002,5006,4998,4994,4986,5010,5014,5018,5026&#8243; posts_number=&#8221;12&#8243; show_title_and_caption=&#8221;off&#8221; show_pagination=&#8221;off&#8221; admin_label=&#8221;Un paseo por nuestro Coliving&#8221; _builder_version=&#8221;4.27.0&#8243; _module_preset=&#8221;default&#8221; max_height=&#8221;300px&#8221; custom_margin=&#8221;||||false|false&#8221; custom_padding=&#8221;||||false|false&#8221; global_colors_info=&#8221;{}&#8221;][\/et_pb_gallery][\/et_pb_column][\/et_pb_row][\/et_pb_section]<\/p>\n","protected":false},"excerpt":{"rendered":"<p>El Bilbao Hostel Coliving es una opci\u00f3n de alojamiento que combina vivienda temporal y espacio de trabajo compartido. Hemos creado un espacio en el que personas como t\u00fa, procedentes de \u00e1mbitos diversos (universidad, investigaci\u00f3n, emprendimiento, j\u00f3venes profesionales que lleg\u00e1is a Bilbao por un per\u00edodo temporal\u2026) encuentren un hogar estimulante y c\u00e1lido en el que compartir vivencias y experiencias profesionales en tu estancia en Bilbao.<\/p>\n","protected":false},"author":5,"featured_media":4985,"parent":0,"menu_order":0,"comment_status":"closed","ping_status":"closed","template":"","meta":{"_et_pb_use_builder":"on","_et_pb_old_content":"","_et_gb_content_width":"","_exactmetrics_skip_tracking":false,"_exactmetrics_sitenote_active":false,"_exactmetrics_sitenote_note":"","_exactmetrics_sitenote_category":0,"footnotes":""},"class_list":["post-4959","page","type-page","status-publish","has-post-thumbnail","hentry"],"yoast_head":"<!-- This site is optimized with the Yoast SEO plugin v23.2 - https:\/\/yoast.com\/wordpress\/plugins\/seo\/ -->\n<title>Coliving | Bilbao Hostel<\/title>\n<meta name=\"description\" content=\"El coliving es una opci\u00f3n de alojamiento que combina vivienda temporal y espacio de trabajo compartido. Hemos creado un espacio en el que personas como t\u00fa, procedentes de \u00e1mbitos diversos (universidad, investigaci\u00f3n, emprendimiento, j\u00f3venes profesionales que lleg\u00e1is a Bilbao por un per\u00edodo temporal\u2026) encuentren un hogar estimulante y c\u00e1lido en el que compartir vivencias y experiencias profesionales en tu estancia en Bilbao.\" \/>\n<meta name=\"robots\" content=\"index, follow, max-snippet:-1, max-image-preview:large, max-video-preview:-1\" \/>\n<link rel=\"canonical\" href=\"https:\/\/bilbaohostel.net\/fr\/coliving\/\" \/>\n<meta property=\"og:locale\" content=\"fr_FR\" \/>\n<meta property=\"og:type\" content=\"article\" \/>\n<meta property=\"og:title\" content=\"Coliving | Bilbao Hostel\" \/>\n<meta property=\"og:description\" content=\"El coliving es una opci\u00f3n de alojamiento que combina vivienda temporal y espacio de trabajo compartido. Hemos creado un espacio en el que personas como t\u00fa, procedentes de \u00e1mbitos diversos (universidad, investigaci\u00f3n, emprendimiento, j\u00f3venes profesionales que lleg\u00e1is a Bilbao por un per\u00edodo temporal\u2026) encuentren un hogar estimulante y c\u00e1lido en el que compartir vivencias y experiencias profesionales en tu estancia en Bilbao.\" \/>\n<meta property=\"og:url\" content=\"https:\/\/bilbaohostel.net\/fr\/coliving\/\" \/>\n<meta property=\"og:site_name\" content=\"Bilbao Hostel\" \/>\n<meta property=\"article:publisher\" content=\"https:\/\/www.facebook.com\/BilbaoHostel\" \/>\n<meta property=\"article:modified_time\" content=\"2025-01-14T10:05:06+00:00\" \/>\n<meta property=\"og:image\" content=\"https:\/\/bilbaohostel.net\/wp-content\/uploads\/1_espacioscomunes.jpg\" \/>\n\t<meta property=\"og:image:width\" content=\"1000\" \/>\n\t<meta property=\"og:image:height\" content=\"667\" \/>\n\t<meta property=\"og:image:type\" content=\"image\/jpeg\" \/>\n<meta name=\"twitter:card\" content=\"summary_large_image\" \/>\n<meta name=\"twitter:site\" content=\"@BILBAOHOSTEL\" \/>\n<meta name=\"twitter:label1\" content=\"Dur\u00e9e de lecture estim\u00e9e\" \/>\n\t<meta name=\"twitter:data1\" content=\"3 minutes\" \/>\n<script type=\"application\/ld+json\" class=\"yoast-schema-graph\">{\"@context\":\"https:\/\/schema.org\",\"@graph\":[{\"@type\":\"WebPage\",\"@id\":\"https:\/\/bilbaohostel.net\/fr\/coliving\/\",\"url\":\"https:\/\/bilbaohostel.net\/fr\/coliving\/\",\"name\":\"Coliving | Bilbao Hostel\",\"isPartOf\":{\"@id\":\"https:\/\/bilbaohostel.net\/#website\"},\"primaryImageOfPage\":{\"@id\":\"https:\/\/bilbaohostel.net\/fr\/coliving\/#primaryimage\"},\"image\":{\"@id\":\"https:\/\/bilbaohostel.net\/fr\/coliving\/#primaryimage\"},\"thumbnailUrl\":\"https:\/\/bilbaohostel.net\/wp-content\/uploads\/1_espacioscomunes.jpg\",\"datePublished\":\"2021-06-08T08:53:18+00:00\",\"dateModified\":\"2025-01-14T10:05:06+00:00\",\"description\":\"El coliving es una opci\u00f3n de alojamiento que combina vivienda temporal y espacio de trabajo compartido. Hemos creado un espacio en el que personas como t\u00fa, procedentes de \u00e1mbitos diversos (universidad, investigaci\u00f3n, emprendimiento, j\u00f3venes profesionales que lleg\u00e1is a Bilbao por un per\u00edodo temporal\u2026) encuentren un hogar estimulante y c\u00e1lido en el que compartir vivencias y experiencias profesionales en tu estancia en Bilbao.\",\"breadcrumb\":{\"@id\":\"https:\/\/bilbaohostel.net\/fr\/coliving\/#breadcrumb\"},\"inLanguage\":\"fr-FR\",\"potentialAction\":[{\"@type\":\"ReadAction\",\"target\":[\"https:\/\/bilbaohostel.net\/fr\/coliving\/\"]}]},{\"@type\":\"ImageObject\",\"inLanguage\":\"fr-FR\",\"@id\":\"https:\/\/bilbaohostel.net\/fr\/coliving\/#primaryimage\",\"url\":\"https:\/\/bilbaohostel.net\/wp-content\/uploads\/1_espacioscomunes.jpg\",\"contentUrl\":\"https:\/\/bilbaohostel.net\/wp-content\/uploads\/1_espacioscomunes.jpg\",\"width\":1000,\"height\":667},{\"@type\":\"BreadcrumbList\",\"@id\":\"https:\/\/bilbaohostel.net\/fr\/coliving\/#breadcrumb\",\"itemListElement\":[{\"@type\":\"ListItem\",\"position\":1,\"name\":\"Portada\",\"item\":\"https:\/\/bilbaohostel.net\/fr\/\"},{\"@type\":\"ListItem\",\"position\":2,\"name\":\"Coliving\"}]},{\"@type\":\"WebSite\",\"@id\":\"https:\/\/bilbaohostel.net\/#website\",\"url\":\"https:\/\/bilbaohostel.net\/\",\"name\":\"Bilbao Hostel\",\"description\":\"Auberge de Jeunesse \u00e0 Bilbao\",\"publisher\":{\"@id\":\"https:\/\/bilbaohostel.net\/#organization\"},\"potentialAction\":[{\"@type\":\"SearchAction\",\"target\":{\"@type\":\"EntryPoint\",\"urlTemplate\":\"https:\/\/bilbaohostel.net\/?s={search_term_string}\"},\"query-input\":\"required name=search_term_string\"}],\"inLanguage\":\"fr-FR\"},{\"@type\":\"Organization\",\"@id\":\"https:\/\/bilbaohostel.net\/#organization\",\"name\":\"Bilbao Hostel\",\"url\":\"https:\/\/bilbaohostel.net\/\",\"logo\":{\"@type\":\"ImageObject\",\"inLanguage\":\"fr-FR\",\"@id\":\"https:\/\/bilbaohostel.net\/#\/schema\/logo\/image\/\",\"url\":\"https:\/\/bilbaohostel.net\/wp-content\/uploads\/Bilbao-Hostel-icon.png\",\"contentUrl\":\"https:\/\/bilbaohostel.net\/wp-content\/uploads\/Bilbao-Hostel-icon.png\",\"width\":512,\"height\":512,\"caption\":\"Bilbao Hostel\"},\"image\":{\"@id\":\"https:\/\/bilbaohostel.net\/#\/schema\/logo\/image\/\"},\"sameAs\":[\"https:\/\/www.facebook.com\/BilbaoHostel\",\"https:\/\/x.com\/BILBAOHOSTEL\",\"https:\/\/www.instagram.com\/bilbaohostel\/\",\"https:\/\/www.youtube.com\/channel\/UCK1NrHb2a_ktm6cBDwcANaA\"]}]}<\/script>\n<!-- \/ Yoast SEO plugin. -->","yoast_head_json":{"title":"Coliving | Bilbao Hostel","description":"El coliving es una opci\u00f3n de alojamiento que combina vivienda temporal y espacio de trabajo compartido. Hemos creado un espacio en el que personas como t\u00fa, procedentes de \u00e1mbitos diversos (universidad, investigaci\u00f3n, emprendimiento, j\u00f3venes profesionales que lleg\u00e1is a Bilbao por un per\u00edodo temporal\u2026) encuentren un hogar estimulante y c\u00e1lido en el que compartir vivencias y experiencias profesionales en tu estancia en Bilbao.","robots":{"index":"index","follow":"follow","max-snippet":"max-snippet:-1","max-image-preview":"max-image-preview:large","max-video-preview":"max-video-preview:-1"},"canonical":"https:\/\/bilbaohostel.net\/fr\/coliving\/","og_locale":"fr_FR","og_type":"article","og_title":"Coliving | Bilbao Hostel","og_description":"El coliving es una opci\u00f3n de alojamiento que combina vivienda temporal y espacio de trabajo compartido. Hemos creado un espacio en el que personas como t\u00fa, procedentes de \u00e1mbitos diversos (universidad, investigaci\u00f3n, emprendimiento, j\u00f3venes profesionales que lleg\u00e1is a Bilbao por un per\u00edodo temporal\u2026) encuentren un hogar estimulante y c\u00e1lido en el que compartir vivencias y experiencias profesionales en tu estancia en Bilbao.","og_url":"https:\/\/bilbaohostel.net\/fr\/coliving\/","og_site_name":"Bilbao Hostel","article_publisher":"https:\/\/www.facebook.com\/BilbaoHostel","article_modified_time":"2025-01-14T10:05:06+00:00","og_image":[{"width":1000,"height":667,"url":"https:\/\/bilbaohostel.net\/wp-content\/uploads\/1_espacioscomunes.jpg","type":"image\/jpeg"}],"twitter_card":"summary_large_image","twitter_site":"@BILBAOHOSTEL","twitter_misc":{"Dur\u00e9e de lecture estim\u00e9e":"3 minutes"},"schema":{"@context":"https:\/\/schema.org","@graph":[{"@type":"WebPage","@id":"https:\/\/bilbaohostel.net\/fr\/coliving\/","url":"https:\/\/bilbaohostel.net\/fr\/coliving\/","name":"Coliving | Bilbao Hostel","isPartOf":{"@id":"https:\/\/bilbaohostel.net\/#website"},"primaryImageOfPage":{"@id":"https:\/\/bilbaohostel.net\/fr\/coliving\/#primaryimage"},"image":{"@id":"https:\/\/bilbaohostel.net\/fr\/coliving\/#primaryimage"},"thumbnailUrl":"https:\/\/bilbaohostel.net\/wp-content\/uploads\/1_espacioscomunes.jpg","datePublished":"2021-06-08T08:53:18+00:00","dateModified":"2025-01-14T10:05:06+00:00","description":"El coliving es una opci\u00f3n de alojamiento que combina vivienda temporal y espacio de trabajo compartido. Hemos creado un espacio en el que personas como t\u00fa, procedentes de \u00e1mbitos diversos (universidad, investigaci\u00f3n, emprendimiento, j\u00f3venes profesionales que lleg\u00e1is a Bilbao por un per\u00edodo temporal\u2026) encuentren un hogar estimulante y c\u00e1lido en el que compartir vivencias y experiencias profesionales en tu estancia en Bilbao.","breadcrumb":{"@id":"https:\/\/bilbaohostel.net\/fr\/coliving\/#breadcrumb"},"inLanguage":"fr-FR","potentialAction":[{"@type":"ReadAction","target":["https:\/\/bilbaohostel.net\/fr\/coliving\/"]}]},{"@type":"ImageObject","inLanguage":"fr-FR","@id":"https:\/\/bilbaohostel.net\/fr\/coliving\/#primaryimage","url":"https:\/\/bilbaohostel.net\/wp-content\/uploads\/1_espacioscomunes.jpg","contentUrl":"https:\/\/bilbaohostel.net\/wp-content\/uploads\/1_espacioscomunes.jpg","width":1000,"height":667},{"@type":"BreadcrumbList","@id":"https:\/\/bilbaohostel.net\/fr\/coliving\/#breadcrumb","itemListElement":[{"@type":"ListItem","position":1,"name":"Portada","item":"https:\/\/bilbaohostel.net\/fr\/"},{"@type":"ListItem","position":2,"name":"Coliving"}]},{"@type":"WebSite","@id":"https:\/\/bilbaohostel.net\/#website","url":"https:\/\/bilbaohostel.net\/","name":"Bilbao Hostel","description":"Auberge de Jeunesse \u00e0 Bilbao","publisher":{"@id":"https:\/\/bilbaohostel.net\/#organization"},"potentialAction":[{"@type":"SearchAction","target":{"@type":"EntryPoint","urlTemplate":"https:\/\/bilbaohostel.net\/?s={search_term_string}"},"query-input":"required name=search_term_string"}],"inLanguage":"fr-FR"},{"@type":"Organization","@id":"https:\/\/bilbaohostel.net\/#organization","name":"Bilbao Hostel","url":"https:\/\/bilbaohostel.net\/","logo":{"@type":"ImageObject","inLanguage":"fr-FR","@id":"https:\/\/bilbaohostel.net\/#\/schema\/logo\/image\/","url":"https:\/\/bilbaohostel.net\/wp-content\/uploads\/Bilbao-Hostel-icon.png","contentUrl":"https:\/\/bilbaohostel.net\/wp-content\/uploads\/Bilbao-Hostel-icon.png","width":512,"height":512,"caption":"Bilbao Hostel"},"image":{"@id":"https:\/\/bilbaohostel.net\/#\/schema\/logo\/image\/"},"sameAs":["https:\/\/www.facebook.com\/BilbaoHostel","https:\/\/x.com\/BILBAOHOSTEL","https:\/\/www.instagram.com\/bilbaohostel\/","https:\/\/www.youtube.com\/channel\/UCK1NrHb2a_ktm6cBDwcANaA"]}]}},"_links":{"self":[{"href":"https:\/\/bilbaohostel.net\/fr\/wp-json\/wp\/v2\/pages\/4959"}],"collection":[{"href":"https:\/\/bilbaohostel.net\/fr\/wp-json\/wp\/v2\/pages"}],"about":[{"href":"https:\/\/bilbaohostel.net\/fr\/wp-json\/wp\/v2\/types\/page"}],"author":[{"embeddable":true,"href":"https:\/\/bilbaohostel.net\/fr\/wp-json\/wp\/v2\/users\/5"}],"replies":[{"embeddable":true,"href":"https:\/\/bilbaohostel.net\/fr\/wp-json\/wp\/v2\/comments?post=4959"}],"version-history":[{"count":0,"href":"https:\/\/bilbaohostel.net\/fr\/wp-json\/wp\/v2\/pages\/4959\/revisions"}],"wp:featuredmedia":[{"embeddable":true,"href":"https:\/\/bilbaohostel.net\/fr\/wp-json\/wp\/v2\/media\/4985"}],"wp:attachment":[{"href":"https:\/\/bilbaohostel.net\/fr\/wp-json\/wp\/v2\/media?parent=4959"}],"curies":[{"name":"wp","href":"https:\/\/api.w.org\/{rel}","templated":true}]}}